{"id":10196,"date":"2022-09-21T17:31:37","date_gmt":"2022-09-21T14:31:37","guid":{"rendered":"https:\/\/grifk-handball.com\/naiset\/?page_id=10196"},"modified":"2022-10-11T12:43:19","modified_gmt":"2022-10-11T09:43:19","slug":"emma-wickstrom","status":"publish","type":"page","link":"https:\/\/grifk-handball.com\/naiset\/tilastot-2022-23\/joukkue-2022-23\/emma-wickstrom\/","title":{"rendered":"Emma Wickstr\u00f6m"},"content":{"rendered":"\n<style type=\"text\/css\" data-created_by=\"avia_inline_auto\" id=\"style-css-av-9dmnb1-278bc96489218fe14b862d306d74fd36\">\n.flex_column.av-9dmnb1-278bc96489218fe14b862d306d74fd36{\nborder-radius:0px 0px 0px 0px;\npadding:0px 0px 0px 0px;\n}\n<\/style>\n<div  class='flex_column av-9dmnb1-278bc96489218fe14b862d306d74fd36 av_one_half  avia-builder-el-0  el_before_av_one_half  avia-builder-el-first  first flex_column_div av-zero-column-padding  '     ><p>\n<style type=\"text\/css\" data-created_by=\"avia_inline_auto\" id=\"style-css-av-jpidxcay-efa269f9013a2647a94433352798abdb\">\n#top .av-special-heading.av-jpidxcay-efa269f9013a2647a94433352798abdb{\npadding-bottom:0;\n}\nbody .av-special-heading.av-jpidxcay-efa269f9013a2647a94433352798abdb .av-special-heading-tag .heading-char{\nfont-size:25px;\n}\n.av-special-heading.av-jpidxcay-efa269f9013a2647a94433352798abdb .av-subheading{\nfont-size:15px;\n}\n<\/style>\n<div  class='av-special-heading av-jpidxcay-efa269f9013a2647a94433352798abdb av-special-heading-h2  avia-builder-el-1  el_before_av_heading  avia-builder-el-first  pelinumero'><h2 class='av-special-heading-tag '  itemprop=\"headline\"  >41<\/h2><div class=\"special-heading-border\"><div class=\"special-heading-inner-border\"><\/div><\/div><\/div><br \/>\n\n<style type=\"text\/css\" data-created_by=\"avia_inline_auto\" id=\"style-css-av-jpidxjwz-b661234fee05cfeaf44f9c1bc4734d29\">\n#top .av-special-heading.av-jpidxjwz-b661234fee05cfeaf44f9c1bc4734d29{\npadding-bottom:0;\n}\nbody .av-special-heading.av-jpidxjwz-b661234fee05cfeaf44f9c1bc4734d29 .av-special-heading-tag .heading-char{\nfont-size:25px;\n}\n.av-special-heading.av-jpidxjwz-b661234fee05cfeaf44f9c1bc4734d29 .av-subheading{\nfont-size:15px;\n}\n<\/style>\n<div  class='av-special-heading av-jpidxjwz-b661234fee05cfeaf44f9c1bc4734d29 av-special-heading-h1 meta-heading  avia-builder-el-2  el_after_av_heading  el_before_av_heading  pelaajan-nimi'><h1 class='av-special-heading-tag '  itemprop=\"headline\"  >Emma Wickstr\u00f6m<\/h1><div class=\"special-heading-border\"><div class=\"special-heading-inner-border\"><\/div><\/div><\/div><br \/>\n\n<style type=\"text\/css\" data-created_by=\"avia_inline_auto\" id=\"style-css-av-3xxoh9-b45d6d73294c2da7869f58507cf2a7b9\">\n#top .av-special-heading.av-3xxoh9-b45d6d73294c2da7869f58507cf2a7b9{\npadding-bottom:10px;\n}\nbody .av-special-heading.av-3xxoh9-b45d6d73294c2da7869f58507cf2a7b9 .av-special-heading-tag .heading-char{\nfont-size:25px;\n}\n.av-special-heading.av-3xxoh9-b45d6d73294c2da7869f58507cf2a7b9 .av-subheading{\nfont-size:15px;\n}\n<\/style>\n<div  class='av-special-heading av-3xxoh9-b45d6d73294c2da7869f58507cf2a7b9 av-special-heading-h3 blockquote modern-quote modern-centered  avia-builder-el-3  el_after_av_heading  el_before_av_animated_numbers '><h3 class='av-special-heading-tag '  itemprop=\"headline\"  >Pelipaikka:<\/h3><div class=\"special-heading-border\"><div class=\"special-heading-inner-border\"><\/div><\/div><\/div><br \/>\n<div  class=\"avia-animated-number av-jpi8c608-45a5364b8c264eb55fdf554fd221525d av-force-default-color avia_animate_when_visible  avia-builder-el-4  el_after_av_heading  el_before_av_heading  \" data-timer=\"3000\"><strong class=\"heading avia-animated-number-title\"><span class=\"avia-no-number\">V<\/span><span class=\"avia-single-number __av-single-number\" data-number_format=\"\" data-number=\"6\" data-start_from=\"0\">6<\/span><\/strong><div class=\"avia-animated-number-content\"><\/div><\/div><br \/>\n\n<style type=\"text\/css\" data-created_by=\"avia_inline_auto\" id=\"style-css-av-jpidyt5h-920730d9188adf184e771c96b17083bf\">\n#top .av-special-heading.av-jpidyt5h-920730d9188adf184e771c96b17083bf{\npadding-bottom:10px;\n}\nbody .av-special-heading.av-jpidyt5h-920730d9188adf184e771c96b17083bf .av-special-heading-tag .heading-char{\nfont-size:25px;\n}\n.av-special-heading.av-jpidyt5h-920730d9188adf184e771c96b17083bf .av-subheading{\nfont-size:15px;\n}\n<\/style>\n<div  class='av-special-heading av-jpidyt5h-920730d9188adf184e771c96b17083bf av-special-heading-h3 blockquote modern-quote modern-centered  avia-builder-el-5  el_after_av_animated_numbers  el_before_av_animated_numbers '><h3 class='av-special-heading-tag '  itemprop=\"headline\"  >Syntym\u00e4p\u00e4iv\u00e4:<\/h3><div class=\"special-heading-border\"><div class=\"special-heading-inner-border\"><\/div><\/div><\/div><br \/>\n<div  class=\"avia-animated-number av-jpi8c608-724b7b24e9f07df4dffe0a76b0c4a1e7 av-force-default-color avia_animate_when_visible  avia-builder-el-6  el_after_av_heading  el_before_av_heading  \" data-timer=\"3000\"><strong class=\"heading avia-animated-number-title\"><span class=\"avia-single-number __av-single-number\" data-number_format=\"\" data-number=\"10\" data-start_from=\"0\">10<\/span><span class=\"avia-no-number\">.<\/span><span class=\"avia-single-number __av-single-number\" data-number_format=\"\" data-number=\"5\" data-start_from=\"0\">5<\/span><span class=\"avia-no-number\">.<\/span><span class=\"avia-single-number __av-single-number\" data-number_format=\"\" data-number=\"1999\" data-start_from=\"0\">1999<\/span><\/strong><div class=\"avia-animated-number-content\"><\/div><\/div><br \/>\n\n<style type=\"text\/css\" data-created_by=\"avia_inline_auto\" id=\"style-css-av-2h9w0t-5b4db15b9677965e12e5163164451f8d\">\n#top .av-special-heading.av-2h9w0t-5b4db15b9677965e12e5163164451f8d{\npadding-bottom:10px;\n}\nbody .av-special-heading.av-2h9w0t-5b4db15b9677965e12e5163164451f8d .av-special-heading-tag .heading-char{\nfont-size:25px;\n}\n.av-special-heading.av-2h9w0t-5b4db15b9677965e12e5163164451f8d .av-subheading{\nfont-size:15px;\n}\n<\/style>\n<div  class='av-special-heading av-2h9w0t-5b4db15b9677965e12e5163164451f8d av-special-heading-h3 blockquote modern-quote modern-centered  avia-builder-el-7  el_after_av_animated_numbers  el_before_av_animated_numbers '><h3 class='av-special-heading-tag '  itemprop=\"headline\"  >Pituus:<\/h3><div class=\"special-heading-border\"><div class=\"special-heading-inner-border\"><\/div><\/div><\/div><br \/>\n<div  class=\"avia-animated-number av-jpi8c608-8b54d50b10f11e0d64bd5b1abeb027a7 av-force-default-color avia_animate_when_visible  avia-builder-el-8  el_after_av_heading  avia-builder-el-last  \" data-timer=\"3000\"><strong class=\"heading avia-animated-number-title\"><span class=\"avia-single-number __av-single-number\" data-number_format=\"\" data-number=\"168\" data-start_from=\"0\">168<\/span><span class=\"avia-no-number\"> cm<\/span><\/strong><div class=\"avia-animated-number-content\"><\/div><\/div><\/p><\/div>\n\n<style type=\"text\/css\" data-created_by=\"avia_inline_auto\" id=\"style-css-av-6ui965-8e5d5b144d2d65b7ce0b6d7a1cb0fd4b\">\n.flex_column.av-6ui965-8e5d5b144d2d65b7ce0b6d7a1cb0fd4b{\nborder-radius:0px 0px 0px 0px;\npadding:0px 0px 0px 0px;\n}\n<\/style>\n<div  class='flex_column av-6ui965-8e5d5b144d2d65b7ce0b6d7a1cb0fd4b av_one_half  avia-builder-el-9  el_after_av_one_half  el_before_av_one_half  flex_column_div av-zero-column-padding  '     ><style type=\"text\/css\" data-created_by=\"avia_inline_auto\" id=\"style-css-av-jpi8e20b-49731869e483a3298448ff47f6df8bcf\">\n.avia-image-container.av-jpi8e20b-49731869e483a3298448ff47f6df8bcf img.avia_image{\nbox-shadow:none;\n}\n.avia-image-container.av-jpi8e20b-49731869e483a3298448ff47f6df8bcf .av-image-caption-overlay-center{\ncolor:#ffffff;\n}\n<\/style>\n<div  class='avia-image-container av-jpi8e20b-49731869e483a3298448ff47f6df8bcf av-styling- av-img-linked avia-align-center  avia-builder-el-10  avia-builder-el-no-sibling '   itemprop=\"image\" itemscope=\"itemscope\" itemtype=\"https:\/\/schema.org\/ImageObject\" ><div class=\"avia-image-container-inner\"><div class=\"avia-image-overlay-wrap\"><a href=\"https:\/\/grifk-handball.com\/naiset\/wp-content\/uploads\/sites\/3\/2022\/10\/Damer_Wickstrom_Emma_00102-687x1030.jpg\" data-srcset=\"https:\/\/grifk-handball.com\/naiset\/wp-content\/uploads\/sites\/3\/2022\/10\/Damer_Wickstrom_Emma_00102-687x1030.jpg 687w, https:\/\/grifk-handball.com\/naiset\/wp-content\/uploads\/sites\/3\/2022\/10\/Damer_Wickstrom_Emma_00102-200x300.jpg 200w, https:\/\/grifk-handball.com\/naiset\/wp-content\/uploads\/sites\/3\/2022\/10\/Damer_Wickstrom_Emma_00102-768x1152.jpg 768w, https:\/\/grifk-handball.com\/naiset\/wp-content\/uploads\/sites\/3\/2022\/10\/Damer_Wickstrom_Emma_00102-1024x1536.jpg 1024w, https:\/\/grifk-handball.com\/naiset\/wp-content\/uploads\/sites\/3\/2022\/10\/Damer_Wickstrom_Emma_00102-1365x2048.jpg 1365w, https:\/\/grifk-handball.com\/naiset\/wp-content\/uploads\/sites\/3\/2022\/10\/Damer_Wickstrom_Emma_00102-1000x1500.jpg 1000w, https:\/\/grifk-handball.com\/naiset\/wp-content\/uploads\/sites\/3\/2022\/10\/Damer_Wickstrom_Emma_00102-470x705.jpg 470w, https:\/\/grifk-handball.com\/naiset\/wp-content\/uploads\/sites\/3\/2022\/10\/Damer_Wickstrom_Emma_00102-scaled.jpg 1707w\" data-sizes=\"(max-width: 687px) 100vw, 687px\" class='avia_image '  aria-label='Damer_Wickstrom_Emma_00102'><img decoding=\"async\" fetchpriority=\"high\" class='wp-image-10317 avia-img-lazy-loading-not-10317 avia_image ' src=\"https:\/\/grifk-handball.com\/naiset\/wp-content\/uploads\/sites\/3\/2022\/10\/Damer_Wickstrom_Emma_00102-scaled.jpg\" alt='' title='Damer_Wickstrom_Emma_00102'  height=\"2560\" width=\"1707\"  itemprop=\"thumbnailUrl\" srcset=\"https:\/\/grifk-handball.com\/naiset\/wp-content\/uploads\/sites\/3\/2022\/10\/Damer_Wickstrom_Emma_00102-scaled.jpg 1707w, https:\/\/grifk-handball.com\/naiset\/wp-content\/uploads\/sites\/3\/2022\/10\/Damer_Wickstrom_Emma_00102-200x300.jpg 200w, https:\/\/grifk-handball.com\/naiset\/wp-content\/uploads\/sites\/3\/2022\/10\/Damer_Wickstrom_Emma_00102-687x1030.jpg 687w, https:\/\/grifk-handball.com\/naiset\/wp-content\/uploads\/sites\/3\/2022\/10\/Damer_Wickstrom_Emma_00102-768x1152.jpg 768w, https:\/\/grifk-handball.com\/naiset\/wp-content\/uploads\/sites\/3\/2022\/10\/Damer_Wickstrom_Emma_00102-1024x1536.jpg 1024w, https:\/\/grifk-handball.com\/naiset\/wp-content\/uploads\/sites\/3\/2022\/10\/Damer_Wickstrom_Emma_00102-1365x2048.jpg 1365w, https:\/\/grifk-handball.com\/naiset\/wp-content\/uploads\/sites\/3\/2022\/10\/Damer_Wickstrom_Emma_00102-1000x1500.jpg 1000w, https:\/\/grifk-handball.com\/naiset\/wp-content\/uploads\/sites\/3\/2022\/10\/Damer_Wickstrom_Emma_00102-470x705.jpg 470w\" sizes=\"(max-width: 1707px) 100vw, 1707px\" \/><\/a><\/div><\/div><\/div><\/div>\n\n<style type=\"text\/css\" data-created_by=\"avia_inline_auto\" id=\"style-css-av-4kingd-3b68c1c3c3df6e1e3a5867b7e784ece8\">\n.flex_column.av-4kingd-3b68c1c3c3df6e1e3a5867b7e784ece8{\nborder-radius:0px 0px 0px 0px;\npadding:50px 30px 30px 30px;\n}\n<\/style>\n<div  class='flex_column av-4kingd-3b68c1c3c3df6e1e3a5867b7e784ece8 av_one_half  avia-builder-el-11  el_after_av_one_half  el_before_av_one_full  first flex_column_div  column-top-margin'     ><style type=\"text\/css\" data-created_by=\"avia_inline_auto\" id=\"style-css-av-jpietyga-d01b4d1089786d4290c5e401a4fe92a5\">\n#top .av-special-heading.av-jpietyga-d01b4d1089786d4290c5e401a4fe92a5{\npadding-bottom:10px;\n}\nbody .av-special-heading.av-jpietyga-d01b4d1089786d4290c5e401a4fe92a5 .av-special-heading-tag .heading-char{\nfont-size:25px;\n}\n.av-special-heading.av-jpietyga-d01b4d1089786d4290c5e401a4fe92a5 .av-subheading{\nfont-size:15px;\n}\n<\/style>\n<div  class='av-special-heading av-jpietyga-d01b4d1089786d4290c5e401a4fe92a5 av-special-heading-h3 blockquote modern-quote  avia-builder-el-12  avia-builder-el-no-sibling '><h3 class='av-special-heading-tag '  itemprop=\"headline\"  >Seurat:<\/h3><div class='av-subheading av-subheading_below'><p>HIFK<br \/>\nGrIFK<\/p>\n<\/div><div class=\"special-heading-border\"><div class=\"special-heading-inner-border\"><\/div><\/div><\/div><\/div>\n<div class='flex_column_table av-1ykg71-fdc8ebe3d09e65a65f34670da50c8ec1 sc-av_one_full av-equal-height-column-flextable'>\n<style type=\"text\/css\" data-created_by=\"avia_inline_auto\" id=\"style-css-av-1ykg71-fdc8ebe3d09e65a65f34670da50c8ec1\">\n.flex_column.av-1ykg71-fdc8ebe3d09e65a65f34670da50c8ec1{\nborder-radius:0px 0px 0px 0px;\npadding:30px 30px 30px 30px;\n}\n<\/style>\n<div  class='flex_column av-1ykg71-fdc8ebe3d09e65a65f34670da50c8ec1 av_one_full  avia-builder-el-13  el_after_av_one_half  avia-builder-el-last  first no_margin flex_column_table_cell av-equal-height-column av-align-top  column-top-margin'     ><p>\n<style type=\"text\/css\" data-created_by=\"avia_inline_auto\" id=\"style-css-av-3an7al-6a285cc4122229203512070b4f41d102\">\n#top .av-special-heading.av-3an7al-6a285cc4122229203512070b4f41d102{\npadding-bottom:10px;\n}\nbody .av-special-heading.av-3an7al-6a285cc4122229203512070b4f41d102 .av-special-heading-tag .heading-char{\nfont-size:25px;\n}\n.av-special-heading.av-3an7al-6a285cc4122229203512070b4f41d102 .av-subheading{\nfont-size:15px;\n}\n<\/style>\n<div  class='av-special-heading av-3an7al-6a285cc4122229203512070b4f41d102 av-special-heading-h3 blockquote modern-quote  avia-builder-el-14  el_before_av_textblock  avia-builder-el-first '><h3 class='av-special-heading-tag '  itemprop=\"headline\"  >Tilastot:<\/h3><div class=\"special-heading-border\"><div class=\"special-heading-inner-border\"><\/div><\/div><\/div><br \/>\n<section  class='av_textblock_section av-jpi8idqu-a2ad1ec7c82832ca3e54ba16b7eab356 '   itemscope=\"itemscope\" itemtype=\"https:\/\/schema.org\/CreativeWork\" ><div class='avia_textblock pelaajakortti-data'  itemprop=\"text\" ><p><a href=\"https:\/\/finnhandball.torneopal.fi\/taso\/widget.php?widget=player&#038;playerid=50706&#038;stats=1\">https:\/\/finnhandball.torneopal.fi\/taso\/widget.php?widget=player&#038;playerid=50706&#038;stats=1<\/a><\/p>\n<\/div><\/section><br \/>\n<section  class='av_textblock_section av-jpi8idqu-986f4cb636c919e3a17da3f13441999e '   itemscope=\"itemscope\" itemtype=\"https:\/\/schema.org\/CreativeWork\" ><div class='avia_textblock'  itemprop=\"text\" ><h5 style=\"text-align: right\"><a href=\"https:\/\/finnhandball.torneopal.fi\/taso\/pelaaja.php?pelaaja=50706\" target=\"blank\" rel=\"noopener\">Tarkemmat tilastot Tulospalvelussa &gt;<\/a><\/h5>\n<\/div><\/section><\/p><\/div><\/div><!--close column table wrapper. Autoclose: 1 -->\n","protected":false},"excerpt":{"rendered":"","protected":false},"author":6,"featured_media":10317,"parent":10123,"menu_order":41,"comment_status":"closed","ping_status":"closed","template":"","meta":{"_acf_changed":false,"jetpack_post_was_ever_published":false,"footnotes":""},"tags":[269],"class_list":["post-10196","page","type-page","status-publish","has-post-thumbnail","hentry","tag-pelaajat-2022-23"],"acf":[],"yoast_head":"<!-- This site is optimized with the Yoast SEO plugin v27.3 - https:\/\/yoast.com\/product\/yoast-seo-wordpress\/ -->\n<title>Emma Wickstr\u00f6m &#187; GrIFK K\u00e4sipallo Naiset<\/title>\n<meta name=\"robots\" content=\"index, follow, max-snippet:-1, max-image-preview:large, max-video-preview:-1\" \/>\n<link rel=\"canonical\" href=\"https:\/\/grifk-handball.com\/naiset\/tilastot-2022-23\/joukkue-2022-23\/emma-wickstrom\/\" \/>\n<meta property=\"og:locale\" content=\"fi_FI\" \/>\n<meta property=\"og:type\" content=\"article\" \/>\n<meta property=\"og:title\" content=\"Emma Wickstr\u00f6m &#187; GrIFK K\u00e4sipallo Naiset\" \/>\n<meta property=\"og:url\" content=\"https:\/\/grifk-handball.com\/naiset\/tilastot-2022-23\/joukkue-2022-23\/emma-wickstrom\/\" \/>\n<meta property=\"og:site_name\" content=\"GrIFK K\u00e4sipallo Naiset\" \/>\n<meta property=\"article:publisher\" content=\"https:\/\/www.facebook.com\/532444520237680\" \/>\n<meta property=\"article:modified_time\" content=\"2022-10-11T09:43:19+00:00\" \/>\n<meta property=\"og:image\" content=\"https:\/\/grifk-handball.com\/naiset\/wp-content\/uploads\/sites\/3\/2022\/10\/Damer_Wickstrom_Emma_00102-687x1030.jpg\" \/>\n\t<meta property=\"og:image:width\" content=\"687\" \/>\n\t<meta property=\"og:image:height\" content=\"1030\" \/>\n\t<meta property=\"og:image:type\" content=\"image\/jpeg\" \/>\n<meta name=\"twitter:card\" content=\"summary_large_image\" \/>\n<meta name=\"twitter:label1\" content=\"Arvioitu lukuaika\" \/>\n\t<meta name=\"twitter:data1\" content=\"4 minuuttia\" \/>\n<script type=\"application\/ld+json\" class=\"yoast-schema-graph\">{\"@context\":\"https:\\\/\\\/schema.org\",\"@graph\":[{\"@type\":\"WebPage\",\"@id\":\"https:\\\/\\\/grifk-handball.com\\\/naiset\\\/tilastot-2022-23\\\/joukkue-2022-23\\\/emma-wickstrom\\\/\",\"url\":\"https:\\\/\\\/grifk-handball.com\\\/naiset\\\/tilastot-2022-23\\\/joukkue-2022-23\\\/emma-wickstrom\\\/\",\"name\":\"Emma Wickstr\u00f6m &#187; GrIFK K\u00e4sipallo Naiset\",\"isPartOf\":{\"@id\":\"https:\\\/\\\/grifk-handball.com\\\/naiset\\\/#website\"},\"primaryImageOfPage\":{\"@id\":\"https:\\\/\\\/grifk-handball.com\\\/naiset\\\/tilastot-2022-23\\\/joukkue-2022-23\\\/emma-wickstrom\\\/#primaryimage\"},\"image\":{\"@id\":\"https:\\\/\\\/grifk-handball.com\\\/naiset\\\/tilastot-2022-23\\\/joukkue-2022-23\\\/emma-wickstrom\\\/#primaryimage\"},\"thumbnailUrl\":\"https:\\\/\\\/grifk-handball.com\\\/naiset\\\/wp-content\\\/uploads\\\/sites\\\/3\\\/2022\\\/10\\\/Damer_Wickstrom_Emma_00102-scaled.jpg\",\"datePublished\":\"2022-09-21T14:31:37+00:00\",\"dateModified\":\"2022-10-11T09:43:19+00:00\",\"breadcrumb\":{\"@id\":\"https:\\\/\\\/grifk-handball.com\\\/naiset\\\/tilastot-2022-23\\\/joukkue-2022-23\\\/emma-wickstrom\\\/#breadcrumb\"},\"inLanguage\":\"fi\",\"potentialAction\":[{\"@type\":\"ReadAction\",\"target\":[\"https:\\\/\\\/grifk-handball.com\\\/naiset\\\/tilastot-2022-23\\\/joukkue-2022-23\\\/emma-wickstrom\\\/\"]}]},{\"@type\":\"ImageObject\",\"inLanguage\":\"fi\",\"@id\":\"https:\\\/\\\/grifk-handball.com\\\/naiset\\\/tilastot-2022-23\\\/joukkue-2022-23\\\/emma-wickstrom\\\/#primaryimage\",\"url\":\"https:\\\/\\\/grifk-handball.com\\\/naiset\\\/wp-content\\\/uploads\\\/sites\\\/3\\\/2022\\\/10\\\/Damer_Wickstrom_Emma_00102-scaled.jpg\",\"contentUrl\":\"https:\\\/\\\/grifk-handball.com\\\/naiset\\\/wp-content\\\/uploads\\\/sites\\\/3\\\/2022\\\/10\\\/Damer_Wickstrom_Emma_00102-scaled.jpg\",\"width\":1707,\"height\":2560},{\"@type\":\"BreadcrumbList\",\"@id\":\"https:\\\/\\\/grifk-handball.com\\\/naiset\\\/tilastot-2022-23\\\/joukkue-2022-23\\\/emma-wickstrom\\\/#breadcrumb\",\"itemListElement\":[{\"@type\":\"ListItem\",\"position\":1,\"name\":\"Home\",\"item\":\"https:\\\/\\\/grifk-handball.com\\\/naiset\\\/etusivu-2\\\/\"},{\"@type\":\"ListItem\",\"position\":2,\"name\":\"Tilastot 2022-23\",\"item\":\"https:\\\/\\\/grifk-handball.com\\\/naiset\\\/tilastot-2022-23\\\/\"},{\"@type\":\"ListItem\",\"position\":3,\"name\":\"Joukkue 2022-23\",\"item\":\"https:\\\/\\\/grifk-handball.com\\\/naiset\\\/tilastot-2022-23\\\/joukkue-2022-23\\\/\"},{\"@type\":\"ListItem\",\"position\":4,\"name\":\"Emma Wickstr\u00f6m\"}]},{\"@type\":\"WebSite\",\"@id\":\"https:\\\/\\\/grifk-handball.com\\\/naiset\\\/#website\",\"url\":\"https:\\\/\\\/grifk-handball.com\\\/naiset\\\/\",\"name\":\"GrIFK K\u00e4sipallo Naiset\",\"description\":\"GrIFK K\u00e4sipallo Naiset\",\"potentialAction\":[{\"@type\":\"SearchAction\",\"target\":{\"@type\":\"EntryPoint\",\"urlTemplate\":\"https:\\\/\\\/grifk-handball.com\\\/naiset\\\/?s={search_term_string}\"},\"query-input\":{\"@type\":\"PropertyValueSpecification\",\"valueRequired\":true,\"valueName\":\"search_term_string\"}}],\"inLanguage\":\"fi\"}]}<\/script>\n<!-- \/ Yoast SEO plugin. -->","yoast_head_json":{"title":"Emma Wickstr\u00f6m &#187; GrIFK K\u00e4sipallo Naiset","robots":{"index":"index","follow":"follow","max-snippet":"max-snippet:-1","max-image-preview":"max-image-preview:large","max-video-preview":"max-video-preview:-1"},"canonical":"https:\/\/grifk-handball.com\/naiset\/tilastot-2022-23\/joukkue-2022-23\/emma-wickstrom\/","og_locale":"fi_FI","og_type":"article","og_title":"Emma Wickstr\u00f6m &#187; GrIFK K\u00e4sipallo Naiset","og_url":"https:\/\/grifk-handball.com\/naiset\/tilastot-2022-23\/joukkue-2022-23\/emma-wickstrom\/","og_site_name":"GrIFK K\u00e4sipallo Naiset","article_publisher":"https:\/\/www.facebook.com\/532444520237680","article_modified_time":"2022-10-11T09:43:19+00:00","og_image":[{"width":687,"height":1030,"url":"https:\/\/grifk-handball.com\/naiset\/wp-content\/uploads\/sites\/3\/2022\/10\/Damer_Wickstrom_Emma_00102-687x1030.jpg","type":"image\/jpeg"}],"twitter_card":"summary_large_image","twitter_misc":{"Arvioitu lukuaika":"4 minuuttia"},"schema":{"@context":"https:\/\/schema.org","@graph":[{"@type":"WebPage","@id":"https:\/\/grifk-handball.com\/naiset\/tilastot-2022-23\/joukkue-2022-23\/emma-wickstrom\/","url":"https:\/\/grifk-handball.com\/naiset\/tilastot-2022-23\/joukkue-2022-23\/emma-wickstrom\/","name":"Emma Wickstr\u00f6m &#187; GrIFK K\u00e4sipallo Naiset","isPartOf":{"@id":"https:\/\/grifk-handball.com\/naiset\/#website"},"primaryImageOfPage":{"@id":"https:\/\/grifk-handball.com\/naiset\/tilastot-2022-23\/joukkue-2022-23\/emma-wickstrom\/#primaryimage"},"image":{"@id":"https:\/\/grifk-handball.com\/naiset\/tilastot-2022-23\/joukkue-2022-23\/emma-wickstrom\/#primaryimage"},"thumbnailUrl":"https:\/\/grifk-handball.com\/naiset\/wp-content\/uploads\/sites\/3\/2022\/10\/Damer_Wickstrom_Emma_00102-scaled.jpg","datePublished":"2022-09-21T14:31:37+00:00","dateModified":"2022-10-11T09:43:19+00:00","breadcrumb":{"@id":"https:\/\/grifk-handball.com\/naiset\/tilastot-2022-23\/joukkue-2022-23\/emma-wickstrom\/#breadcrumb"},"inLanguage":"fi","potentialAction":[{"@type":"ReadAction","target":["https:\/\/grifk-handball.com\/naiset\/tilastot-2022-23\/joukkue-2022-23\/emma-wickstrom\/"]}]},{"@type":"ImageObject","inLanguage":"fi","@id":"https:\/\/grifk-handball.com\/naiset\/tilastot-2022-23\/joukkue-2022-23\/emma-wickstrom\/#primaryimage","url":"https:\/\/grifk-handball.com\/naiset\/wp-content\/uploads\/sites\/3\/2022\/10\/Damer_Wickstrom_Emma_00102-scaled.jpg","contentUrl":"https:\/\/grifk-handball.com\/naiset\/wp-content\/uploads\/sites\/3\/2022\/10\/Damer_Wickstrom_Emma_00102-scaled.jpg","width":1707,"height":2560},{"@type":"BreadcrumbList","@id":"https:\/\/grifk-handball.com\/naiset\/tilastot-2022-23\/joukkue-2022-23\/emma-wickstrom\/#breadcrumb","itemListElement":[{"@type":"ListItem","position":1,"name":"Home","item":"https:\/\/grifk-handball.com\/naiset\/etusivu-2\/"},{"@type":"ListItem","position":2,"name":"Tilastot 2022-23","item":"https:\/\/grifk-handball.com\/naiset\/tilastot-2022-23\/"},{"@type":"ListItem","position":3,"name":"Joukkue 2022-23","item":"https:\/\/grifk-handball.com\/naiset\/tilastot-2022-23\/joukkue-2022-23\/"},{"@type":"ListItem","position":4,"name":"Emma Wickstr\u00f6m"}]},{"@type":"WebSite","@id":"https:\/\/grifk-handball.com\/naiset\/#website","url":"https:\/\/grifk-handball.com\/naiset\/","name":"GrIFK K\u00e4sipallo Naiset","description":"GrIFK K\u00e4sipallo Naiset","potentialAction":[{"@type":"SearchAction","target":{"@type":"EntryPoint","urlTemplate":"https:\/\/grifk-handball.com\/naiset\/?s={search_term_string}"},"query-input":{"@type":"PropertyValueSpecification","valueRequired":true,"valueName":"search_term_string"}}],"inLanguage":"fi"}]}},"jetpack_sharing_enabled":true,"_links":{"self":[{"href":"https:\/\/grifk-handball.com\/naiset\/wp-json\/wp\/v2\/pages\/10196","targetHints":{"allow":["GET"]}}],"collection":[{"href":"https:\/\/grifk-handball.com\/naiset\/wp-json\/wp\/v2\/pages"}],"about":[{"href":"https:\/\/grifk-handball.com\/naiset\/wp-json\/wp\/v2\/types\/page"}],"author":[{"embeddable":true,"href":"https:\/\/grifk-handball.com\/naiset\/wp-json\/wp\/v2\/users\/6"}],"replies":[{"embeddable":true,"href":"https:\/\/grifk-handball.com\/naiset\/wp-json\/wp\/v2\/comments?post=10196"}],"version-history":[{"count":5,"href":"https:\/\/grifk-handball.com\/naiset\/wp-json\/wp\/v2\/pages\/10196\/revisions"}],"predecessor-version":[{"id":10387,"href":"https:\/\/grifk-handball.com\/naiset\/wp-json\/wp\/v2\/pages\/10196\/revisions\/10387"}],"up":[{"embeddable":true,"href":"https:\/\/grifk-handball.com\/naiset\/wp-json\/wp\/v2\/pages\/10123"}],"wp:featuredmedia":[{"embeddable":true,"href":"https:\/\/grifk-handball.com\/naiset\/wp-json\/wp\/v2\/media\/10317"}],"wp:attachment":[{"href":"https:\/\/grifk-handball.com\/naiset\/wp-json\/wp\/v2\/media?parent=10196"}],"wp:term":[{"taxonomy":"post_tag","embeddable":true,"href":"https:\/\/grifk-handball.com\/naiset\/wp-json\/wp\/v2\/tags?post=10196"}],"curies":[{"name":"wp","href":"https:\/\/api.w.org\/{rel}","templated":true}]}}