{"id":10952,"date":"2023-09-16T12:05:23","date_gmt":"2023-09-16T09:05:23","guid":{"rendered":"https:\/\/grifk-handball.com\/naiset\/?page_id=10952"},"modified":"2023-11-15T14:21:13","modified_gmt":"2023-11-15T12:21:13","slug":"moa-sjolund","status":"publish","type":"page","link":"https:\/\/grifk-handball.com\/naiset\/joukkue-2023-24\/moa-sjolund\/","title":{"rendered":"Moa Sj\u00f6lund"},"content":{"rendered":"\n<style type=\"text\/css\" data-created_by=\"avia_inline_auto\" id=\"style-css-av-9dmnb1-278bc96489218fe14b862d306d74fd36\">\n.flex_column.av-9dmnb1-278bc96489218fe14b862d306d74fd36{\nborder-radius:0px 0px 0px 0px;\npadding:0px 0px 0px 0px;\n}\n<\/style>\n<div  class='flex_column av-9dmnb1-278bc96489218fe14b862d306d74fd36 av_one_half  avia-builder-el-0  el_before_av_one_half  avia-builder-el-first  first flex_column_div av-zero-column-padding  '     ><p>\n<style type=\"text\/css\" data-created_by=\"avia_inline_auto\" id=\"style-css-av-8go42e-8aabc972c4afc97030c67ceab8c1e481\">\n#top .av-special-heading.av-8go42e-8aabc972c4afc97030c67ceab8c1e481{\npadding-bottom:0;\n}\nbody .av-special-heading.av-8go42e-8aabc972c4afc97030c67ceab8c1e481 .av-special-heading-tag .heading-char{\nfont-size:25px;\n}\n.av-special-heading.av-8go42e-8aabc972c4afc97030c67ceab8c1e481 .av-subheading{\nfont-size:15px;\n}\n<\/style>\n<div  class='av-special-heading av-8go42e-8aabc972c4afc97030c67ceab8c1e481 av-special-heading-h2  avia-builder-el-1  el_before_av_heading  avia-builder-el-first  pelinumero'><h2 class='av-special-heading-tag '  itemprop=\"headline\"  >11<\/h2><div class=\"special-heading-border\"><div class=\"special-heading-inner-border\"><\/div><\/div><\/div><br \/>\n\n<style type=\"text\/css\" data-created_by=\"avia_inline_auto\" id=\"style-css-av-85uvpy-bf5ec15201ff8be417d4356eb694f92b\">\n#top .av-special-heading.av-85uvpy-bf5ec15201ff8be417d4356eb694f92b{\npadding-bottom:0;\n}\nbody .av-special-heading.av-85uvpy-bf5ec15201ff8be417d4356eb694f92b .av-special-heading-tag .heading-char{\nfont-size:25px;\n}\n.av-special-heading.av-85uvpy-bf5ec15201ff8be417d4356eb694f92b .av-subheading{\nfont-size:15px;\n}\n<\/style>\n<div  class='av-special-heading av-85uvpy-bf5ec15201ff8be417d4356eb694f92b av-special-heading-h1 meta-heading  avia-builder-el-2  el_after_av_heading  el_before_av_heading  pelaajan-nimi'><h1 class='av-special-heading-tag '  itemprop=\"headline\"  >Moa Sj\u00f6lund<\/h1><div class=\"special-heading-border\"><div class=\"special-heading-inner-border\"><\/div><\/div><\/div><br \/>\n\n<style type=\"text\/css\" data-created_by=\"avia_inline_auto\" id=\"style-css-av-59zliu-a94a8d43f86c47ff94985ded96df8c56\">\n#top .av-special-heading.av-59zliu-a94a8d43f86c47ff94985ded96df8c56{\npadding-bottom:10px;\n}\nbody .av-special-heading.av-59zliu-a94a8d43f86c47ff94985ded96df8c56 .av-special-heading-tag .heading-char{\nfont-size:25px;\n}\n.av-special-heading.av-59zliu-a94a8d43f86c47ff94985ded96df8c56 .av-subheading{\nfont-size:15px;\n}\n<\/style>\n<div  class='av-special-heading av-59zliu-a94a8d43f86c47ff94985ded96df8c56 av-special-heading-h3 blockquote modern-quote modern-centered  avia-builder-el-3  el_after_av_heading  el_before_av_animated_numbers '><h3 class='av-special-heading-tag '  itemprop=\"headline\"  >Pelipaikka:<\/h3><div class=\"special-heading-border\"><div class=\"special-heading-inner-border\"><\/div><\/div><\/div><br \/>\n<div  class=\"avia-animated-number av-jpi8c608-7c5ff1c7bd98ef92564c5f21a1715eb8 av-force-default-color avia_animate_when_visible  avia-builder-el-4  el_after_av_heading  el_before_av_heading  \" data-timer=\"3000\"><strong class=\"heading avia-animated-number-title\"><span class=\"avia-no-number\">MV<\/span><\/strong><div class=\"avia-animated-number-content\"><\/div><\/div><br \/>\n\n<style type=\"text\/css\" data-created_by=\"avia_inline_auto\" id=\"style-css-av-4r2fx2-611c487df64de247096fb01c46f4fc21\">\n#top .av-special-heading.av-4r2fx2-611c487df64de247096fb01c46f4fc21{\npadding-bottom:10px;\n}\nbody .av-special-heading.av-4r2fx2-611c487df64de247096fb01c46f4fc21 .av-special-heading-tag .heading-char{\nfont-size:25px;\n}\n.av-special-heading.av-4r2fx2-611c487df64de247096fb01c46f4fc21 .av-subheading{\nfont-size:15px;\n}\n<\/style>\n<div  class='av-special-heading av-4r2fx2-611c487df64de247096fb01c46f4fc21 av-special-heading-h3 blockquote modern-quote modern-centered  avia-builder-el-5  el_after_av_animated_numbers  el_before_av_animated_numbers '><h3 class='av-special-heading-tag '  itemprop=\"headline\"  >Syntym\u00e4p\u00e4iv\u00e4:<\/h3><div class=\"special-heading-border\"><div class=\"special-heading-inner-border\"><\/div><\/div><\/div><br \/>\n<div  class=\"avia-animated-number av-jpi8c608-3-8cb3bea281d16ecf48caf384aaed17de av-force-default-color avia_animate_when_visible  avia-builder-el-6  el_after_av_heading  el_before_av_heading  \" data-timer=\"3000\"><strong class=\"heading avia-animated-number-title\"><span class=\"avia-single-number __av-single-number\" data-number_format=\"\" data-number=\"29\" data-start_from=\"0\">29<\/span><span class=\"avia-no-number\">.<\/span><span class=\"avia-single-number __av-single-number\" data-number_format=\"\" data-number=\"9\" data-start_from=\"0\">9<\/span><span class=\"avia-no-number\">.<\/span><span class=\"avia-single-number __av-single-number\" data-number_format=\"\" data-number=\"2002\" data-start_from=\"0\">2002<\/span><\/strong><div class=\"avia-animated-number-content\"><\/div><\/div><br \/>\n\n<style type=\"text\/css\" data-created_by=\"avia_inline_auto\" id=\"style-css-av-2fiwba-9e6a9e1343e77e3b9b4d6f776cbd7af1\">\n#top .av-special-heading.av-2fiwba-9e6a9e1343e77e3b9b4d6f776cbd7af1{\npadding-bottom:10px;\n}\nbody .av-special-heading.av-2fiwba-9e6a9e1343e77e3b9b4d6f776cbd7af1 .av-special-heading-tag .heading-char{\nfont-size:25px;\n}\n.av-special-heading.av-2fiwba-9e6a9e1343e77e3b9b4d6f776cbd7af1 .av-subheading{\nfont-size:15px;\n}\n<\/style>\n<div  class='av-special-heading av-2fiwba-9e6a9e1343e77e3b9b4d6f776cbd7af1 av-special-heading-h3 blockquote modern-quote modern-centered  avia-builder-el-7  el_after_av_animated_numbers  el_before_av_animated_numbers '><h3 class='av-special-heading-tag '  itemprop=\"headline\"  >Pituus:<\/h3><div class=\"special-heading-border\"><div class=\"special-heading-inner-border\"><\/div><\/div><\/div><br \/>\n<div  class=\"avia-animated-number av-jpi8c608-2-062d0bf05b6c5076c04fad062666db5c av-force-default-color avia_animate_when_visible  avia-builder-el-8  el_after_av_heading  avia-builder-el-last  \" data-timer=\"3000\"><strong class=\"heading avia-animated-number-title\"><span class=\"avia-single-number __av-single-number\" data-number_format=\"\" data-number=\"174\" data-start_from=\"0\">174<\/span><span class=\"avia-no-number\"> cm<\/span><\/strong><div class=\"avia-animated-number-content\"><\/div><\/div><\/p><\/div>\n\n<style type=\"text\/css\" data-created_by=\"avia_inline_auto\" id=\"style-css-av-6ui965-8a52a274fe471668234c8eb2fa5786d4\">\n.flex_column.av-6ui965-8a52a274fe471668234c8eb2fa5786d4{\nborder-radius:0px 0px 0px 0px;\npadding:0px 0px 0px 0px;\n}\n<\/style>\n<div  class='flex_column av-6ui965-8a52a274fe471668234c8eb2fa5786d4 av_one_half  avia-builder-el-9  el_after_av_one_half  el_before_av_one_half  flex_column_div av-zero-column-padding  '     ><style type=\"text\/css\" data-created_by=\"avia_inline_auto\" id=\"style-css-av-jpi8e20b-ecef887706a7bc744764b2d15930517c\">\n.avia-image-container.av-jpi8e20b-ecef887706a7bc744764b2d15930517c img.avia_image{\nbox-shadow:none;\n}\n.avia-image-container.av-jpi8e20b-ecef887706a7bc744764b2d15930517c .av-image-caption-overlay-center{\ncolor:#ffffff;\n}\n<\/style>\n<div  class='avia-image-container av-jpi8e20b-ecef887706a7bc744764b2d15930517c av-styling- av-img-linked avia-align-center  avia-builder-el-10  avia-builder-el-no-sibling '   itemprop=\"image\" itemscope=\"itemscope\" itemtype=\"https:\/\/schema.org\/ImageObject\" ><div class=\"avia-image-container-inner\"><div class=\"avia-image-overlay-wrap\"><a href=\"https:\/\/grifk-handball.com\/naiset\/wp-content\/uploads\/sites\/3\/2023\/11\/Moa-Sjolund.png\" data-srcset=\"https:\/\/grifk-handball.com\/naiset\/wp-content\/uploads\/sites\/3\/2023\/11\/Moa-Sjolund.png 687w, https:\/\/grifk-handball.com\/naiset\/wp-content\/uploads\/sites\/3\/2023\/11\/Moa-Sjolund-200x300.png 200w, https:\/\/grifk-handball.com\/naiset\/wp-content\/uploads\/sites\/3\/2023\/11\/Moa-Sjolund-470x705.png 470w\" data-sizes=\"(max-width: 687px) 100vw, 687px\" class='avia_image '  aria-label='Moa Sjo\u0308lund'><img decoding=\"async\" fetchpriority=\"high\" class='wp-image-11321 avia-img-lazy-loading-not-11321 avia_image ' src=\"https:\/\/grifk-handball.com\/naiset\/wp-content\/uploads\/sites\/3\/2023\/11\/Moa-Sjolund.png\" alt='' title='Moa Sjo\u0308lund'  height=\"1030\" width=\"687\"  itemprop=\"thumbnailUrl\" srcset=\"https:\/\/grifk-handball.com\/naiset\/wp-content\/uploads\/sites\/3\/2023\/11\/Moa-Sjolund.png 687w, https:\/\/grifk-handball.com\/naiset\/wp-content\/uploads\/sites\/3\/2023\/11\/Moa-Sjolund-200x300.png 200w, https:\/\/grifk-handball.com\/naiset\/wp-content\/uploads\/sites\/3\/2023\/11\/Moa-Sjolund-470x705.png 470w\" sizes=\"(max-width: 687px) 100vw, 687px\" \/><\/a><\/div><\/div><\/div><\/div>\n<style type=\"text\/css\" data-created_by=\"avia_inline_auto\" id=\"style-css-av-4kingd-3b68c1c3c3df6e1e3a5867b7e784ece8\">\n.flex_column.av-4kingd-3b68c1c3c3df6e1e3a5867b7e784ece8{\nborder-radius:0px 0px 0px 0px;\npadding:50px 30px 30px 30px;\n}\n<\/style>\n<div  class='flex_column av-4kingd-3b68c1c3c3df6e1e3a5867b7e784ece8 av_one_half  avia-builder-el-11  el_after_av_one_half  el_before_av_one_full  first flex_column_div  column-top-margin'     ><style type=\"text\/css\" data-created_by=\"avia_inline_auto\" id=\"style-css-av-kf89vpsl-d8c793b6b2ccac765d749643e741ab97\">\n#top .av-special-heading.av-kf89vpsl-d8c793b6b2ccac765d749643e741ab97{\npadding-bottom:10px;\n}\nbody .av-special-heading.av-kf89vpsl-d8c793b6b2ccac765d749643e741ab97 .av-special-heading-tag .heading-char{\nfont-size:25px;\n}\n.av-special-heading.av-kf89vpsl-d8c793b6b2ccac765d749643e741ab97 .av-subheading{\nfont-size:15px;\n}\n<\/style>\n<div  class='av-special-heading av-kf89vpsl-d8c793b6b2ccac765d749643e741ab97 av-special-heading-h3 blockquote modern-quote  avia-builder-el-12  avia-builder-el-no-sibling '><h3 class='av-special-heading-tag '  itemprop=\"headline\"  >Seurat:<\/h3><div class='av-subheading av-subheading_below'><p>GrIFK<br \/>\nDicken<\/p>\n<\/div><div class=\"special-heading-border\"><div class=\"special-heading-inner-border\"><\/div><\/div><\/div><\/div><\/p>\n<div class='flex_column_table av-1ykg71-fdc8ebe3d09e65a65f34670da50c8ec1 sc-av_one_full av-equal-height-column-flextable'>\n<style type=\"text\/css\" data-created_by=\"avia_inline_auto\" id=\"style-css-av-1ykg71-fdc8ebe3d09e65a65f34670da50c8ec1\">\n.flex_column.av-1ykg71-fdc8ebe3d09e65a65f34670da50c8ec1{\nborder-radius:0px 0px 0px 0px;\npadding:30px 30px 30px 30px;\n}\n<\/style>\n<div  class='flex_column av-1ykg71-fdc8ebe3d09e65a65f34670da50c8ec1 av_one_full  avia-builder-el-13  el_after_av_one_half  avia-builder-el-last  first no_margin flex_column_table_cell av-equal-height-column av-align-top  column-top-margin'     ><p>\n<style type=\"text\/css\" data-created_by=\"avia_inline_auto\" id=\"style-css-av-34yypi-5132a749a924b6f6e9bd5ec85ad1473a\">\n#top .av-special-heading.av-34yypi-5132a749a924b6f6e9bd5ec85ad1473a{\npadding-bottom:10px;\n}\nbody .av-special-heading.av-34yypi-5132a749a924b6f6e9bd5ec85ad1473a .av-special-heading-tag .heading-char{\nfont-size:25px;\n}\n.av-special-heading.av-34yypi-5132a749a924b6f6e9bd5ec85ad1473a .av-subheading{\nfont-size:15px;\n}\n<\/style>\n<div  class='av-special-heading av-34yypi-5132a749a924b6f6e9bd5ec85ad1473a av-special-heading-h3 blockquote modern-quote  avia-builder-el-14  el_before_av_textblock  avia-builder-el-first '><h3 class='av-special-heading-tag '  itemprop=\"headline\"  >Tilastot:<\/h3><div class=\"special-heading-border\"><div class=\"special-heading-inner-border\"><\/div><\/div><\/div><br \/>\n<section  class='av_textblock_section av-jpi8idqu-5b83b6c7daccd99bcc31808251271fa1 '   itemscope=\"itemscope\" itemtype=\"https:\/\/schema.org\/CreativeWork\" ><div class='avia_textblock pelaajakortti-data'  itemprop=\"text\" ><p><a href=\"https:\/\/finnhandball.torneopal.fi\/taso\/widget.php?widget=player&#038;playerid=49907&#038;stats=1\">https:\/\/finnhandball.torneopal.fi\/taso\/widget.php?widget=player&#038;playerid=49907&#038;stats=1<\/a><\/p>\n<\/div><\/section><br \/>\n<section  class='av_textblock_section av-jpi8idqu-1-41c2efbcc725ee2e8b17471caf56dc69 '   itemscope=\"itemscope\" itemtype=\"https:\/\/schema.org\/CreativeWork\" ><div class='avia_textblock'  itemprop=\"text\" ><h5 style=\"text-align: right\"><a href=\"https:\/\/tulospalvelu.finnhandball.net\/taso\/pelaaja.php?pelaaja=49907\" target=\"blank\" rel=\"noopener\">Tarkemmat tilastot Tulospalvelussa &gt;<\/a><\/h5>\n<\/div><\/section><\/p><\/div><\/div><!--close column table wrapper. Autoclose: 1 -->\n","protected":false},"excerpt":{"rendered":"","protected":false},"author":6,"featured_media":11321,"parent":10815,"menu_order":11,"comment_status":"closed","ping_status":"closed","template":"","meta":{"_acf_changed":false,"jetpack_post_was_ever_published":false,"footnotes":""},"tags":[331],"class_list":["post-10952","page","type-page","status-publish","has-post-thumbnail","hentry","tag-pelaajat-2023-24"],"acf":[],"yoast_head":"<!-- This site is optimized with the Yoast SEO plugin v27.5 - https:\/\/yoast.com\/product\/yoast-seo-wordpress\/ -->\n<title>Moa Sj\u00f6lund &#187; GrIFK K\u00e4sipallo Naiset<\/title>\n<meta name=\"robots\" content=\"index, follow, max-snippet:-1, max-image-preview:large, max-video-preview:-1\" \/>\n<link rel=\"canonical\" href=\"https:\/\/grifk-handball.com\/naiset\/joukkue-2023-24\/moa-sjolund\/\" \/>\n<meta property=\"og:locale\" content=\"fi_FI\" \/>\n<meta property=\"og:type\" content=\"article\" \/>\n<meta property=\"og:title\" content=\"Moa Sj\u00f6lund &#187; GrIFK K\u00e4sipallo Naiset\" \/>\n<meta property=\"og:url\" content=\"https:\/\/grifk-handball.com\/naiset\/joukkue-2023-24\/moa-sjolund\/\" \/>\n<meta property=\"og:site_name\" content=\"GrIFK K\u00e4sipallo Naiset\" \/>\n<meta property=\"article:publisher\" content=\"https:\/\/www.facebook.com\/532444520237680\" \/>\n<meta property=\"article:modified_time\" content=\"2023-11-15T12:21:13+00:00\" \/>\n<meta property=\"og:image\" content=\"https:\/\/grifk-handball.com\/naiset\/wp-content\/uploads\/sites\/3\/2023\/11\/Moa-Sjolund.png\" \/>\n\t<meta property=\"og:image:width\" content=\"687\" \/>\n\t<meta property=\"og:image:height\" content=\"1030\" \/>\n\t<meta property=\"og:image:type\" content=\"image\/png\" \/>\n<meta name=\"twitter:card\" content=\"summary_large_image\" \/>\n<meta name=\"twitter:label1\" content=\"Arvioitu lukuaika\" \/>\n\t<meta name=\"twitter:data1\" content=\"4 minuuttia\" \/>\n<script type=\"application\/ld+json\" class=\"yoast-schema-graph\">{\"@context\":\"https:\\\/\\\/schema.org\",\"@graph\":[{\"@type\":\"WebPage\",\"@id\":\"https:\\\/\\\/grifk-handball.com\\\/naiset\\\/joukkue-2023-24\\\/moa-sjolund\\\/\",\"url\":\"https:\\\/\\\/grifk-handball.com\\\/naiset\\\/joukkue-2023-24\\\/moa-sjolund\\\/\",\"name\":\"Moa Sj\u00f6lund &#187; GrIFK K\u00e4sipallo Naiset\",\"isPartOf\":{\"@id\":\"https:\\\/\\\/grifk-handball.com\\\/naiset\\\/#website\"},\"primaryImageOfPage\":{\"@id\":\"https:\\\/\\\/grifk-handball.com\\\/naiset\\\/joukkue-2023-24\\\/moa-sjolund\\\/#primaryimage\"},\"image\":{\"@id\":\"https:\\\/\\\/grifk-handball.com\\\/naiset\\\/joukkue-2023-24\\\/moa-sjolund\\\/#primaryimage\"},\"thumbnailUrl\":\"https:\\\/\\\/grifk-handball.com\\\/naiset\\\/wp-content\\\/uploads\\\/sites\\\/3\\\/2023\\\/11\\\/Moa-Sjolund.png\",\"datePublished\":\"2023-09-16T09:05:23+00:00\",\"dateModified\":\"2023-11-15T12:21:13+00:00\",\"breadcrumb\":{\"@id\":\"https:\\\/\\\/grifk-handball.com\\\/naiset\\\/joukkue-2023-24\\\/moa-sjolund\\\/#breadcrumb\"},\"inLanguage\":\"fi\",\"potentialAction\":[{\"@type\":\"ReadAction\",\"target\":[\"https:\\\/\\\/grifk-handball.com\\\/naiset\\\/joukkue-2023-24\\\/moa-sjolund\\\/\"]}]},{\"@type\":\"ImageObject\",\"inLanguage\":\"fi\",\"@id\":\"https:\\\/\\\/grifk-handball.com\\\/naiset\\\/joukkue-2023-24\\\/moa-sjolund\\\/#primaryimage\",\"url\":\"https:\\\/\\\/grifk-handball.com\\\/naiset\\\/wp-content\\\/uploads\\\/sites\\\/3\\\/2023\\\/11\\\/Moa-Sjolund.png\",\"contentUrl\":\"https:\\\/\\\/grifk-handball.com\\\/naiset\\\/wp-content\\\/uploads\\\/sites\\\/3\\\/2023\\\/11\\\/Moa-Sjolund.png\",\"width\":687,\"height\":1030},{\"@type\":\"BreadcrumbList\",\"@id\":\"https:\\\/\\\/grifk-handball.com\\\/naiset\\\/joukkue-2023-24\\\/moa-sjolund\\\/#breadcrumb\",\"itemListElement\":[{\"@type\":\"ListItem\",\"position\":1,\"name\":\"Home\",\"item\":\"https:\\\/\\\/grifk-handball.com\\\/naiset\\\/etusivu-2\\\/\"},{\"@type\":\"ListItem\",\"position\":2,\"name\":\"Joukkue 2023-24\",\"item\":\"https:\\\/\\\/grifk-handball.com\\\/naiset\\\/joukkue-2023-24\\\/\"},{\"@type\":\"ListItem\",\"position\":3,\"name\":\"Moa Sj\u00f6lund\"}]},{\"@type\":\"WebSite\",\"@id\":\"https:\\\/\\\/grifk-handball.com\\\/naiset\\\/#website\",\"url\":\"https:\\\/\\\/grifk-handball.com\\\/naiset\\\/\",\"name\":\"GrIFK K\u00e4sipallo Naiset\",\"description\":\"GrIFK K\u00e4sipallo Naiset\",\"potentialAction\":[{\"@type\":\"SearchAction\",\"target\":{\"@type\":\"EntryPoint\",\"urlTemplate\":\"https:\\\/\\\/grifk-handball.com\\\/naiset\\\/?s={search_term_string}\"},\"query-input\":{\"@type\":\"PropertyValueSpecification\",\"valueRequired\":true,\"valueName\":\"search_term_string\"}}],\"inLanguage\":\"fi\"}]}<\/script>\n<!-- \/ Yoast SEO plugin. -->","yoast_head_json":{"title":"Moa Sj\u00f6lund &#187; GrIFK K\u00e4sipallo Naiset","robots":{"index":"index","follow":"follow","max-snippet":"max-snippet:-1","max-image-preview":"max-image-preview:large","max-video-preview":"max-video-preview:-1"},"canonical":"https:\/\/grifk-handball.com\/naiset\/joukkue-2023-24\/moa-sjolund\/","og_locale":"fi_FI","og_type":"article","og_title":"Moa Sj\u00f6lund &#187; GrIFK K\u00e4sipallo Naiset","og_url":"https:\/\/grifk-handball.com\/naiset\/joukkue-2023-24\/moa-sjolund\/","og_site_name":"GrIFK K\u00e4sipallo Naiset","article_publisher":"https:\/\/www.facebook.com\/532444520237680","article_modified_time":"2023-11-15T12:21:13+00:00","og_image":[{"width":687,"height":1030,"url":"https:\/\/grifk-handball.com\/naiset\/wp-content\/uploads\/sites\/3\/2023\/11\/Moa-Sjolund.png","type":"image\/png"}],"twitter_card":"summary_large_image","twitter_misc":{"Arvioitu lukuaika":"4 minuuttia"},"schema":{"@context":"https:\/\/schema.org","@graph":[{"@type":"WebPage","@id":"https:\/\/grifk-handball.com\/naiset\/joukkue-2023-24\/moa-sjolund\/","url":"https:\/\/grifk-handball.com\/naiset\/joukkue-2023-24\/moa-sjolund\/","name":"Moa Sj\u00f6lund &#187; GrIFK K\u00e4sipallo Naiset","isPartOf":{"@id":"https:\/\/grifk-handball.com\/naiset\/#website"},"primaryImageOfPage":{"@id":"https:\/\/grifk-handball.com\/naiset\/joukkue-2023-24\/moa-sjolund\/#primaryimage"},"image":{"@id":"https:\/\/grifk-handball.com\/naiset\/joukkue-2023-24\/moa-sjolund\/#primaryimage"},"thumbnailUrl":"https:\/\/grifk-handball.com\/naiset\/wp-content\/uploads\/sites\/3\/2023\/11\/Moa-Sjolund.png","datePublished":"2023-09-16T09:05:23+00:00","dateModified":"2023-11-15T12:21:13+00:00","breadcrumb":{"@id":"https:\/\/grifk-handball.com\/naiset\/joukkue-2023-24\/moa-sjolund\/#breadcrumb"},"inLanguage":"fi","potentialAction":[{"@type":"ReadAction","target":["https:\/\/grifk-handball.com\/naiset\/joukkue-2023-24\/moa-sjolund\/"]}]},{"@type":"ImageObject","inLanguage":"fi","@id":"https:\/\/grifk-handball.com\/naiset\/joukkue-2023-24\/moa-sjolund\/#primaryimage","url":"https:\/\/grifk-handball.com\/naiset\/wp-content\/uploads\/sites\/3\/2023\/11\/Moa-Sjolund.png","contentUrl":"https:\/\/grifk-handball.com\/naiset\/wp-content\/uploads\/sites\/3\/2023\/11\/Moa-Sjolund.png","width":687,"height":1030},{"@type":"BreadcrumbList","@id":"https:\/\/grifk-handball.com\/naiset\/joukkue-2023-24\/moa-sjolund\/#breadcrumb","itemListElement":[{"@type":"ListItem","position":1,"name":"Home","item":"https:\/\/grifk-handball.com\/naiset\/etusivu-2\/"},{"@type":"ListItem","position":2,"name":"Joukkue 2023-24","item":"https:\/\/grifk-handball.com\/naiset\/joukkue-2023-24\/"},{"@type":"ListItem","position":3,"name":"Moa Sj\u00f6lund"}]},{"@type":"WebSite","@id":"https:\/\/grifk-handball.com\/naiset\/#website","url":"https:\/\/grifk-handball.com\/naiset\/","name":"GrIFK K\u00e4sipallo Naiset","description":"GrIFK K\u00e4sipallo Naiset","potentialAction":[{"@type":"SearchAction","target":{"@type":"EntryPoint","urlTemplate":"https:\/\/grifk-handball.com\/naiset\/?s={search_term_string}"},"query-input":{"@type":"PropertyValueSpecification","valueRequired":true,"valueName":"search_term_string"}}],"inLanguage":"fi"}]}},"jetpack_sharing_enabled":true,"_links":{"self":[{"href":"https:\/\/grifk-handball.com\/naiset\/wp-json\/wp\/v2\/pages\/10952","targetHints":{"allow":["GET"]}}],"collection":[{"href":"https:\/\/grifk-handball.com\/naiset\/wp-json\/wp\/v2\/pages"}],"about":[{"href":"https:\/\/grifk-handball.com\/naiset\/wp-json\/wp\/v2\/types\/page"}],"author":[{"embeddable":true,"href":"https:\/\/grifk-handball.com\/naiset\/wp-json\/wp\/v2\/users\/6"}],"replies":[{"embeddable":true,"href":"https:\/\/grifk-handball.com\/naiset\/wp-json\/wp\/v2\/comments?post=10952"}],"version-history":[{"count":3,"href":"https:\/\/grifk-handball.com\/naiset\/wp-json\/wp\/v2\/pages\/10952\/revisions"}],"predecessor-version":[{"id":11344,"href":"https:\/\/grifk-handball.com\/naiset\/wp-json\/wp\/v2\/pages\/10952\/revisions\/11344"}],"up":[{"embeddable":true,"href":"https:\/\/grifk-handball.com\/naiset\/wp-json\/wp\/v2\/pages\/10815"}],"wp:featuredmedia":[{"embeddable":true,"href":"https:\/\/grifk-handball.com\/naiset\/wp-json\/wp\/v2\/media\/11321"}],"wp:attachment":[{"href":"https:\/\/grifk-handball.com\/naiset\/wp-json\/wp\/v2\/media?parent=10952"}],"wp:term":[{"taxonomy":"post_tag","embeddable":true,"href":"https:\/\/grifk-handball.com\/naiset\/wp-json\/wp\/v2\/tags?post=10952"}],"curies":[{"name":"wp","href":"https:\/\/api.w.org\/{rel}","templated":true}]}}