{"id":12027,"date":"2024-09-09T12:03:15","date_gmt":"2024-09-09T09:03:15","guid":{"rendered":"https:\/\/grifk-handball.com\/naiset\/?page_id=12027"},"modified":"2024-09-20T13:59:25","modified_gmt":"2024-09-20T10:59:25","slug":"linnea-harms","status":"publish","type":"page","link":"https:\/\/grifk-handball.com\/naiset\/joukkue-2024-25\/linnea-harms\/","title":{"rendered":"Linnea Harms"},"content":{"rendered":"\n<style type=\"text\/css\" data-created_by=\"avia_inline_auto\" id=\"style-css-av-9dmnb1-278bc96489218fe14b862d306d74fd36\">\n.flex_column.av-9dmnb1-278bc96489218fe14b862d306d74fd36{\nborder-radius:0px 0px 0px 0px;\npadding:0px 0px 0px 0px;\n}\n<\/style>\n<div  class='flex_column av-9dmnb1-278bc96489218fe14b862d306d74fd36 av_one_half  avia-builder-el-0  el_before_av_one_half  avia-builder-el-first  first flex_column_div av-zero-column-padding  '     ><p>\n<style type=\"text\/css\" data-created_by=\"avia_inline_auto\" id=\"style-css-av-k0nn0vmo-3657555eef033ab5216ca9c38b7bcefb\">\n#top .av-special-heading.av-k0nn0vmo-3657555eef033ab5216ca9c38b7bcefb{\npadding-bottom:0;\n}\nbody .av-special-heading.av-k0nn0vmo-3657555eef033ab5216ca9c38b7bcefb .av-special-heading-tag .heading-char{\nfont-size:25px;\n}\n.av-special-heading.av-k0nn0vmo-3657555eef033ab5216ca9c38b7bcefb .av-subheading{\nfont-size:15px;\n}\n<\/style>\n<div  class='av-special-heading av-k0nn0vmo-3657555eef033ab5216ca9c38b7bcefb av-special-heading-h2  avia-builder-el-1  el_before_av_heading  avia-builder-el-first  pelinumero av-linked-heading'><h2 class='av-special-heading-tag '  itemprop=\"headline\"  >5<\/h2><div class=\"special-heading-border\"><div class=\"special-heading-inner-border\"><\/div><\/div><\/div><br \/>\n\n<style type=\"text\/css\" data-created_by=\"avia_inline_auto\" id=\"style-css-av-7w0cl1-44339d8aa8b786f386dbb526800e1e2e\">\n#top .av-special-heading.av-7w0cl1-44339d8aa8b786f386dbb526800e1e2e{\npadding-bottom:0;\n}\nbody .av-special-heading.av-7w0cl1-44339d8aa8b786f386dbb526800e1e2e .av-special-heading-tag .heading-char{\nfont-size:25px;\n}\n.av-special-heading.av-7w0cl1-44339d8aa8b786f386dbb526800e1e2e .av-subheading{\nfont-size:15px;\n}\n<\/style>\n<div  class='av-special-heading av-7w0cl1-44339d8aa8b786f386dbb526800e1e2e av-special-heading-h1 meta-heading  avia-builder-el-2  el_after_av_heading  el_before_av_heading  pelaajan-nimi'><h1 class='av-special-heading-tag '  itemprop=\"headline\"  >Linnea Harms<\/h1><div class=\"special-heading-border\"><div class=\"special-heading-inner-border\"><\/div><\/div><\/div><br \/>\n\n<style type=\"text\/css\" data-created_by=\"avia_inline_auto\" id=\"style-css-av-5chlh1-afbcbc35671362cf7a7fe92bf3344cf4\">\n#top .av-special-heading.av-5chlh1-afbcbc35671362cf7a7fe92bf3344cf4{\npadding-bottom:10px;\n}\nbody .av-special-heading.av-5chlh1-afbcbc35671362cf7a7fe92bf3344cf4 .av-special-heading-tag .heading-char{\nfont-size:25px;\n}\n.av-special-heading.av-5chlh1-afbcbc35671362cf7a7fe92bf3344cf4 .av-subheading{\nfont-size:15px;\n}\n<\/style>\n<div  class='av-special-heading av-5chlh1-afbcbc35671362cf7a7fe92bf3344cf4 av-special-heading-h3 blockquote modern-quote modern-centered  avia-builder-el-3  el_after_av_heading  el_before_av_animated_numbers '><h3 class='av-special-heading-tag '  itemprop=\"headline\"  >Pelipaikka:<\/h3><div class=\"special-heading-border\"><div class=\"special-heading-inner-border\"><\/div><\/div><\/div><br \/>\n<div  class=\"avia-animated-number av-jpi8c608-dfcb655922be5ec05dced26f45abc116 av-force-default-color avia_animate_when_visible  avia-builder-el-4  el_after_av_heading  el_before_av_heading  \" data-timer=\"3000\"><strong class=\"heading avia-animated-number-title\"><span class=\"avia-no-number\">V<\/span><span class=\"avia-single-number __av-single-number\" data-number_format=\"\" data-number=\"6\" data-start_from=\"0\">6<\/span><\/strong><div class=\"avia-animated-number-content\"><\/div><\/div><br \/>\n\n<style type=\"text\/css\" data-created_by=\"avia_inline_auto\" id=\"style-css-av-4dwixx-5b7350ae54bc06edfaacacf01ffb363b\">\n#top .av-special-heading.av-4dwixx-5b7350ae54bc06edfaacacf01ffb363b{\npadding-bottom:10px;\n}\nbody .av-special-heading.av-4dwixx-5b7350ae54bc06edfaacacf01ffb363b .av-special-heading-tag .heading-char{\nfont-size:25px;\n}\n.av-special-heading.av-4dwixx-5b7350ae54bc06edfaacacf01ffb363b .av-subheading{\nfont-size:15px;\n}\n<\/style>\n<div  class='av-special-heading av-4dwixx-5b7350ae54bc06edfaacacf01ffb363b av-special-heading-h3 blockquote modern-quote modern-centered  avia-builder-el-5  el_after_av_animated_numbers  el_before_av_animated_numbers '><h3 class='av-special-heading-tag '  itemprop=\"headline\"  >Syntym\u00e4p\u00e4iv\u00e4:<\/h3><div class=\"special-heading-border\"><div class=\"special-heading-inner-border\"><\/div><\/div><\/div><br \/>\n<div  class=\"avia-animated-number av-jpi8c608-3-9074f33bf037f1d6b3f80ff9fc9d68ba av-force-default-color avia_animate_when_visible  avia-builder-el-6  el_after_av_heading  el_before_av_heading  \" data-timer=\"3000\"><strong class=\"heading avia-animated-number-title\"><span class=\"avia-single-number __av-single-number\" data-number_format=\"\" data-number=\"1999\" data-start_from=\"0\">1999<\/span><\/strong><div class=\"avia-animated-number-content\"><\/div><\/div><br \/>\n\n<style type=\"text\/css\" data-created_by=\"avia_inline_auto\" id=\"style-css-av-2cd2at-d8b3c45ade7b36209cff7534dadc78b2\">\n#top .av-special-heading.av-2cd2at-d8b3c45ade7b36209cff7534dadc78b2{\npadding-bottom:10px;\n}\nbody .av-special-heading.av-2cd2at-d8b3c45ade7b36209cff7534dadc78b2 .av-special-heading-tag .heading-char{\nfont-size:25px;\n}\n.av-special-heading.av-2cd2at-d8b3c45ade7b36209cff7534dadc78b2 .av-subheading{\nfont-size:15px;\n}\n<\/style>\n<div  class='av-special-heading av-2cd2at-d8b3c45ade7b36209cff7534dadc78b2 av-special-heading-h3 blockquote modern-quote modern-centered  avia-builder-el-7  el_after_av_animated_numbers  el_before_av_animated_numbers '><h3 class='av-special-heading-tag '  itemprop=\"headline\"  >Pituus:<\/h3><div class=\"special-heading-border\"><div class=\"special-heading-inner-border\"><\/div><\/div><\/div><br \/>\n<div  class=\"avia-animated-number av-jpi8c608-2-6f8888ca076b24f9d2f1aa0b622d4f70 av-force-default-color avia_animate_when_visible  avia-builder-el-8  el_after_av_heading  avia-builder-el-last  \" data-timer=\"3000\"><strong class=\"heading avia-animated-number-title\"><span class=\"avia-single-number __av-single-number\" data-number_format=\"\" data-number=\"174\" data-start_from=\"0\">174<\/span><span class=\"avia-no-number\"> cm<\/span><\/strong><div class=\"avia-animated-number-content\"><\/div><\/div><\/p><\/div>\n\n<style type=\"text\/css\" data-created_by=\"avia_inline_auto\" id=\"style-css-av-6ui965-8e5d5b144d2d65b7ce0b6d7a1cb0fd4b\">\n.flex_column.av-6ui965-8e5d5b144d2d65b7ce0b6d7a1cb0fd4b{\nborder-radius:0px 0px 0px 0px;\npadding:0px 0px 0px 0px;\n}\n<\/style>\n<div  class='flex_column av-6ui965-8e5d5b144d2d65b7ce0b6d7a1cb0fd4b av_one_half  avia-builder-el-9  el_after_av_one_half  el_before_av_one_half  flex_column_div av-zero-column-padding  '     ><style type=\"text\/css\" data-created_by=\"avia_inline_auto\" id=\"style-css-av-jpi8e20b-045ec2351ce905dc2a0f81c79751eb7d\">\n.avia-image-container.av-jpi8e20b-045ec2351ce905dc2a0f81c79751eb7d img.avia_image{\nbox-shadow:none;\n}\n.avia-image-container.av-jpi8e20b-045ec2351ce905dc2a0f81c79751eb7d .av-image-caption-overlay-center{\ncolor:#ffffff;\n}\n<\/style>\n<div  class='avia-image-container av-jpi8e20b-045ec2351ce905dc2a0f81c79751eb7d av-styling- av-img-linked avia-align-center  avia-builder-el-10  avia-builder-el-no-sibling '   itemprop=\"image\" itemscope=\"itemscope\" itemtype=\"https:\/\/schema.org\/ImageObject\" ><div class=\"avia-image-container-inner\"><div class=\"avia-image-overlay-wrap\"><a href=\"https:\/\/grifk-handball.com\/naiset\/wp-content\/uploads\/sites\/3\/2024\/09\/Harms-686x1030.png\" data-srcset=\"https:\/\/grifk-handball.com\/naiset\/wp-content\/uploads\/sites\/3\/2024\/09\/Harms-686x1030.png 686w, https:\/\/grifk-handball.com\/naiset\/wp-content\/uploads\/sites\/3\/2024\/09\/Harms-200x300.png 200w, https:\/\/grifk-handball.com\/naiset\/wp-content\/uploads\/sites\/3\/2024\/09\/Harms-768x1152.png 768w, https:\/\/grifk-handball.com\/naiset\/wp-content\/uploads\/sites\/3\/2024\/09\/Harms-1024x1536.png 1024w, https:\/\/grifk-handball.com\/naiset\/wp-content\/uploads\/sites\/3\/2024\/09\/Harms-1000x1500.png 1000w, https:\/\/grifk-handball.com\/naiset\/wp-content\/uploads\/sites\/3\/2024\/09\/Harms-470x705.png 470w, https:\/\/grifk-handball.com\/naiset\/wp-content\/uploads\/sites\/3\/2024\/09\/Harms.png 1333w\" data-sizes=\"(max-width: 686px) 100vw, 686px\" class='avia_image '  aria-label='Harms'><img decoding=\"async\" fetchpriority=\"high\" class='wp-image-12371 avia-img-lazy-loading-not-12371 avia_image ' src=\"https:\/\/grifk-handball.com\/naiset\/wp-content\/uploads\/sites\/3\/2024\/09\/Harms-686x1030.png\" alt='' title='Harms'  height=\"1030\" width=\"686\"  itemprop=\"thumbnailUrl\" srcset=\"https:\/\/grifk-handball.com\/naiset\/wp-content\/uploads\/sites\/3\/2024\/09\/Harms-686x1030.png 686w, https:\/\/grifk-handball.com\/naiset\/wp-content\/uploads\/sites\/3\/2024\/09\/Harms-200x300.png 200w, https:\/\/grifk-handball.com\/naiset\/wp-content\/uploads\/sites\/3\/2024\/09\/Harms-768x1152.png 768w, https:\/\/grifk-handball.com\/naiset\/wp-content\/uploads\/sites\/3\/2024\/09\/Harms-1024x1536.png 1024w, https:\/\/grifk-handball.com\/naiset\/wp-content\/uploads\/sites\/3\/2024\/09\/Harms-1000x1500.png 1000w, https:\/\/grifk-handball.com\/naiset\/wp-content\/uploads\/sites\/3\/2024\/09\/Harms-470x705.png 470w, https:\/\/grifk-handball.com\/naiset\/wp-content\/uploads\/sites\/3\/2024\/09\/Harms.png 1333w\" sizes=\"(max-width: 686px) 100vw, 686px\" \/><\/a><\/div><\/div><\/div><\/div>\n<style type=\"text\/css\" data-created_by=\"avia_inline_auto\" id=\"style-css-av-4kingd-3b68c1c3c3df6e1e3a5867b7e784ece8\">\n.flex_column.av-4kingd-3b68c1c3c3df6e1e3a5867b7e784ece8{\nborder-radius:0px 0px 0px 0px;\npadding:50px 30px 30px 30px;\n}\n<\/style>\n<div  class='flex_column av-4kingd-3b68c1c3c3df6e1e3a5867b7e784ece8 av_one_half  avia-builder-el-11  el_after_av_one_half  el_before_av_one_full  first flex_column_div  column-top-margin'     ><style type=\"text\/css\" data-created_by=\"avia_inline_auto\" id=\"style-css-av-jpiffaev-ab4d631227f7d753668ff32fff13b2f5\">\n#top .av-special-heading.av-jpiffaev-ab4d631227f7d753668ff32fff13b2f5{\npadding-bottom:10px;\n}\nbody .av-special-heading.av-jpiffaev-ab4d631227f7d753668ff32fff13b2f5 .av-special-heading-tag .heading-char{\nfont-size:25px;\n}\n.av-special-heading.av-jpiffaev-ab4d631227f7d753668ff32fff13b2f5 .av-subheading{\nfont-size:15px;\n}\n<\/style>\n<div  class='av-special-heading av-jpiffaev-ab4d631227f7d753668ff32fff13b2f5 av-special-heading-h3 blockquote modern-quote  avia-builder-el-12  avia-builder-el-no-sibling '><h3 class='av-special-heading-tag '  itemprop=\"headline\"  >Seurat:<\/h3><div class='av-subheading av-subheading_below'><p>GrIFK<\/p>\n<\/div><div class=\"special-heading-border\"><div class=\"special-heading-inner-border\"><\/div><\/div><\/div><\/div><\/p>\n<div class='flex_column_table av-1ykg71-fdc8ebe3d09e65a65f34670da50c8ec1 sc-av_one_full av-equal-height-column-flextable'>\n<style type=\"text\/css\" data-created_by=\"avia_inline_auto\" id=\"style-css-av-1ykg71-fdc8ebe3d09e65a65f34670da50c8ec1\">\n.flex_column.av-1ykg71-fdc8ebe3d09e65a65f34670da50c8ec1{\nborder-radius:0px 0px 0px 0px;\npadding:30px 30px 30px 30px;\n}\n<\/style>\n<div  class='flex_column av-1ykg71-fdc8ebe3d09e65a65f34670da50c8ec1 av_one_full  avia-builder-el-13  el_after_av_one_half  avia-builder-el-last  first no_margin flex_column_table_cell av-equal-height-column av-align-top  column-top-margin'     ><p>\n<style type=\"text\/css\" data-created_by=\"avia_inline_auto\" id=\"style-css-av-1wwfpx-db682ee9367cc918b9cbc656148393e0\">\n#top .av-special-heading.av-1wwfpx-db682ee9367cc918b9cbc656148393e0{\npadding-bottom:10px;\n}\nbody .av-special-heading.av-1wwfpx-db682ee9367cc918b9cbc656148393e0 .av-special-heading-tag .heading-char{\nfont-size:25px;\n}\n.av-special-heading.av-1wwfpx-db682ee9367cc918b9cbc656148393e0 .av-subheading{\nfont-size:15px;\n}\n<\/style>\n<div  class='av-special-heading av-1wwfpx-db682ee9367cc918b9cbc656148393e0 av-special-heading-h3 blockquote modern-quote  avia-builder-el-14  el_before_av_textblock  avia-builder-el-first '><h3 class='av-special-heading-tag '  itemprop=\"headline\"  >Tilastot:<\/h3><div class=\"special-heading-border\"><div class=\"special-heading-inner-border\"><\/div><\/div><\/div><br \/>\n<section  class='av_textblock_section av-jpi8idqu-a2ad1ec7c82832ca3e54ba16b7eab356 '   itemscope=\"itemscope\" itemtype=\"https:\/\/schema.org\/CreativeWork\" ><div class='avia_textblock pelaajakortti-data'  itemprop=\"text\" ><p><a href=\"https:\/\/finnhandball.torneopal.fi\/taso\/widget.php?widget=player&#038;playerid=49534&#038;stats=1\">https:\/\/finnhandball.torneopal.fi\/taso\/widget.php?widget=player&#038;playerid=49534&#038;stats=1<\/a><\/p>\n<\/div><\/section><br \/>\n<section  class='av_textblock_section av-jpi8idqu-1-559eb7873047a52ac3627f1e07dbcc48 '   itemscope=\"itemscope\" itemtype=\"https:\/\/schema.org\/CreativeWork\" ><div class='avia_textblock'  itemprop=\"text\" ><h5 style=\"text-align: right\"><a href=\"https:\/\/tulospalvelu.finnhandball.net\/taso\/pelaaja.php?pelaaja=49534\" target=\"blank\" rel=\"noopener\">Tarkemmat tilastot Tulospalvelussa &gt;<\/a><\/h5>\n<\/div><\/section><\/p><\/div><\/div><!--close column table wrapper. Autoclose: 1 -->\n","protected":false},"excerpt":{"rendered":"","protected":false},"author":6,"featured_media":12371,"parent":11990,"menu_order":5,"comment_status":"closed","ping_status":"closed","template":"","meta":{"_acf_changed":false,"jetpack_post_was_ever_published":false,"footnotes":""},"tags":[405],"class_list":["post-12027","page","type-page","status-publish","has-post-thumbnail","hentry","tag-pelaajat-2024-2025"],"acf":[],"yoast_head":"<!-- This site is optimized with the Yoast SEO plugin v27.4 - https:\/\/yoast.com\/product\/yoast-seo-wordpress\/ -->\n<title>Linnea Harms &#187; GrIFK K\u00e4sipallo Naiset<\/title>\n<meta name=\"robots\" content=\"index, follow, max-snippet:-1, max-image-preview:large, max-video-preview:-1\" \/>\n<link rel=\"canonical\" href=\"https:\/\/grifk-handball.com\/naiset\/joukkue-2024-25\/linnea-harms\/\" \/>\n<meta property=\"og:locale\" content=\"fi_FI\" \/>\n<meta property=\"og:type\" content=\"article\" \/>\n<meta property=\"og:title\" content=\"Linnea Harms &#187; GrIFK K\u00e4sipallo Naiset\" \/>\n<meta property=\"og:url\" content=\"https:\/\/grifk-handball.com\/naiset\/joukkue-2024-25\/linnea-harms\/\" \/>\n<meta property=\"og:site_name\" content=\"GrIFK K\u00e4sipallo Naiset\" \/>\n<meta property=\"article:publisher\" content=\"https:\/\/www.facebook.com\/532444520237680\" \/>\n<meta property=\"article:modified_time\" content=\"2024-09-20T10:59:25+00:00\" \/>\n<meta property=\"og:image\" content=\"https:\/\/grifk-handball.com\/naiset\/wp-content\/uploads\/sites\/3\/2024\/09\/Harms.png\" \/>\n\t<meta property=\"og:image:width\" content=\"1333\" \/>\n\t<meta property=\"og:image:height\" content=\"2000\" \/>\n\t<meta property=\"og:image:type\" content=\"image\/png\" \/>\n<meta name=\"twitter:card\" content=\"summary_large_image\" \/>\n<meta name=\"twitter:label1\" content=\"Arvioitu lukuaika\" \/>\n\t<meta name=\"twitter:data1\" content=\"1 minuutti\" \/>\n<script type=\"application\/ld+json\" class=\"yoast-schema-graph\">{\"@context\":\"https:\\\/\\\/schema.org\",\"@graph\":[{\"@type\":\"WebPage\",\"@id\":\"https:\\\/\\\/grifk-handball.com\\\/naiset\\\/joukkue-2024-25\\\/linnea-harms\\\/\",\"url\":\"https:\\\/\\\/grifk-handball.com\\\/naiset\\\/joukkue-2024-25\\\/linnea-harms\\\/\",\"name\":\"Linnea Harms &#187; GrIFK K\u00e4sipallo Naiset\",\"isPartOf\":{\"@id\":\"https:\\\/\\\/grifk-handball.com\\\/naiset\\\/#website\"},\"primaryImageOfPage\":{\"@id\":\"https:\\\/\\\/grifk-handball.com\\\/naiset\\\/joukkue-2024-25\\\/linnea-harms\\\/#primaryimage\"},\"image\":{\"@id\":\"https:\\\/\\\/grifk-handball.com\\\/naiset\\\/joukkue-2024-25\\\/linnea-harms\\\/#primaryimage\"},\"thumbnailUrl\":\"https:\\\/\\\/grifk-handball.com\\\/naiset\\\/wp-content\\\/uploads\\\/sites\\\/3\\\/2024\\\/09\\\/Harms.png\",\"datePublished\":\"2024-09-09T09:03:15+00:00\",\"dateModified\":\"2024-09-20T10:59:25+00:00\",\"breadcrumb\":{\"@id\":\"https:\\\/\\\/grifk-handball.com\\\/naiset\\\/joukkue-2024-25\\\/linnea-harms\\\/#breadcrumb\"},\"inLanguage\":\"fi\",\"potentialAction\":[{\"@type\":\"ReadAction\",\"target\":[\"https:\\\/\\\/grifk-handball.com\\\/naiset\\\/joukkue-2024-25\\\/linnea-harms\\\/\"]}]},{\"@type\":\"ImageObject\",\"inLanguage\":\"fi\",\"@id\":\"https:\\\/\\\/grifk-handball.com\\\/naiset\\\/joukkue-2024-25\\\/linnea-harms\\\/#primaryimage\",\"url\":\"https:\\\/\\\/grifk-handball.com\\\/naiset\\\/wp-content\\\/uploads\\\/sites\\\/3\\\/2024\\\/09\\\/Harms.png\",\"contentUrl\":\"https:\\\/\\\/grifk-handball.com\\\/naiset\\\/wp-content\\\/uploads\\\/sites\\\/3\\\/2024\\\/09\\\/Harms.png\",\"width\":1333,\"height\":2000},{\"@type\":\"BreadcrumbList\",\"@id\":\"https:\\\/\\\/grifk-handball.com\\\/naiset\\\/joukkue-2024-25\\\/linnea-harms\\\/#breadcrumb\",\"itemListElement\":[{\"@type\":\"ListItem\",\"position\":1,\"name\":\"Home\",\"item\":\"https:\\\/\\\/grifk-handball.com\\\/naiset\\\/etusivu-2\\\/\"},{\"@type\":\"ListItem\",\"position\":2,\"name\":\"Joukkue 2024-25\",\"item\":\"https:\\\/\\\/grifk-handball.com\\\/naiset\\\/joukkue-2024-25\\\/\"},{\"@type\":\"ListItem\",\"position\":3,\"name\":\"Linnea Harms\"}]},{\"@type\":\"WebSite\",\"@id\":\"https:\\\/\\\/grifk-handball.com\\\/naiset\\\/#website\",\"url\":\"https:\\\/\\\/grifk-handball.com\\\/naiset\\\/\",\"name\":\"GrIFK K\u00e4sipallo Naiset\",\"description\":\"GrIFK K\u00e4sipallo Naiset\",\"potentialAction\":[{\"@type\":\"SearchAction\",\"target\":{\"@type\":\"EntryPoint\",\"urlTemplate\":\"https:\\\/\\\/grifk-handball.com\\\/naiset\\\/?s={search_term_string}\"},\"query-input\":{\"@type\":\"PropertyValueSpecification\",\"valueRequired\":true,\"valueName\":\"search_term_string\"}}],\"inLanguage\":\"fi\"}]}<\/script>\n<!-- \/ Yoast SEO plugin. -->","yoast_head_json":{"title":"Linnea Harms &#187; GrIFK K\u00e4sipallo Naiset","robots":{"index":"index","follow":"follow","max-snippet":"max-snippet:-1","max-image-preview":"max-image-preview:large","max-video-preview":"max-video-preview:-1"},"canonical":"https:\/\/grifk-handball.com\/naiset\/joukkue-2024-25\/linnea-harms\/","og_locale":"fi_FI","og_type":"article","og_title":"Linnea Harms &#187; GrIFK K\u00e4sipallo Naiset","og_url":"https:\/\/grifk-handball.com\/naiset\/joukkue-2024-25\/linnea-harms\/","og_site_name":"GrIFK K\u00e4sipallo Naiset","article_publisher":"https:\/\/www.facebook.com\/532444520237680","article_modified_time":"2024-09-20T10:59:25+00:00","og_image":[{"width":1333,"height":2000,"url":"https:\/\/grifk-handball.com\/naiset\/wp-content\/uploads\/sites\/3\/2024\/09\/Harms.png","type":"image\/png"}],"twitter_card":"summary_large_image","twitter_misc":{"Arvioitu lukuaika":"1 minuutti"},"schema":{"@context":"https:\/\/schema.org","@graph":[{"@type":"WebPage","@id":"https:\/\/grifk-handball.com\/naiset\/joukkue-2024-25\/linnea-harms\/","url":"https:\/\/grifk-handball.com\/naiset\/joukkue-2024-25\/linnea-harms\/","name":"Linnea Harms &#187; GrIFK K\u00e4sipallo Naiset","isPartOf":{"@id":"https:\/\/grifk-handball.com\/naiset\/#website"},"primaryImageOfPage":{"@id":"https:\/\/grifk-handball.com\/naiset\/joukkue-2024-25\/linnea-harms\/#primaryimage"},"image":{"@id":"https:\/\/grifk-handball.com\/naiset\/joukkue-2024-25\/linnea-harms\/#primaryimage"},"thumbnailUrl":"https:\/\/grifk-handball.com\/naiset\/wp-content\/uploads\/sites\/3\/2024\/09\/Harms.png","datePublished":"2024-09-09T09:03:15+00:00","dateModified":"2024-09-20T10:59:25+00:00","breadcrumb":{"@id":"https:\/\/grifk-handball.com\/naiset\/joukkue-2024-25\/linnea-harms\/#breadcrumb"},"inLanguage":"fi","potentialAction":[{"@type":"ReadAction","target":["https:\/\/grifk-handball.com\/naiset\/joukkue-2024-25\/linnea-harms\/"]}]},{"@type":"ImageObject","inLanguage":"fi","@id":"https:\/\/grifk-handball.com\/naiset\/joukkue-2024-25\/linnea-harms\/#primaryimage","url":"https:\/\/grifk-handball.com\/naiset\/wp-content\/uploads\/sites\/3\/2024\/09\/Harms.png","contentUrl":"https:\/\/grifk-handball.com\/naiset\/wp-content\/uploads\/sites\/3\/2024\/09\/Harms.png","width":1333,"height":2000},{"@type":"BreadcrumbList","@id":"https:\/\/grifk-handball.com\/naiset\/joukkue-2024-25\/linnea-harms\/#breadcrumb","itemListElement":[{"@type":"ListItem","position":1,"name":"Home","item":"https:\/\/grifk-handball.com\/naiset\/etusivu-2\/"},{"@type":"ListItem","position":2,"name":"Joukkue 2024-25","item":"https:\/\/grifk-handball.com\/naiset\/joukkue-2024-25\/"},{"@type":"ListItem","position":3,"name":"Linnea Harms"}]},{"@type":"WebSite","@id":"https:\/\/grifk-handball.com\/naiset\/#website","url":"https:\/\/grifk-handball.com\/naiset\/","name":"GrIFK K\u00e4sipallo Naiset","description":"GrIFK K\u00e4sipallo Naiset","potentialAction":[{"@type":"SearchAction","target":{"@type":"EntryPoint","urlTemplate":"https:\/\/grifk-handball.com\/naiset\/?s={search_term_string}"},"query-input":{"@type":"PropertyValueSpecification","valueRequired":true,"valueName":"search_term_string"}}],"inLanguage":"fi"}]}},"jetpack_sharing_enabled":true,"_links":{"self":[{"href":"https:\/\/grifk-handball.com\/naiset\/wp-json\/wp\/v2\/pages\/12027","targetHints":{"allow":["GET"]}}],"collection":[{"href":"https:\/\/grifk-handball.com\/naiset\/wp-json\/wp\/v2\/pages"}],"about":[{"href":"https:\/\/grifk-handball.com\/naiset\/wp-json\/wp\/v2\/types\/page"}],"author":[{"embeddable":true,"href":"https:\/\/grifk-handball.com\/naiset\/wp-json\/wp\/v2\/users\/6"}],"replies":[{"embeddable":true,"href":"https:\/\/grifk-handball.com\/naiset\/wp-json\/wp\/v2\/comments?post=12027"}],"version-history":[{"count":7,"href":"https:\/\/grifk-handball.com\/naiset\/wp-json\/wp\/v2\/pages\/12027\/revisions"}],"predecessor-version":[{"id":12433,"href":"https:\/\/grifk-handball.com\/naiset\/wp-json\/wp\/v2\/pages\/12027\/revisions\/12433"}],"up":[{"embeddable":true,"href":"https:\/\/grifk-handball.com\/naiset\/wp-json\/wp\/v2\/pages\/11990"}],"wp:featuredmedia":[{"embeddable":true,"href":"https:\/\/grifk-handball.com\/naiset\/wp-json\/wp\/v2\/media\/12371"}],"wp:attachment":[{"href":"https:\/\/grifk-handball.com\/naiset\/wp-json\/wp\/v2\/media?parent=12027"}],"wp:term":[{"taxonomy":"post_tag","embeddable":true,"href":"https:\/\/grifk-handball.com\/naiset\/wp-json\/wp\/v2\/tags?post=12027"}],"curies":[{"name":"wp","href":"https:\/\/api.w.org\/{rel}","templated":true}]}}