{"id":12292,"date":"2024-09-17T10:37:09","date_gmt":"2024-09-17T07:37:09","guid":{"rendered":"https:\/\/grifk-handball.com\/naiset\/?page_id=12292"},"modified":"2024-09-20T13:56:07","modified_gmt":"2024-09-20T10:56:07","slug":"alva-eskelin","status":"publish","type":"page","link":"https:\/\/grifk-handball.com\/naiset\/joukkue-2024-25\/alva-eskelin\/","title":{"rendered":"Alva Eskelin"},"content":{"rendered":"\n<style type=\"text\/css\" data-created_by=\"avia_inline_auto\" id=\"style-css-av-9dmnb1-278bc96489218fe14b862d306d74fd36\">\n.flex_column.av-9dmnb1-278bc96489218fe14b862d306d74fd36{\nborder-radius:0px 0px 0px 0px;\npadding:0px 0px 0px 0px;\n}\n<\/style>\n<div  class='flex_column av-9dmnb1-278bc96489218fe14b862d306d74fd36 av_one_half  avia-builder-el-0  el_before_av_one_half  avia-builder-el-first  first flex_column_div av-zero-column-padding  '     ><p>\n<style type=\"text\/css\" data-created_by=\"avia_inline_auto\" id=\"style-css-av-jpifhibw-5b981bb3a6616c706f09661597db1d86\">\n#top .av-special-heading.av-jpifhibw-5b981bb3a6616c706f09661597db1d86{\npadding-bottom:0;\n}\nbody .av-special-heading.av-jpifhibw-5b981bb3a6616c706f09661597db1d86 .av-special-heading-tag .heading-char{\nfont-size:25px;\n}\n.av-special-heading.av-jpifhibw-5b981bb3a6616c706f09661597db1d86 .av-subheading{\nfont-size:15px;\n}\n<\/style>\n<div  class='av-special-heading av-jpifhibw-5b981bb3a6616c706f09661597db1d86 av-special-heading-h2  avia-builder-el-1  el_before_av_heading  avia-builder-el-first  pelinumero'><h2 class='av-special-heading-tag '  itemprop=\"headline\"  >26<\/h2><div class=\"special-heading-border\"><div class=\"special-heading-inner-border\"><\/div><\/div><\/div><br \/>\n\n<style type=\"text\/css\" data-created_by=\"avia_inline_auto\" id=\"style-css-av-jpifhrj0-6b64c80b6dd21209600a97bd0b19251b\">\n#top .av-special-heading.av-jpifhrj0-6b64c80b6dd21209600a97bd0b19251b{\npadding-bottom:0;\n}\nbody .av-special-heading.av-jpifhrj0-6b64c80b6dd21209600a97bd0b19251b .av-special-heading-tag .heading-char{\nfont-size:25px;\n}\n.av-special-heading.av-jpifhrj0-6b64c80b6dd21209600a97bd0b19251b .av-subheading{\nfont-size:15px;\n}\n<\/style>\n<div  class='av-special-heading av-jpifhrj0-6b64c80b6dd21209600a97bd0b19251b av-special-heading-h1 meta-heading  avia-builder-el-2  el_after_av_heading  el_before_av_heading  pelaajan-nimi'><h1 class='av-special-heading-tag '  itemprop=\"headline\"  >Alva Eskelin<\/h1><div class=\"special-heading-border\"><div class=\"special-heading-inner-border\"><\/div><\/div><\/div><br \/>\n\n<style type=\"text\/css\" data-created_by=\"avia_inline_auto\" id=\"style-css-av-6cubo2-2b2ec895788da312535b17896ee1a16a\">\n#top .av-special-heading.av-6cubo2-2b2ec895788da312535b17896ee1a16a{\npadding-bottom:10px;\n}\nbody .av-special-heading.av-6cubo2-2b2ec895788da312535b17896ee1a16a .av-special-heading-tag .heading-char{\nfont-size:25px;\n}\n.av-special-heading.av-6cubo2-2b2ec895788da312535b17896ee1a16a .av-subheading{\nfont-size:15px;\n}\n<\/style>\n<div  class='av-special-heading av-6cubo2-2b2ec895788da312535b17896ee1a16a av-special-heading-h3 blockquote modern-quote modern-centered  avia-builder-el-3  el_after_av_heading  el_before_av_animated_numbers '><h3 class='av-special-heading-tag '  itemprop=\"headline\"  >Pelipaikka:<\/h3><div class=\"special-heading-border\"><div class=\"special-heading-inner-border\"><\/div><\/div><\/div><br \/>\n<div  class=\"avia-animated-number av-jpi8c608-93d18a462bd2f26b56dc43a7b5c1fd66 av-force-default-color avia_animate_when_visible  avia-builder-el-4  el_after_av_heading  el_before_av_heading  \" data-timer=\"3000\"><strong class=\"heading avia-animated-number-title\"><span class=\"avia-single-number __av-single-number\" data-number_format=\"\" data-number=\"9\" data-start_from=\"0\">9<\/span><span class=\"avia-no-number\">M<\/span><\/strong><div class=\"avia-animated-number-content\"><\/div><\/div><br \/>\n\n<style type=\"text\/css\" data-created_by=\"avia_inline_auto\" id=\"style-css-av-3isuaq-3a1a80809acb3561f0dd7d46e3e12317\">\n#top .av-special-heading.av-3isuaq-3a1a80809acb3561f0dd7d46e3e12317{\npadding-bottom:10px;\n}\nbody .av-special-heading.av-3isuaq-3a1a80809acb3561f0dd7d46e3e12317 .av-special-heading-tag .heading-char{\nfont-size:25px;\n}\n.av-special-heading.av-3isuaq-3a1a80809acb3561f0dd7d46e3e12317 .av-subheading{\nfont-size:15px;\n}\n<\/style>\n<div  class='av-special-heading av-3isuaq-3a1a80809acb3561f0dd7d46e3e12317 av-special-heading-h3 blockquote modern-quote modern-centered  avia-builder-el-5  el_after_av_animated_numbers  el_before_av_animated_numbers '><h3 class='av-special-heading-tag '  itemprop=\"headline\"  >Syntym\u00e4p\u00e4iv\u00e4:<\/h3><div class=\"special-heading-border\"><div class=\"special-heading-inner-border\"><\/div><\/div><\/div><br \/>\n<div  class=\"avia-animated-number av-jpi8c608-4-99c185f0d51aaacae39f382ad1ee8ebb av-force-default-color avia_animate_when_visible  avia-builder-el-6  el_after_av_heading  el_before_av_heading  \" data-timer=\"3000\"><strong class=\"heading avia-animated-number-title\"><span class=\"avia-single-number __av-single-number\" data-number_format=\"\" data-number=\"9\" data-start_from=\"0\">9<\/span><span class=\"avia-no-number\">.<\/span><span class=\"avia-single-number __av-single-number\" data-number_format=\"\" data-number=\"4\" data-start_from=\"0\">4<\/span><span class=\"avia-no-number\">.<\/span><span class=\"avia-single-number __av-single-number\" data-number_format=\"\" data-number=\"2007\" data-start_from=\"0\">2007<\/span><\/strong><div class=\"avia-animated-number-content\"><\/div><\/div><br \/>\n\n<style type=\"text\/css\" data-created_by=\"avia_inline_auto\" id=\"style-css-av-33ji2a-b90714b1556fe41e216d7af10065b7f9\">\n#top .av-special-heading.av-33ji2a-b90714b1556fe41e216d7af10065b7f9{\npadding-bottom:10px;\n}\nbody .av-special-heading.av-33ji2a-b90714b1556fe41e216d7af10065b7f9 .av-special-heading-tag .heading-char{\nfont-size:25px;\n}\n.av-special-heading.av-33ji2a-b90714b1556fe41e216d7af10065b7f9 .av-subheading{\nfont-size:15px;\n}\n<\/style>\n<div  class='av-special-heading av-33ji2a-b90714b1556fe41e216d7af10065b7f9 av-special-heading-h3 blockquote modern-quote modern-centered  avia-builder-el-7  el_after_av_animated_numbers  el_before_av_animated_numbers '><h3 class='av-special-heading-tag '  itemprop=\"headline\"  >Pituus:<\/h3><div class=\"special-heading-border\"><div class=\"special-heading-inner-border\"><\/div><\/div><\/div><br \/>\n<div  class=\"avia-animated-number av-jpi8c608-3-8c54ce10fe214b4f27d4032615d15be1 av-force-default-color avia_animate_when_visible  avia-builder-el-8  el_after_av_heading  avia-builder-el-last  \" data-timer=\"3000\"><strong class=\"heading avia-animated-number-title\"><span class=\"avia-single-number __av-single-number\" data-number_format=\"\" data-number=\"175\" data-start_from=\"0\">175<\/span><span class=\"avia-no-number\"> cm<\/span><\/strong><div class=\"avia-animated-number-content\"><\/div><\/div><\/p><\/div>\n\n<style type=\"text\/css\" data-created_by=\"avia_inline_auto\" id=\"style-css-av-6ui965-8e5d5b144d2d65b7ce0b6d7a1cb0fd4b\">\n.flex_column.av-6ui965-8e5d5b144d2d65b7ce0b6d7a1cb0fd4b{\nborder-radius:0px 0px 0px 0px;\npadding:0px 0px 0px 0px;\n}\n<\/style>\n<div  class='flex_column av-6ui965-8e5d5b144d2d65b7ce0b6d7a1cb0fd4b av_one_half  avia-builder-el-9  el_after_av_one_half  el_before_av_one_full  flex_column_div av-zero-column-padding  '     ><style type=\"text\/css\" data-created_by=\"avia_inline_auto\" id=\"style-css-av-jpi8e20b-f04cad09e0feb369facbd4d7138006a8\">\n.avia-image-container.av-jpi8e20b-f04cad09e0feb369facbd4d7138006a8 img.avia_image{\nbox-shadow:none;\n}\n.avia-image-container.av-jpi8e20b-f04cad09e0feb369facbd4d7138006a8 .av-image-caption-overlay-center{\ncolor:#ffffff;\n}\n<\/style>\n<div  class='avia-image-container av-jpi8e20b-f04cad09e0feb369facbd4d7138006a8 av-styling- av-img-linked avia-align-center  avia-builder-el-10  avia-builder-el-no-sibling '   itemprop=\"image\" itemscope=\"itemscope\" itemtype=\"https:\/\/schema.org\/ImageObject\" ><div class=\"avia-image-container-inner\"><div class=\"avia-image-overlay-wrap\"><a href=\"https:\/\/grifk-handball.com\/naiset\/wp-content\/uploads\/sites\/3\/2024\/09\/Eskelin-686x1030.png\" data-srcset=\"https:\/\/grifk-handball.com\/naiset\/wp-content\/uploads\/sites\/3\/2024\/09\/Eskelin-686x1030.png 686w, https:\/\/grifk-handball.com\/naiset\/wp-content\/uploads\/sites\/3\/2024\/09\/Eskelin-200x300.png 200w, https:\/\/grifk-handball.com\/naiset\/wp-content\/uploads\/sites\/3\/2024\/09\/Eskelin-768x1152.png 768w, https:\/\/grifk-handball.com\/naiset\/wp-content\/uploads\/sites\/3\/2024\/09\/Eskelin-1024x1536.png 1024w, https:\/\/grifk-handball.com\/naiset\/wp-content\/uploads\/sites\/3\/2024\/09\/Eskelin-1000x1500.png 1000w, https:\/\/grifk-handball.com\/naiset\/wp-content\/uploads\/sites\/3\/2024\/09\/Eskelin-470x705.png 470w, https:\/\/grifk-handball.com\/naiset\/wp-content\/uploads\/sites\/3\/2024\/09\/Eskelin.png 1333w\" data-sizes=\"(max-width: 686px) 100vw, 686px\" class='avia_image '  aria-label='Eskelin'><img decoding=\"async\" fetchpriority=\"high\" class='wp-image-12360 avia-img-lazy-loading-not-12360 avia_image ' src=\"https:\/\/grifk-handball.com\/naiset\/wp-content\/uploads\/sites\/3\/2024\/09\/Eskelin-686x1030.png\" alt='' title='Eskelin'  height=\"1030\" width=\"686\"  itemprop=\"thumbnailUrl\" srcset=\"https:\/\/grifk-handball.com\/naiset\/wp-content\/uploads\/sites\/3\/2024\/09\/Eskelin-686x1030.png 686w, https:\/\/grifk-handball.com\/naiset\/wp-content\/uploads\/sites\/3\/2024\/09\/Eskelin-200x300.png 200w, https:\/\/grifk-handball.com\/naiset\/wp-content\/uploads\/sites\/3\/2024\/09\/Eskelin-768x1152.png 768w, https:\/\/grifk-handball.com\/naiset\/wp-content\/uploads\/sites\/3\/2024\/09\/Eskelin-1024x1536.png 1024w, https:\/\/grifk-handball.com\/naiset\/wp-content\/uploads\/sites\/3\/2024\/09\/Eskelin-1000x1500.png 1000w, https:\/\/grifk-handball.com\/naiset\/wp-content\/uploads\/sites\/3\/2024\/09\/Eskelin-470x705.png 470w, https:\/\/grifk-handball.com\/naiset\/wp-content\/uploads\/sites\/3\/2024\/09\/Eskelin.png 1333w\" sizes=\"(max-width: 686px) 100vw, 686px\" \/><\/a><\/div><\/div><\/div><\/div><div class='flex_column_table av-jpi8fvn6-4573eb5ea75be01b7f28bda3c440eeee sc-av_one_full av-equal-height-column-flextable'>\n<style type=\"text\/css\" data-created_by=\"avia_inline_auto\" id=\"style-css-av-jpi8fvn6-4573eb5ea75be01b7f28bda3c440eeee\">\n.flex_column.av-jpi8fvn6-4573eb5ea75be01b7f28bda3c440eeee{\nborder-radius:0px 0px 0px 0px;\npadding:30px 30px 30px 30px;\nbackground:url(https:\/\/grifk-handball.com\/naiset\/wp-content\/uploads\/sites\/3\/2017\/08\/grifk_web-tausta_1-1030x644.jpg) 50% 50% no-repeat scroll ;\n}\n<\/style>\n<div  class='flex_column av-jpi8fvn6-4573eb5ea75be01b7f28bda3c440eeee av_one_full  avia-builder-el-11  el_after_av_one_half  el_before_av_one_half  first no_margin flex_column_table_cell av-equal-height-column av-align-bottom avia-full-stretch  column-top-margin'     ><section  class='av_textblock_section av-jpi8idqu-497112eb07f7771a60e0b35e37668a76 '   itemscope=\"itemscope\" itemtype=\"https:\/\/schema.org\/CreativeWork\" ><div class='avia_textblock'  itemprop=\"text\" ><p><strong>Smeknamn<\/strong>:<\/p>\n<\/div><\/section><\/div><\/div><!--close column table wrapper. Autoclose: 1 --><\/p>\n\n<style type=\"text\/css\" data-created_by=\"avia_inline_auto\" id=\"style-css-av-4kingd-3b68c1c3c3df6e1e3a5867b7e784ece8\">\n.flex_column.av-4kingd-3b68c1c3c3df6e1e3a5867b7e784ece8{\nborder-radius:0px 0px 0px 0px;\npadding:50px 30px 30px 30px;\n}\n<\/style>\n<div  class='flex_column av-4kingd-3b68c1c3c3df6e1e3a5867b7e784ece8 av_one_half  avia-builder-el-13  el_after_av_one_full  el_before_av_one_full  first flex_column_div  column-top-margin'     ><style type=\"text\/css\" data-created_by=\"avia_inline_auto\" id=\"style-css-av-jpig3q0d-4554291dcc62ef8b2a4d50d8eefe4512\">\n#top .av-special-heading.av-jpig3q0d-4554291dcc62ef8b2a4d50d8eefe4512{\npadding-bottom:10px;\n}\nbody .av-special-heading.av-jpig3q0d-4554291dcc62ef8b2a4d50d8eefe4512 .av-special-heading-tag .heading-char{\nfont-size:25px;\n}\n.av-special-heading.av-jpig3q0d-4554291dcc62ef8b2a4d50d8eefe4512 .av-subheading{\nfont-size:15px;\n}\n<\/style>\n<div  class='av-special-heading av-jpig3q0d-4554291dcc62ef8b2a4d50d8eefe4512 av-special-heading-h3 blockquote modern-quote  avia-builder-el-14  avia-builder-el-no-sibling '><h3 class='av-special-heading-tag '  itemprop=\"headline\"  >Seurat:<\/h3><div class='av-subheading av-subheading_below'><p>GrIFK<br \/>\nGrIFK Young Ladies<\/p>\n<\/div><div class=\"special-heading-border\"><div class=\"special-heading-inner-border\"><\/div><\/div><\/div><\/div>\n<div class='flex_column_table av-1ykg71-fdc8ebe3d09e65a65f34670da50c8ec1 sc-av_one_full av-equal-height-column-flextable'>\n<style type=\"text\/css\" data-created_by=\"avia_inline_auto\" id=\"style-css-av-1ykg71-fdc8ebe3d09e65a65f34670da50c8ec1\">\n.flex_column.av-1ykg71-fdc8ebe3d09e65a65f34670da50c8ec1{\nborder-radius:0px 0px 0px 0px;\npadding:30px 30px 30px 30px;\n}\n<\/style>\n<div  class='flex_column av-1ykg71-fdc8ebe3d09e65a65f34670da50c8ec1 av_one_full  avia-builder-el-15  el_after_av_one_half  avia-builder-el-last  first no_margin flex_column_table_cell av-equal-height-column av-align-top  column-top-margin'     ><p>\n<style type=\"text\/css\" data-created_by=\"avia_inline_auto\" id=\"style-css-av-2yc68i-da5ba0007b4720693f5c578d0b6c63dc\">\n#top .av-special-heading.av-2yc68i-da5ba0007b4720693f5c578d0b6c63dc{\npadding-bottom:10px;\n}\nbody .av-special-heading.av-2yc68i-da5ba0007b4720693f5c578d0b6c63dc .av-special-heading-tag .heading-char{\nfont-size:25px;\n}\n.av-special-heading.av-2yc68i-da5ba0007b4720693f5c578d0b6c63dc .av-subheading{\nfont-size:15px;\n}\n<\/style>\n<div  class='av-special-heading av-2yc68i-da5ba0007b4720693f5c578d0b6c63dc av-special-heading-h3 blockquote modern-quote  avia-builder-el-16  el_before_av_textblock  avia-builder-el-first '><h3 class='av-special-heading-tag '  itemprop=\"headline\"  >Tilastot:<\/h3><div class=\"special-heading-border\"><div class=\"special-heading-inner-border\"><\/div><\/div><\/div><br \/>\n<section  class='av_textblock_section av-jpi8idqu-2-fe0cd4b6260e7b3f6606666dfa0fd9fe '   itemscope=\"itemscope\" itemtype=\"https:\/\/schema.org\/CreativeWork\" ><div class='avia_textblock pelaajakortti-data'  itemprop=\"text\" ><p><a href=\"https:\/\/finnhandball.torneopal.fi\/taso\/widget.php?widget=player&#038;playerid=51310&#038;stats=1\">https:\/\/finnhandball.torneopal.fi\/taso\/widget.php?widget=player&#038;playerid=51310&#038;stats=1<\/a><\/p>\n<\/div><\/section><br \/>\n<section  class='av_textblock_section av-jpi8idqu-1-0e70cff44f8f88740d8d3003ac552cb6 '   itemscope=\"itemscope\" itemtype=\"https:\/\/schema.org\/CreativeWork\" ><div class='avia_textblock'  itemprop=\"text\" ><h5 style=\"text-align: right\"><a href=\"https:\/\/tulospalvelu.finnhandball.net\/taso\/pelaaja.php?pelaaja=51310\" target=\"blank\" rel=\"noopener\">Tarkemmat tilastot Tulospalvelussa &gt;<\/a><\/h5>\n<\/div><\/section><\/p><\/div><\/div><!--close column table wrapper. Autoclose: 1 -->\n","protected":false},"excerpt":{"rendered":"","protected":false},"author":6,"featured_media":12360,"parent":11990,"menu_order":26,"comment_status":"closed","ping_status":"closed","template":"","meta":{"_acf_changed":false,"jetpack_post_was_ever_published":false,"footnotes":""},"tags":[405],"class_list":["post-12292","page","type-page","status-publish","has-post-thumbnail","hentry","tag-pelaajat-2024-2025"],"acf":[],"yoast_head":"<!-- This site is optimized with the Yoast SEO plugin v27.4 - https:\/\/yoast.com\/product\/yoast-seo-wordpress\/ -->\n<title>Alva Eskelin &#187; GrIFK K\u00e4sipallo Naiset<\/title>\n<meta name=\"robots\" content=\"index, follow, max-snippet:-1, max-image-preview:large, max-video-preview:-1\" \/>\n<link rel=\"canonical\" href=\"https:\/\/grifk-handball.com\/naiset\/joukkue-2024-25\/alva-eskelin\/\" \/>\n<meta property=\"og:locale\" content=\"fi_FI\" \/>\n<meta property=\"og:type\" content=\"article\" \/>\n<meta property=\"og:title\" content=\"Alva Eskelin &#187; GrIFK K\u00e4sipallo Naiset\" \/>\n<meta property=\"og:url\" content=\"https:\/\/grifk-handball.com\/naiset\/joukkue-2024-25\/alva-eskelin\/\" \/>\n<meta property=\"og:site_name\" content=\"GrIFK K\u00e4sipallo Naiset\" \/>\n<meta property=\"article:publisher\" content=\"https:\/\/www.facebook.com\/532444520237680\" \/>\n<meta property=\"article:modified_time\" content=\"2024-09-20T10:56:07+00:00\" \/>\n<meta property=\"og:image\" content=\"https:\/\/grifk-handball.com\/naiset\/wp-content\/uploads\/sites\/3\/2024\/09\/Eskelin.png\" \/>\n\t<meta property=\"og:image:width\" content=\"1333\" \/>\n\t<meta property=\"og:image:height\" content=\"2000\" \/>\n\t<meta property=\"og:image:type\" content=\"image\/png\" \/>\n<meta name=\"twitter:card\" content=\"summary_large_image\" \/>\n<meta name=\"twitter:label1\" content=\"Arvioitu lukuaika\" \/>\n\t<meta name=\"twitter:data1\" content=\"1 minuutti\" \/>\n<script type=\"application\/ld+json\" class=\"yoast-schema-graph\">{\"@context\":\"https:\\\/\\\/schema.org\",\"@graph\":[{\"@type\":\"WebPage\",\"@id\":\"https:\\\/\\\/grifk-handball.com\\\/naiset\\\/joukkue-2024-25\\\/alva-eskelin\\\/\",\"url\":\"https:\\\/\\\/grifk-handball.com\\\/naiset\\\/joukkue-2024-25\\\/alva-eskelin\\\/\",\"name\":\"Alva Eskelin &#187; GrIFK K\u00e4sipallo Naiset\",\"isPartOf\":{\"@id\":\"https:\\\/\\\/grifk-handball.com\\\/naiset\\\/#website\"},\"primaryImageOfPage\":{\"@id\":\"https:\\\/\\\/grifk-handball.com\\\/naiset\\\/joukkue-2024-25\\\/alva-eskelin\\\/#primaryimage\"},\"image\":{\"@id\":\"https:\\\/\\\/grifk-handball.com\\\/naiset\\\/joukkue-2024-25\\\/alva-eskelin\\\/#primaryimage\"},\"thumbnailUrl\":\"https:\\\/\\\/grifk-handball.com\\\/naiset\\\/wp-content\\\/uploads\\\/sites\\\/3\\\/2024\\\/09\\\/Eskelin.png\",\"datePublished\":\"2024-09-17T07:37:09+00:00\",\"dateModified\":\"2024-09-20T10:56:07+00:00\",\"breadcrumb\":{\"@id\":\"https:\\\/\\\/grifk-handball.com\\\/naiset\\\/joukkue-2024-25\\\/alva-eskelin\\\/#breadcrumb\"},\"inLanguage\":\"fi\",\"potentialAction\":[{\"@type\":\"ReadAction\",\"target\":[\"https:\\\/\\\/grifk-handball.com\\\/naiset\\\/joukkue-2024-25\\\/alva-eskelin\\\/\"]}]},{\"@type\":\"ImageObject\",\"inLanguage\":\"fi\",\"@id\":\"https:\\\/\\\/grifk-handball.com\\\/naiset\\\/joukkue-2024-25\\\/alva-eskelin\\\/#primaryimage\",\"url\":\"https:\\\/\\\/grifk-handball.com\\\/naiset\\\/wp-content\\\/uploads\\\/sites\\\/3\\\/2024\\\/09\\\/Eskelin.png\",\"contentUrl\":\"https:\\\/\\\/grifk-handball.com\\\/naiset\\\/wp-content\\\/uploads\\\/sites\\\/3\\\/2024\\\/09\\\/Eskelin.png\",\"width\":1333,\"height\":2000},{\"@type\":\"BreadcrumbList\",\"@id\":\"https:\\\/\\\/grifk-handball.com\\\/naiset\\\/joukkue-2024-25\\\/alva-eskelin\\\/#breadcrumb\",\"itemListElement\":[{\"@type\":\"ListItem\",\"position\":1,\"name\":\"Home\",\"item\":\"https:\\\/\\\/grifk-handball.com\\\/naiset\\\/etusivu-2\\\/\"},{\"@type\":\"ListItem\",\"position\":2,\"name\":\"Joukkue 2024-25\",\"item\":\"https:\\\/\\\/grifk-handball.com\\\/naiset\\\/joukkue-2024-25\\\/\"},{\"@type\":\"ListItem\",\"position\":3,\"name\":\"Alva Eskelin\"}]},{\"@type\":\"WebSite\",\"@id\":\"https:\\\/\\\/grifk-handball.com\\\/naiset\\\/#website\",\"url\":\"https:\\\/\\\/grifk-handball.com\\\/naiset\\\/\",\"name\":\"GrIFK K\u00e4sipallo Naiset\",\"description\":\"GrIFK K\u00e4sipallo Naiset\",\"potentialAction\":[{\"@type\":\"SearchAction\",\"target\":{\"@type\":\"EntryPoint\",\"urlTemplate\":\"https:\\\/\\\/grifk-handball.com\\\/naiset\\\/?s={search_term_string}\"},\"query-input\":{\"@type\":\"PropertyValueSpecification\",\"valueRequired\":true,\"valueName\":\"search_term_string\"}}],\"inLanguage\":\"fi\"}]}<\/script>\n<!-- \/ Yoast SEO plugin. -->","yoast_head_json":{"title":"Alva Eskelin &#187; GrIFK K\u00e4sipallo Naiset","robots":{"index":"index","follow":"follow","max-snippet":"max-snippet:-1","max-image-preview":"max-image-preview:large","max-video-preview":"max-video-preview:-1"},"canonical":"https:\/\/grifk-handball.com\/naiset\/joukkue-2024-25\/alva-eskelin\/","og_locale":"fi_FI","og_type":"article","og_title":"Alva Eskelin &#187; GrIFK K\u00e4sipallo Naiset","og_url":"https:\/\/grifk-handball.com\/naiset\/joukkue-2024-25\/alva-eskelin\/","og_site_name":"GrIFK K\u00e4sipallo Naiset","article_publisher":"https:\/\/www.facebook.com\/532444520237680","article_modified_time":"2024-09-20T10:56:07+00:00","og_image":[{"width":1333,"height":2000,"url":"https:\/\/grifk-handball.com\/naiset\/wp-content\/uploads\/sites\/3\/2024\/09\/Eskelin.png","type":"image\/png"}],"twitter_card":"summary_large_image","twitter_misc":{"Arvioitu lukuaika":"1 minuutti"},"schema":{"@context":"https:\/\/schema.org","@graph":[{"@type":"WebPage","@id":"https:\/\/grifk-handball.com\/naiset\/joukkue-2024-25\/alva-eskelin\/","url":"https:\/\/grifk-handball.com\/naiset\/joukkue-2024-25\/alva-eskelin\/","name":"Alva Eskelin &#187; GrIFK K\u00e4sipallo Naiset","isPartOf":{"@id":"https:\/\/grifk-handball.com\/naiset\/#website"},"primaryImageOfPage":{"@id":"https:\/\/grifk-handball.com\/naiset\/joukkue-2024-25\/alva-eskelin\/#primaryimage"},"image":{"@id":"https:\/\/grifk-handball.com\/naiset\/joukkue-2024-25\/alva-eskelin\/#primaryimage"},"thumbnailUrl":"https:\/\/grifk-handball.com\/naiset\/wp-content\/uploads\/sites\/3\/2024\/09\/Eskelin.png","datePublished":"2024-09-17T07:37:09+00:00","dateModified":"2024-09-20T10:56:07+00:00","breadcrumb":{"@id":"https:\/\/grifk-handball.com\/naiset\/joukkue-2024-25\/alva-eskelin\/#breadcrumb"},"inLanguage":"fi","potentialAction":[{"@type":"ReadAction","target":["https:\/\/grifk-handball.com\/naiset\/joukkue-2024-25\/alva-eskelin\/"]}]},{"@type":"ImageObject","inLanguage":"fi","@id":"https:\/\/grifk-handball.com\/naiset\/joukkue-2024-25\/alva-eskelin\/#primaryimage","url":"https:\/\/grifk-handball.com\/naiset\/wp-content\/uploads\/sites\/3\/2024\/09\/Eskelin.png","contentUrl":"https:\/\/grifk-handball.com\/naiset\/wp-content\/uploads\/sites\/3\/2024\/09\/Eskelin.png","width":1333,"height":2000},{"@type":"BreadcrumbList","@id":"https:\/\/grifk-handball.com\/naiset\/joukkue-2024-25\/alva-eskelin\/#breadcrumb","itemListElement":[{"@type":"ListItem","position":1,"name":"Home","item":"https:\/\/grifk-handball.com\/naiset\/etusivu-2\/"},{"@type":"ListItem","position":2,"name":"Joukkue 2024-25","item":"https:\/\/grifk-handball.com\/naiset\/joukkue-2024-25\/"},{"@type":"ListItem","position":3,"name":"Alva Eskelin"}]},{"@type":"WebSite","@id":"https:\/\/grifk-handball.com\/naiset\/#website","url":"https:\/\/grifk-handball.com\/naiset\/","name":"GrIFK K\u00e4sipallo Naiset","description":"GrIFK K\u00e4sipallo Naiset","potentialAction":[{"@type":"SearchAction","target":{"@type":"EntryPoint","urlTemplate":"https:\/\/grifk-handball.com\/naiset\/?s={search_term_string}"},"query-input":{"@type":"PropertyValueSpecification","valueRequired":true,"valueName":"search_term_string"}}],"inLanguage":"fi"}]}},"jetpack_sharing_enabled":true,"_links":{"self":[{"href":"https:\/\/grifk-handball.com\/naiset\/wp-json\/wp\/v2\/pages\/12292","targetHints":{"allow":["GET"]}}],"collection":[{"href":"https:\/\/grifk-handball.com\/naiset\/wp-json\/wp\/v2\/pages"}],"about":[{"href":"https:\/\/grifk-handball.com\/naiset\/wp-json\/wp\/v2\/types\/page"}],"author":[{"embeddable":true,"href":"https:\/\/grifk-handball.com\/naiset\/wp-json\/wp\/v2\/users\/6"}],"replies":[{"embeddable":true,"href":"https:\/\/grifk-handball.com\/naiset\/wp-json\/wp\/v2\/comments?post=12292"}],"version-history":[{"count":7,"href":"https:\/\/grifk-handball.com\/naiset\/wp-json\/wp\/v2\/pages\/12292\/revisions"}],"predecessor-version":[{"id":12420,"href":"https:\/\/grifk-handball.com\/naiset\/wp-json\/wp\/v2\/pages\/12292\/revisions\/12420"}],"up":[{"embeddable":true,"href":"https:\/\/grifk-handball.com\/naiset\/wp-json\/wp\/v2\/pages\/11990"}],"wp:featuredmedia":[{"embeddable":true,"href":"https:\/\/grifk-handball.com\/naiset\/wp-json\/wp\/v2\/media\/12360"}],"wp:attachment":[{"href":"https:\/\/grifk-handball.com\/naiset\/wp-json\/wp\/v2\/media?parent=12292"}],"wp:term":[{"taxonomy":"post_tag","embeddable":true,"href":"https:\/\/grifk-handball.com\/naiset\/wp-json\/wp\/v2\/tags?post=12292"}],"curies":[{"name":"wp","href":"https:\/\/api.w.org\/{rel}","templated":true}]}}