{"id":13038,"date":"2025-09-04T12:41:01","date_gmt":"2025-09-04T09:41:01","guid":{"rendered":"https:\/\/grifk-handball.com\/naiset\/?page_id=13038"},"modified":"2026-02-13T13:26:24","modified_gmt":"2026-02-13T11:26:24","slug":"cecilia-heinrichs","status":"publish","type":"page","link":"https:\/\/grifk-handball.com\/naiset\/joukkue-2025-26\/cecilia-heinrichs\/","title":{"rendered":"Cecilia Heinrichs"},"content":{"rendered":"\n<style type=\"text\/css\" data-created_by=\"avia_inline_auto\" id=\"style-css-av-9dmnb1-278bc96489218fe14b862d306d74fd36\">\n.flex_column.av-9dmnb1-278bc96489218fe14b862d306d74fd36{\nborder-radius:0px 0px 0px 0px;\npadding:0px 0px 0px 0px;\n}\n<\/style>\n<div  class='flex_column av-9dmnb1-278bc96489218fe14b862d306d74fd36 av_one_half  avia-builder-el-0  el_before_av_one_half  avia-builder-el-first  first flex_column_div av-zero-column-padding  '     ><p>\n<style type=\"text\/css\" data-created_by=\"avia_inline_auto\" id=\"style-css-av-9wlqh5-795952c608a6363148747ad4a3e16970\">\n#top .av-special-heading.av-9wlqh5-795952c608a6363148747ad4a3e16970{\npadding-bottom:0;\n}\nbody .av-special-heading.av-9wlqh5-795952c608a6363148747ad4a3e16970 .av-special-heading-tag .heading-char{\nfont-size:25px;\n}\n.av-special-heading.av-9wlqh5-795952c608a6363148747ad4a3e16970 .av-subheading{\nfont-size:15px;\n}\n<\/style>\n<div  class='av-special-heading av-9wlqh5-795952c608a6363148747ad4a3e16970 av-special-heading-h2  avia-builder-el-1  el_before_av_heading  avia-builder-el-first  pelinumero'><h2 class='av-special-heading-tag '  itemprop=\"headline\"  >14<\/h2><div class=\"special-heading-border\"><div class=\"special-heading-inner-border\"><\/div><\/div><\/div><br \/>\n\n<style type=\"text\/css\" data-created_by=\"avia_inline_auto\" id=\"style-css-av-7j3w09-a8ea5040d325437fe950d7dbf90c3159\">\n#top .av-special-heading.av-7j3w09-a8ea5040d325437fe950d7dbf90c3159{\npadding-bottom:0;\n}\nbody .av-special-heading.av-7j3w09-a8ea5040d325437fe950d7dbf90c3159 .av-special-heading-tag .heading-char{\nfont-size:25px;\n}\n.av-special-heading.av-7j3w09-a8ea5040d325437fe950d7dbf90c3159 .av-subheading{\nfont-size:15px;\n}\n<\/style>\n<div  class='av-special-heading av-7j3w09-a8ea5040d325437fe950d7dbf90c3159 av-special-heading-h1 meta-heading  avia-builder-el-2  el_after_av_heading  el_before_av_heading  pelaajan-nimi'><h1 class='av-special-heading-tag '  itemprop=\"headline\"  >Cecilia Heinrichs<\/h1><div class=\"special-heading-border\"><div class=\"special-heading-inner-border\"><\/div><\/div><\/div><br \/>\n\n<style type=\"text\/css\" data-created_by=\"avia_inline_auto\" id=\"style-css-av-6f5pbd-02a390fcb230f5d2510076dc2f73ad22\">\n#top .av-special-heading.av-6f5pbd-02a390fcb230f5d2510076dc2f73ad22{\npadding-bottom:10px;\n}\nbody .av-special-heading.av-6f5pbd-02a390fcb230f5d2510076dc2f73ad22 .av-special-heading-tag .heading-char{\nfont-size:25px;\n}\n.av-special-heading.av-6f5pbd-02a390fcb230f5d2510076dc2f73ad22 .av-subheading{\nfont-size:15px;\n}\n<\/style>\n<div  class='av-special-heading av-6f5pbd-02a390fcb230f5d2510076dc2f73ad22 av-special-heading-h3 blockquote modern-quote modern-centered  avia-builder-el-3  el_after_av_heading  el_before_av_animated_numbers '><h3 class='av-special-heading-tag '  itemprop=\"headline\"  >Pelipaikka:<\/h3><div class=\"special-heading-border\"><div class=\"special-heading-inner-border\"><\/div><\/div><\/div><br \/>\n<div  class=\"avia-animated-number av-jpi8c608-49846fb44e6c959ea2699942c6c844fe av-force-default-color avia_animate_when_visible  avia-builder-el-4  el_after_av_heading  el_before_av_heading  \" data-timer=\"3000\"><strong class=\"heading avia-animated-number-title\"><span class=\"avia-no-number\">M<\/span><span class=\"avia-single-number __av-single-number\" data-number_format=\"\" data-number=\"6\" data-start_from=\"0\">6<\/span><\/strong><div class=\"avia-animated-number-content\"><\/div><\/div><br \/>\n\n<style type=\"text\/css\" data-created_by=\"avia_inline_auto\" id=\"style-css-av-3zr1zt-8ddf0cba624127d59646ed8c5b3c356a\">\n#top .av-special-heading.av-3zr1zt-8ddf0cba624127d59646ed8c5b3c356a{\npadding-bottom:10px;\n}\nbody .av-special-heading.av-3zr1zt-8ddf0cba624127d59646ed8c5b3c356a .av-special-heading-tag .heading-char{\nfont-size:25px;\n}\n.av-special-heading.av-3zr1zt-8ddf0cba624127d59646ed8c5b3c356a .av-subheading{\nfont-size:15px;\n}\n<\/style>\n<div  class='av-special-heading av-3zr1zt-8ddf0cba624127d59646ed8c5b3c356a av-special-heading-h3 blockquote modern-quote modern-centered  avia-builder-el-5  el_after_av_animated_numbers  el_before_av_animated_numbers '><h3 class='av-special-heading-tag '  itemprop=\"headline\"  >Syntym\u00e4p\u00e4iv\u00e4:<\/h3><div class=\"special-heading-border\"><div class=\"special-heading-inner-border\"><\/div><\/div><\/div><br \/>\n<div  class=\"avia-animated-number av-jpi8c608-3-8b7ec9292f43fc287f8b10a3c1cc6a35 av-force-default-color avia_animate_when_visible  avia-builder-el-6  el_after_av_heading  el_before_av_heading  \" data-timer=\"3000\"><strong class=\"heading avia-animated-number-title\"><span class=\"avia-single-number __av-single-number\" data-number_format=\"\" data-number=\"17\" data-start_from=\"0\">17<\/span><span class=\"avia-no-number\">.<\/span><span class=\"avia-single-number __av-single-number\" data-number_format=\"\" data-number=\"06\" data-start_from=\"0\">06<\/span><span class=\"avia-no-number\">.<\/span><span class=\"avia-single-number __av-single-number\" data-number_format=\"\" data-number=\"2006\" data-start_from=\"0\">2006<\/span><\/strong><div class=\"avia-animated-number-content\"><\/div><\/div><br \/>\n\n<style type=\"text\/css\" data-created_by=\"avia_inline_auto\" id=\"style-css-av-2p210p-5918c6b9cdbe9763064cf02b92908ffd\">\n#top .av-special-heading.av-2p210p-5918c6b9cdbe9763064cf02b92908ffd{\npadding-bottom:10px;\n}\nbody .av-special-heading.av-2p210p-5918c6b9cdbe9763064cf02b92908ffd .av-special-heading-tag .heading-char{\nfont-size:25px;\n}\n.av-special-heading.av-2p210p-5918c6b9cdbe9763064cf02b92908ffd .av-subheading{\nfont-size:15px;\n}\n<\/style>\n<div  class='av-special-heading av-2p210p-5918c6b9cdbe9763064cf02b92908ffd av-special-heading-h3 blockquote modern-quote modern-centered  avia-builder-el-7  el_after_av_animated_numbers  el_before_av_animated_numbers '><h3 class='av-special-heading-tag '  itemprop=\"headline\"  >Pituus:<\/h3><div class=\"special-heading-border\"><div class=\"special-heading-inner-border\"><\/div><\/div><\/div><br \/>\n<div  class=\"avia-animated-number av-jpi8c608-2-563e24651b43beaaa5eba90765c98e00 av-force-default-color avia_animate_when_visible  avia-builder-el-8  el_after_av_heading  avia-builder-el-last  \" data-timer=\"3000\"><strong class=\"heading avia-animated-number-title\"><span class=\"avia-single-number __av-single-number\" data-number_format=\"\" data-number=\"171\" data-start_from=\"0\">171<\/span><span class=\"avia-no-number\"> cm<\/span><\/strong><div class=\"avia-animated-number-content\"><\/div><\/div><\/p><\/div>\n\n<style type=\"text\/css\" data-created_by=\"avia_inline_auto\" id=\"style-css-av-6ui965-8e5d5b144d2d65b7ce0b6d7a1cb0fd4b\">\n.flex_column.av-6ui965-8e5d5b144d2d65b7ce0b6d7a1cb0fd4b{\nborder-radius:0px 0px 0px 0px;\npadding:0px 0px 0px 0px;\n}\n<\/style>\n<div  class='flex_column av-6ui965-8e5d5b144d2d65b7ce0b6d7a1cb0fd4b av_one_half  avia-builder-el-9  el_after_av_one_half  el_before_av_one_half  flex_column_div av-zero-column-padding  '     ><style type=\"text\/css\" data-created_by=\"avia_inline_auto\" id=\"style-css-av-jpi8e20b-c4a5c2da444083324250594739350602\">\n.avia-image-container.av-jpi8e20b-c4a5c2da444083324250594739350602 img.avia_image{\nbox-shadow:none;\n}\n.avia-image-container.av-jpi8e20b-c4a5c2da444083324250594739350602 .av-image-caption-overlay-center{\ncolor:#ffffff;\n}\n<\/style>\n<div  class='avia-image-container av-jpi8e20b-c4a5c2da444083324250594739350602 av-styling- av-img-linked avia-align-center  avia-builder-el-10  avia-builder-el-no-sibling '   itemprop=\"image\" itemscope=\"itemscope\" itemtype=\"https:\/\/schema.org\/ImageObject\" ><div class=\"avia-image-container-inner\"><div class=\"avia-image-overlay-wrap\"><a href=\"https:\/\/grifk-handball.com\/naiset\/wp-content\/uploads\/sites\/3\/2025\/09\/Cecilia-Heinrichs.png\" data-srcset=\"https:\/\/grifk-handball.com\/naiset\/wp-content\/uploads\/sites\/3\/2025\/09\/Cecilia-Heinrichs.png 686w, https:\/\/grifk-handball.com\/naiset\/wp-content\/uploads\/sites\/3\/2025\/09\/Cecilia-Heinrichs-200x300.png 200w, https:\/\/grifk-handball.com\/naiset\/wp-content\/uploads\/sites\/3\/2025\/09\/Cecilia-Heinrichs-470x705.png 470w\" data-sizes=\"(max-width: 686px) 100vw, 686px\" class='avia_image '  aria-label='Cecilia Heinrichs'><img decoding=\"async\" fetchpriority=\"high\" class='wp-image-13039 avia-img-lazy-loading-not-13039 avia_image ' src=\"https:\/\/grifk-handball.com\/naiset\/wp-content\/uploads\/sites\/3\/2025\/09\/Cecilia-Heinrichs.png\" alt='' title='Cecilia Heinrichs'  height=\"1030\" width=\"686\"  itemprop=\"thumbnailUrl\" srcset=\"https:\/\/grifk-handball.com\/naiset\/wp-content\/uploads\/sites\/3\/2025\/09\/Cecilia-Heinrichs.png 686w, https:\/\/grifk-handball.com\/naiset\/wp-content\/uploads\/sites\/3\/2025\/09\/Cecilia-Heinrichs-200x300.png 200w, https:\/\/grifk-handball.com\/naiset\/wp-content\/uploads\/sites\/3\/2025\/09\/Cecilia-Heinrichs-470x705.png 470w\" sizes=\"(max-width: 686px) 100vw, 686px\" \/><\/a><\/div><\/div><\/div><\/div>\n<style type=\"text\/css\" data-created_by=\"avia_inline_auto\" id=\"style-css-av-4kingd-3b68c1c3c3df6e1e3a5867b7e784ece8\">\n.flex_column.av-4kingd-3b68c1c3c3df6e1e3a5867b7e784ece8{\nborder-radius:0px 0px 0px 0px;\npadding:50px 30px 30px 30px;\n}\n<\/style>\n<div  class='flex_column av-4kingd-3b68c1c3c3df6e1e3a5867b7e784ece8 av_one_half  avia-builder-el-11  el_after_av_one_half  el_before_av_one_full  first flex_column_div  column-top-margin'     ><style type=\"text\/css\" data-created_by=\"avia_inline_auto\" id=\"style-css-av-kftm4q82-0f3296de0ce5e24fdd595ceb410b3839\">\n#top .av-special-heading.av-kftm4q82-0f3296de0ce5e24fdd595ceb410b3839{\npadding-bottom:10px;\n}\nbody .av-special-heading.av-kftm4q82-0f3296de0ce5e24fdd595ceb410b3839 .av-special-heading-tag .heading-char{\nfont-size:25px;\n}\n.av-special-heading.av-kftm4q82-0f3296de0ce5e24fdd595ceb410b3839 .av-subheading{\nfont-size:15px;\n}\n<\/style>\n<div  class='av-special-heading av-kftm4q82-0f3296de0ce5e24fdd595ceb410b3839 av-special-heading-h3 blockquote modern-quote  avia-builder-el-12  avia-builder-el-no-sibling '><h3 class='av-special-heading-tag '  itemprop=\"headline\"  >Seurat:<\/h3><div class='av-subheading av-subheading_below'><p>GrIFK<br \/>\nDicken<\/p>\n<\/div><div class=\"special-heading-border\"><div class=\"special-heading-inner-border\"><\/div><\/div><\/div><\/div><\/p>\n<div class='flex_column_table av-1ykg71-fdc8ebe3d09e65a65f34670da50c8ec1 sc-av_one_full av-equal-height-column-flextable'>\n<style type=\"text\/css\" data-created_by=\"avia_inline_auto\" id=\"style-css-av-1ykg71-fdc8ebe3d09e65a65f34670da50c8ec1\">\n.flex_column.av-1ykg71-fdc8ebe3d09e65a65f34670da50c8ec1{\nborder-radius:0px 0px 0px 0px;\npadding:30px 30px 30px 30px;\n}\n<\/style>\n<div  class='flex_column av-1ykg71-fdc8ebe3d09e65a65f34670da50c8ec1 av_one_full  avia-builder-el-13  el_after_av_one_half  avia-builder-el-last  first no_margin flex_column_table_cell av-equal-height-column av-align-top  column-top-margin'     ><p>\n<style type=\"text\/css\" data-created_by=\"avia_inline_auto\" id=\"style-css-av-kftm7s9m-8aa9ecef88df0349a5812dcc2555bef5\">\n#top .av-special-heading.av-kftm7s9m-8aa9ecef88df0349a5812dcc2555bef5{\npadding-bottom:10px;\n}\nbody .av-special-heading.av-kftm7s9m-8aa9ecef88df0349a5812dcc2555bef5 .av-special-heading-tag .heading-char{\nfont-size:25px;\n}\n.av-special-heading.av-kftm7s9m-8aa9ecef88df0349a5812dcc2555bef5 .av-subheading{\nfont-size:15px;\n}\n<\/style>\n<div  class='av-special-heading av-kftm7s9m-8aa9ecef88df0349a5812dcc2555bef5 av-special-heading-h3 blockquote modern-quote  avia-builder-el-14  el_before_av_textblock  avia-builder-el-first '><h3 class='av-special-heading-tag '  itemprop=\"headline\"  >Tilastot:<\/h3><div class=\"special-heading-border\"><div class=\"special-heading-inner-border\"><\/div><\/div><\/div><br \/>\n<section  class='av_textblock_section av-jpi8idqu-0caa9bafe3f3634dd6ce19eaae1d6f4e '   itemscope=\"itemscope\" itemtype=\"https:\/\/schema.org\/CreativeWork\" ><div class='avia_textblock pelaajakortti-data'  itemprop=\"text\" ><p><a href=\"https:\/\/finnhandball.torneopal.fi\/taso\/widget.php?widget=player&amp;playerid=58947&amp;stats=1\">https:\/\/finnhandball.torneopal.fi\/taso\/widget.php?widget=player&amp;playerid=58947&amp;stats=1<\/a><\/p>\n<\/div><\/section><br \/>\n<section  class='av_textblock_section av-jpi8idqu-1-559eb7873047a52ac3627f1e07dbcc48 '   itemscope=\"itemscope\" itemtype=\"https:\/\/schema.org\/CreativeWork\" ><div class='avia_textblock'  itemprop=\"text\" ><h5 style=\"text-align: right\"><a href=\"https:\/\/tulospalvelu.finnhandball.net\/taso\/pelaaja.php?pelaaja=58947\" target=\"blank\">Tarkemmat tilastot Tulospalvelussa &gt;<\/a><\/h5>\n<\/div><\/section><\/p><\/div><\/div><!--close column table wrapper. Autoclose: 1 -->\n","protected":false},"excerpt":{"rendered":"","protected":false},"author":12,"featured_media":13039,"parent":12859,"menu_order":14,"comment_status":"closed","ping_status":"closed","template":"","meta":{"_acf_changed":false,"jetpack_post_was_ever_published":false,"footnotes":""},"tags":[460],"class_list":["post-13038","page","type-page","status-publish","has-post-thumbnail","hentry","tag-pelaajat-2025-2026"],"acf":[],"yoast_head":"<!-- This site is optimized with the Yoast SEO plugin v27.5 - https:\/\/yoast.com\/product\/yoast-seo-wordpress\/ -->\n<title>Cecilia Heinrichs &#187; GrIFK K\u00e4sipallo Naiset<\/title>\n<meta name=\"robots\" content=\"index, follow, max-snippet:-1, max-image-preview:large, max-video-preview:-1\" \/>\n<link rel=\"canonical\" href=\"https:\/\/grifk-handball.com\/naiset\/joukkue-2025-26\/cecilia-heinrichs\/\" \/>\n<meta property=\"og:locale\" content=\"fi_FI\" \/>\n<meta property=\"og:type\" content=\"article\" \/>\n<meta property=\"og:title\" content=\"Cecilia Heinrichs &#187; GrIFK K\u00e4sipallo Naiset\" \/>\n<meta property=\"og:url\" content=\"https:\/\/grifk-handball.com\/naiset\/joukkue-2025-26\/cecilia-heinrichs\/\" \/>\n<meta property=\"og:site_name\" content=\"GrIFK K\u00e4sipallo Naiset\" \/>\n<meta property=\"article:publisher\" content=\"https:\/\/www.facebook.com\/532444520237680\" \/>\n<meta property=\"article:modified_time\" content=\"2026-02-13T11:26:24+00:00\" \/>\n<meta property=\"og:image\" content=\"https:\/\/grifk-handball.com\/naiset\/wp-content\/uploads\/sites\/3\/2025\/09\/Cecilia-Heinrichs.png\" \/>\n\t<meta property=\"og:image:width\" content=\"686\" \/>\n\t<meta property=\"og:image:height\" content=\"1030\" \/>\n\t<meta property=\"og:image:type\" content=\"image\/png\" \/>\n<meta name=\"twitter:card\" content=\"summary_large_image\" \/>\n<meta name=\"twitter:label1\" content=\"Arvioitu lukuaika\" \/>\n\t<meta name=\"twitter:data1\" content=\"1 minuutti\" \/>\n<script type=\"application\/ld+json\" class=\"yoast-schema-graph\">{\"@context\":\"https:\\\/\\\/schema.org\",\"@graph\":[{\"@type\":\"WebPage\",\"@id\":\"https:\\\/\\\/grifk-handball.com\\\/naiset\\\/joukkue-2025-26\\\/cecilia-heinrichs\\\/\",\"url\":\"https:\\\/\\\/grifk-handball.com\\\/naiset\\\/joukkue-2025-26\\\/cecilia-heinrichs\\\/\",\"name\":\"Cecilia Heinrichs &#187; GrIFK K\u00e4sipallo Naiset\",\"isPartOf\":{\"@id\":\"https:\\\/\\\/grifk-handball.com\\\/naiset\\\/#website\"},\"primaryImageOfPage\":{\"@id\":\"https:\\\/\\\/grifk-handball.com\\\/naiset\\\/joukkue-2025-26\\\/cecilia-heinrichs\\\/#primaryimage\"},\"image\":{\"@id\":\"https:\\\/\\\/grifk-handball.com\\\/naiset\\\/joukkue-2025-26\\\/cecilia-heinrichs\\\/#primaryimage\"},\"thumbnailUrl\":\"https:\\\/\\\/grifk-handball.com\\\/naiset\\\/wp-content\\\/uploads\\\/sites\\\/3\\\/2025\\\/09\\\/Cecilia-Heinrichs.png\",\"datePublished\":\"2025-09-04T09:41:01+00:00\",\"dateModified\":\"2026-02-13T11:26:24+00:00\",\"breadcrumb\":{\"@id\":\"https:\\\/\\\/grifk-handball.com\\\/naiset\\\/joukkue-2025-26\\\/cecilia-heinrichs\\\/#breadcrumb\"},\"inLanguage\":\"fi\",\"potentialAction\":[{\"@type\":\"ReadAction\",\"target\":[\"https:\\\/\\\/grifk-handball.com\\\/naiset\\\/joukkue-2025-26\\\/cecilia-heinrichs\\\/\"]}]},{\"@type\":\"ImageObject\",\"inLanguage\":\"fi\",\"@id\":\"https:\\\/\\\/grifk-handball.com\\\/naiset\\\/joukkue-2025-26\\\/cecilia-heinrichs\\\/#primaryimage\",\"url\":\"https:\\\/\\\/grifk-handball.com\\\/naiset\\\/wp-content\\\/uploads\\\/sites\\\/3\\\/2025\\\/09\\\/Cecilia-Heinrichs.png\",\"contentUrl\":\"https:\\\/\\\/grifk-handball.com\\\/naiset\\\/wp-content\\\/uploads\\\/sites\\\/3\\\/2025\\\/09\\\/Cecilia-Heinrichs.png\",\"width\":686,\"height\":1030},{\"@type\":\"BreadcrumbList\",\"@id\":\"https:\\\/\\\/grifk-handball.com\\\/naiset\\\/joukkue-2025-26\\\/cecilia-heinrichs\\\/#breadcrumb\",\"itemListElement\":[{\"@type\":\"ListItem\",\"position\":1,\"name\":\"Home\",\"item\":\"https:\\\/\\\/grifk-handball.com\\\/naiset\\\/etusivu-2\\\/\"},{\"@type\":\"ListItem\",\"position\":2,\"name\":\"Joukkue 2025-26\",\"item\":\"https:\\\/\\\/grifk-handball.com\\\/naiset\\\/joukkue-2025-26\\\/\"},{\"@type\":\"ListItem\",\"position\":3,\"name\":\"Cecilia Heinrichs\"}]},{\"@type\":\"WebSite\",\"@id\":\"https:\\\/\\\/grifk-handball.com\\\/naiset\\\/#website\",\"url\":\"https:\\\/\\\/grifk-handball.com\\\/naiset\\\/\",\"name\":\"GrIFK K\u00e4sipallo Naiset\",\"description\":\"GrIFK K\u00e4sipallo Naiset\",\"potentialAction\":[{\"@type\":\"SearchAction\",\"target\":{\"@type\":\"EntryPoint\",\"urlTemplate\":\"https:\\\/\\\/grifk-handball.com\\\/naiset\\\/?s={search_term_string}\"},\"query-input\":{\"@type\":\"PropertyValueSpecification\",\"valueRequired\":true,\"valueName\":\"search_term_string\"}}],\"inLanguage\":\"fi\"}]}<\/script>\n<!-- \/ Yoast SEO plugin. -->","yoast_head_json":{"title":"Cecilia Heinrichs &#187; GrIFK K\u00e4sipallo Naiset","robots":{"index":"index","follow":"follow","max-snippet":"max-snippet:-1","max-image-preview":"max-image-preview:large","max-video-preview":"max-video-preview:-1"},"canonical":"https:\/\/grifk-handball.com\/naiset\/joukkue-2025-26\/cecilia-heinrichs\/","og_locale":"fi_FI","og_type":"article","og_title":"Cecilia Heinrichs &#187; GrIFK K\u00e4sipallo Naiset","og_url":"https:\/\/grifk-handball.com\/naiset\/joukkue-2025-26\/cecilia-heinrichs\/","og_site_name":"GrIFK K\u00e4sipallo Naiset","article_publisher":"https:\/\/www.facebook.com\/532444520237680","article_modified_time":"2026-02-13T11:26:24+00:00","og_image":[{"width":686,"height":1030,"url":"https:\/\/grifk-handball.com\/naiset\/wp-content\/uploads\/sites\/3\/2025\/09\/Cecilia-Heinrichs.png","type":"image\/png"}],"twitter_card":"summary_large_image","twitter_misc":{"Arvioitu lukuaika":"1 minuutti"},"schema":{"@context":"https:\/\/schema.org","@graph":[{"@type":"WebPage","@id":"https:\/\/grifk-handball.com\/naiset\/joukkue-2025-26\/cecilia-heinrichs\/","url":"https:\/\/grifk-handball.com\/naiset\/joukkue-2025-26\/cecilia-heinrichs\/","name":"Cecilia Heinrichs &#187; GrIFK K\u00e4sipallo Naiset","isPartOf":{"@id":"https:\/\/grifk-handball.com\/naiset\/#website"},"primaryImageOfPage":{"@id":"https:\/\/grifk-handball.com\/naiset\/joukkue-2025-26\/cecilia-heinrichs\/#primaryimage"},"image":{"@id":"https:\/\/grifk-handball.com\/naiset\/joukkue-2025-26\/cecilia-heinrichs\/#primaryimage"},"thumbnailUrl":"https:\/\/grifk-handball.com\/naiset\/wp-content\/uploads\/sites\/3\/2025\/09\/Cecilia-Heinrichs.png","datePublished":"2025-09-04T09:41:01+00:00","dateModified":"2026-02-13T11:26:24+00:00","breadcrumb":{"@id":"https:\/\/grifk-handball.com\/naiset\/joukkue-2025-26\/cecilia-heinrichs\/#breadcrumb"},"inLanguage":"fi","potentialAction":[{"@type":"ReadAction","target":["https:\/\/grifk-handball.com\/naiset\/joukkue-2025-26\/cecilia-heinrichs\/"]}]},{"@type":"ImageObject","inLanguage":"fi","@id":"https:\/\/grifk-handball.com\/naiset\/joukkue-2025-26\/cecilia-heinrichs\/#primaryimage","url":"https:\/\/grifk-handball.com\/naiset\/wp-content\/uploads\/sites\/3\/2025\/09\/Cecilia-Heinrichs.png","contentUrl":"https:\/\/grifk-handball.com\/naiset\/wp-content\/uploads\/sites\/3\/2025\/09\/Cecilia-Heinrichs.png","width":686,"height":1030},{"@type":"BreadcrumbList","@id":"https:\/\/grifk-handball.com\/naiset\/joukkue-2025-26\/cecilia-heinrichs\/#breadcrumb","itemListElement":[{"@type":"ListItem","position":1,"name":"Home","item":"https:\/\/grifk-handball.com\/naiset\/etusivu-2\/"},{"@type":"ListItem","position":2,"name":"Joukkue 2025-26","item":"https:\/\/grifk-handball.com\/naiset\/joukkue-2025-26\/"},{"@type":"ListItem","position":3,"name":"Cecilia Heinrichs"}]},{"@type":"WebSite","@id":"https:\/\/grifk-handball.com\/naiset\/#website","url":"https:\/\/grifk-handball.com\/naiset\/","name":"GrIFK K\u00e4sipallo Naiset","description":"GrIFK K\u00e4sipallo Naiset","potentialAction":[{"@type":"SearchAction","target":{"@type":"EntryPoint","urlTemplate":"https:\/\/grifk-handball.com\/naiset\/?s={search_term_string}"},"query-input":{"@type":"PropertyValueSpecification","valueRequired":true,"valueName":"search_term_string"}}],"inLanguage":"fi"}]}},"jetpack_sharing_enabled":true,"_links":{"self":[{"href":"https:\/\/grifk-handball.com\/naiset\/wp-json\/wp\/v2\/pages\/13038","targetHints":{"allow":["GET"]}}],"collection":[{"href":"https:\/\/grifk-handball.com\/naiset\/wp-json\/wp\/v2\/pages"}],"about":[{"href":"https:\/\/grifk-handball.com\/naiset\/wp-json\/wp\/v2\/types\/page"}],"author":[{"embeddable":true,"href":"https:\/\/grifk-handball.com\/naiset\/wp-json\/wp\/v2\/users\/12"}],"replies":[{"embeddable":true,"href":"https:\/\/grifk-handball.com\/naiset\/wp-json\/wp\/v2\/comments?post=13038"}],"version-history":[{"count":4,"href":"https:\/\/grifk-handball.com\/naiset\/wp-json\/wp\/v2\/pages\/13038\/revisions"}],"predecessor-version":[{"id":14010,"href":"https:\/\/grifk-handball.com\/naiset\/wp-json\/wp\/v2\/pages\/13038\/revisions\/14010"}],"up":[{"embeddable":true,"href":"https:\/\/grifk-handball.com\/naiset\/wp-json\/wp\/v2\/pages\/12859"}],"wp:featuredmedia":[{"embeddable":true,"href":"https:\/\/grifk-handball.com\/naiset\/wp-json\/wp\/v2\/media\/13039"}],"wp:attachment":[{"href":"https:\/\/grifk-handball.com\/naiset\/wp-json\/wp\/v2\/media?parent=13038"}],"wp:term":[{"taxonomy":"post_tag","embeddable":true,"href":"https:\/\/grifk-handball.com\/naiset\/wp-json\/wp\/v2\/tags?post=13038"}],"curies":[{"name":"wp","href":"https:\/\/api.w.org\/{rel}","templated":true}]}}