{"id":7624,"date":"2019-09-13T15:41:21","date_gmt":"2019-09-13T12:41:21","guid":{"rendered":"https:\/\/grifk-handball.com\/naiset\/?page_id=7624"},"modified":"2022-10-11T12:04:46","modified_gmt":"2022-10-11T09:04:46","slug":"antonia-strang","status":"publish","type":"page","link":"https:\/\/grifk-handball.com\/naiset\/tilastot-2022-23\/joukkue-2022-23\/antonia-strang\/","title":{"rendered":"Antonia Strang"},"content":{"rendered":"\n<style type=\"text\/css\" data-created_by=\"avia_inline_auto\" id=\"style-css-av-9dmnb1-278bc96489218fe14b862d306d74fd36\">\n.flex_column.av-9dmnb1-278bc96489218fe14b862d306d74fd36{\nborder-radius:0px 0px 0px 0px;\npadding:0px 0px 0px 0px;\n}\n<\/style>\n<div  class='flex_column av-9dmnb1-278bc96489218fe14b862d306d74fd36 av_one_half  avia-builder-el-0  el_before_av_one_half  avia-builder-el-first  first flex_column_div av-zero-column-padding  '     ><p>\n<style type=\"text\/css\" data-created_by=\"avia_inline_auto\" id=\"style-css-av-k0i3zq0s-167f9cfc905baeeca1d85545021845ae\">\n#top .av-special-heading.av-k0i3zq0s-167f9cfc905baeeca1d85545021845ae{\npadding-bottom:0;\n}\nbody .av-special-heading.av-k0i3zq0s-167f9cfc905baeeca1d85545021845ae .av-special-heading-tag .heading-char{\nfont-size:25px;\n}\n.av-special-heading.av-k0i3zq0s-167f9cfc905baeeca1d85545021845ae .av-subheading{\nfont-size:15px;\n}\n<\/style>\n<div  class='av-special-heading av-k0i3zq0s-167f9cfc905baeeca1d85545021845ae av-special-heading-h2  avia-builder-el-1  el_before_av_heading  avia-builder-el-first  pelinumero av-linked-heading'><h2 class='av-special-heading-tag '  itemprop=\"headline\"  >10<\/h2><div class=\"special-heading-border\"><div class=\"special-heading-inner-border\"><\/div><\/div><\/div><br \/>\n\n<style type=\"text\/css\" data-created_by=\"avia_inline_auto\" id=\"style-css-av-k0i3zy2i-27c917a76c1733abf16fede143f909ce\">\n#top .av-special-heading.av-k0i3zy2i-27c917a76c1733abf16fede143f909ce{\npadding-bottom:0;\n}\nbody .av-special-heading.av-k0i3zy2i-27c917a76c1733abf16fede143f909ce .av-special-heading-tag .heading-char{\nfont-size:25px;\n}\n.av-special-heading.av-k0i3zy2i-27c917a76c1733abf16fede143f909ce .av-subheading{\nfont-size:15px;\n}\n<\/style>\n<div  class='av-special-heading av-k0i3zy2i-27c917a76c1733abf16fede143f909ce av-special-heading-h1 meta-heading  avia-builder-el-2  el_after_av_heading  el_before_av_heading  pelaajan-nimi av-linked-heading'><h1 class='av-special-heading-tag '  itemprop=\"headline\"  >Antonia Strang<\/h1><div class=\"special-heading-border\"><div class=\"special-heading-inner-border\"><\/div><\/div><\/div><br \/>\n\n<style type=\"text\/css\" data-created_by=\"avia_inline_auto\" id=\"style-css-av-5o8hiw-cb6191cbe225b21c6bac9d30da0c08e8\">\n#top .av-special-heading.av-5o8hiw-cb6191cbe225b21c6bac9d30da0c08e8{\npadding-bottom:10px;\n}\nbody .av-special-heading.av-5o8hiw-cb6191cbe225b21c6bac9d30da0c08e8 .av-special-heading-tag .heading-char{\nfont-size:25px;\n}\n.av-special-heading.av-5o8hiw-cb6191cbe225b21c6bac9d30da0c08e8 .av-subheading{\nfont-size:15px;\n}\n<\/style>\n<div  class='av-special-heading av-5o8hiw-cb6191cbe225b21c6bac9d30da0c08e8 av-special-heading-h3 blockquote modern-quote modern-centered  avia-builder-el-3  el_after_av_heading  el_before_av_animated_numbers '><h3 class='av-special-heading-tag '  itemprop=\"headline\"  >Pelipaikka:<\/h3><div class=\"special-heading-border\"><div class=\"special-heading-inner-border\"><\/div><\/div><\/div><br \/>\n<div  class=\"avia-animated-number av-jpi8c608-e263992bf04b2e988ee9922f6fdae9d3 av-force-default-color avia_animate_when_visible  avia-builder-el-4  el_after_av_heading  el_before_av_heading  \" data-timer=\"3000\"><strong class=\"heading avia-animated-number-title\"><span class=\"avia-single-number __av-single-number\" data-number_format=\"\" data-number=\"9\" data-start_from=\"0\">9<\/span><span class=\"avia-no-number\">M<\/span><\/strong><div class=\"avia-animated-number-content\"><\/div><\/div><br \/>\n\n<style type=\"text\/css\" data-created_by=\"avia_inline_auto\" id=\"style-css-av-1bbew-5cbbf60607eeacb0638120f64baecdeb\">\n#top .av-special-heading.av-1bbew-5cbbf60607eeacb0638120f64baecdeb{\npadding-bottom:10px;\n}\nbody .av-special-heading.av-1bbew-5cbbf60607eeacb0638120f64baecdeb .av-special-heading-tag .heading-char{\nfont-size:25px;\n}\n.av-special-heading.av-1bbew-5cbbf60607eeacb0638120f64baecdeb .av-subheading{\nfont-size:15px;\n}\n<\/style>\n<div  class='av-special-heading av-1bbew-5cbbf60607eeacb0638120f64baecdeb av-special-heading-h3 blockquote modern-quote modern-centered  avia-builder-el-5  el_after_av_animated_numbers  el_before_av_animated_numbers '><h3 class='av-special-heading-tag '  itemprop=\"headline\"  >Syntym\u00e4p\u00e4iv\u00e4:<\/h3><div class=\"special-heading-border\"><div class=\"special-heading-inner-border\"><\/div><\/div><\/div><br \/>\n<div  class=\"avia-animated-number av-jpi8c608-f401bc69fe801b76cdba77977e8146a0 av-force-default-color avia_animate_when_visible  avia-builder-el-6  el_after_av_heading  el_before_av_heading  \" data-timer=\"3000\"><strong class=\"heading avia-animated-number-title\"><span class=\"avia-single-number __av-single-number\" data-number_format=\"\" data-number=\"2003\" data-start_from=\"0\">2003<\/span><\/strong><div class=\"avia-animated-number-content\"><\/div><\/div><br \/>\n\n<style type=\"text\/css\" data-created_by=\"avia_inline_auto\" id=\"style-css-av-2k1s08-c42aaa4875133ea330538eaee0f291eb\">\n#top .av-special-heading.av-2k1s08-c42aaa4875133ea330538eaee0f291eb{\npadding-bottom:10px;\n}\nbody .av-special-heading.av-2k1s08-c42aaa4875133ea330538eaee0f291eb .av-special-heading-tag .heading-char{\nfont-size:25px;\n}\n.av-special-heading.av-2k1s08-c42aaa4875133ea330538eaee0f291eb .av-subheading{\nfont-size:15px;\n}\n<\/style>\n<div  class='av-special-heading av-2k1s08-c42aaa4875133ea330538eaee0f291eb av-special-heading-h3 blockquote modern-quote modern-centered  avia-builder-el-7  el_after_av_animated_numbers  el_before_av_animated_numbers '><h3 class='av-special-heading-tag '  itemprop=\"headline\"  >Pituus:<\/h3><div class=\"special-heading-border\"><div class=\"special-heading-inner-border\"><\/div><\/div><\/div><br \/>\n<div  class=\"avia-animated-number av-jpi8c608-c976821c63f166fd5e98ae7a436ac4e7 av-force-default-color avia_animate_when_visible  avia-builder-el-8  el_after_av_heading  avia-builder-el-last  \" data-timer=\"3000\"><strong class=\"heading avia-animated-number-title\"><\/strong><div class=\"avia-animated-number-content\"><\/div><\/div><\/p><\/div>\n\n<style type=\"text\/css\" data-created_by=\"avia_inline_auto\" id=\"style-css-av-6ui965-8e5d5b144d2d65b7ce0b6d7a1cb0fd4b\">\n.flex_column.av-6ui965-8e5d5b144d2d65b7ce0b6d7a1cb0fd4b{\nborder-radius:0px 0px 0px 0px;\npadding:0px 0px 0px 0px;\n}\n<\/style>\n<div  class='flex_column av-6ui965-8e5d5b144d2d65b7ce0b6d7a1cb0fd4b av_one_half  avia-builder-el-9  el_after_av_one_half  el_before_av_one_full  flex_column_div av-zero-column-padding  '     ><style type=\"text\/css\" data-created_by=\"avia_inline_auto\" id=\"style-css-av-jpi8e20b-94764299661327116298d3de30b7a997\">\n.avia-image-container.av-jpi8e20b-94764299661327116298d3de30b7a997 img.avia_image{\nbox-shadow:none;\n}\n.avia-image-container.av-jpi8e20b-94764299661327116298d3de30b7a997 .av-image-caption-overlay-center{\ncolor:#ffffff;\n}\n<\/style>\n<div  class='avia-image-container av-jpi8e20b-94764299661327116298d3de30b7a997 av-styling- av-img-linked avia-align-center  avia-builder-el-10  avia-builder-el-no-sibling '   itemprop=\"image\" itemscope=\"itemscope\" itemtype=\"https:\/\/schema.org\/ImageObject\" ><div class=\"avia-image-container-inner\"><div class=\"avia-image-overlay-wrap\"><a href=\"https:\/\/grifk-handball.com\/naiset\/wp-content\/uploads\/sites\/3\/2022\/10\/Damer_Strang_Antonia_00120-687x1030.jpg\" data-srcset=\"https:\/\/grifk-handball.com\/naiset\/wp-content\/uploads\/sites\/3\/2022\/10\/Damer_Strang_Antonia_00120-687x1030.jpg 687w, https:\/\/grifk-handball.com\/naiset\/wp-content\/uploads\/sites\/3\/2022\/10\/Damer_Strang_Antonia_00120-200x300.jpg 200w, https:\/\/grifk-handball.com\/naiset\/wp-content\/uploads\/sites\/3\/2022\/10\/Damer_Strang_Antonia_00120-768x1152.jpg 768w, https:\/\/grifk-handball.com\/naiset\/wp-content\/uploads\/sites\/3\/2022\/10\/Damer_Strang_Antonia_00120-1024x1536.jpg 1024w, https:\/\/grifk-handball.com\/naiset\/wp-content\/uploads\/sites\/3\/2022\/10\/Damer_Strang_Antonia_00120-1365x2048.jpg 1365w, https:\/\/grifk-handball.com\/naiset\/wp-content\/uploads\/sites\/3\/2022\/10\/Damer_Strang_Antonia_00120-1000x1500.jpg 1000w, https:\/\/grifk-handball.com\/naiset\/wp-content\/uploads\/sites\/3\/2022\/10\/Damer_Strang_Antonia_00120-470x705.jpg 470w, https:\/\/grifk-handball.com\/naiset\/wp-content\/uploads\/sites\/3\/2022\/10\/Damer_Strang_Antonia_00120-scaled.jpg 1707w\" data-sizes=\"(max-width: 687px) 100vw, 687px\" class='avia_image '  aria-label='Damer_Strang_Antonia_00120'><img decoding=\"async\" fetchpriority=\"high\" class='wp-image-10283 avia-img-lazy-loading-not-10283 avia_image ' src=\"https:\/\/grifk-handball.com\/naiset\/wp-content\/uploads\/sites\/3\/2022\/10\/Damer_Strang_Antonia_00120-scaled.jpg\" alt='' title='Damer_Strang_Antonia_00120'  height=\"2560\" width=\"1707\"  itemprop=\"thumbnailUrl\" srcset=\"https:\/\/grifk-handball.com\/naiset\/wp-content\/uploads\/sites\/3\/2022\/10\/Damer_Strang_Antonia_00120-scaled.jpg 1707w, https:\/\/grifk-handball.com\/naiset\/wp-content\/uploads\/sites\/3\/2022\/10\/Damer_Strang_Antonia_00120-200x300.jpg 200w, https:\/\/grifk-handball.com\/naiset\/wp-content\/uploads\/sites\/3\/2022\/10\/Damer_Strang_Antonia_00120-687x1030.jpg 687w, https:\/\/grifk-handball.com\/naiset\/wp-content\/uploads\/sites\/3\/2022\/10\/Damer_Strang_Antonia_00120-768x1152.jpg 768w, https:\/\/grifk-handball.com\/naiset\/wp-content\/uploads\/sites\/3\/2022\/10\/Damer_Strang_Antonia_00120-1024x1536.jpg 1024w, https:\/\/grifk-handball.com\/naiset\/wp-content\/uploads\/sites\/3\/2022\/10\/Damer_Strang_Antonia_00120-1365x2048.jpg 1365w, https:\/\/grifk-handball.com\/naiset\/wp-content\/uploads\/sites\/3\/2022\/10\/Damer_Strang_Antonia_00120-1000x1500.jpg 1000w, https:\/\/grifk-handball.com\/naiset\/wp-content\/uploads\/sites\/3\/2022\/10\/Damer_Strang_Antonia_00120-470x705.jpg 470w\" sizes=\"(max-width: 1707px) 100vw, 1707px\" \/><\/a><\/div><\/div><\/div><\/div><div class='flex_column_table av-jpi8fvn6-4573eb5ea75be01b7f28bda3c440eeee sc-av_one_full av-equal-height-column-flextable'>\n<style type=\"text\/css\" data-created_by=\"avia_inline_auto\" id=\"style-css-av-jpi8fvn6-4573eb5ea75be01b7f28bda3c440eeee\">\n.flex_column.av-jpi8fvn6-4573eb5ea75be01b7f28bda3c440eeee{\nborder-radius:0px 0px 0px 0px;\npadding:30px 30px 30px 30px;\nbackground:url(https:\/\/grifk-handball.com\/naiset\/wp-content\/uploads\/sites\/3\/2017\/08\/grifk_web-tausta_1-1030x644.jpg) 50% 50% no-repeat scroll ;\n}\n<\/style>\n<div  class='flex_column av-jpi8fvn6-4573eb5ea75be01b7f28bda3c440eeee av_one_full  avia-builder-el-11  el_after_av_one_half  el_before_av_one_half  first no_margin flex_column_table_cell av-equal-height-column av-align-bottom avia-full-stretch  column-top-margin'     ><section  class='av_textblock_section av-jpi8idqu-a3c8025c9b0df988ea8bcb139f7763b2 '   itemscope=\"itemscope\" itemtype=\"https:\/\/schema.org\/CreativeWork\" ><div class='avia_textblock'  itemprop=\"text\" ><p><b>Smeknamn<\/b><span style=\"font-weight: 400\">: Jag har aldrig riktit haft n\u00e5got smeknamn n\u00e4r jag har s\u00e5 kort namn\u00a0<\/span><\/p>\n<p><b>Familj<\/b><span style=\"font-weight: 400\">: Mamma, pappa, syster<\/span><\/p>\n<p><b>Jobb\/ Studier: <\/b><span style=\"font-weight: 400\">Sista \u00e5ret i GGs<\/span><\/p>\n<p><b>Hur skulle du beskriva dig sj\u00e4lv: <\/b><span style=\"font-weight: 400\">M\u00e5lmedveten, positiv, virrig \ud83e\udd17<\/span><\/p>\n<p><b>B\u00e4sta med handboll: <\/b><span style=\"font-weight: 400\">Gemenskapen, k\u00e4nslan att utvecklas, n\u00e5 sina m\u00e5l och vinna tillsammans\u00a0<\/span><\/p>\n<p><b>Hur m\u00e5nga \u00e5r har du spelat handboll? <\/b><span style=\"font-weight: 400\">ungef\u00e4r 11\u00e5r \ud83e\udd3e\u200d\u2640\ufe0f<\/span><\/p>\n<p><b>Vad \u00e4r din matchrutin? <\/b><span style=\"font-weight: 400\">Vakna, g\u00e5 p\u00e5 en promenad och samtidigt fokusera p\u00e5 matchen, \u00e4ta wok och tagga till \ud83d\udcaa<\/span><\/p>\n<p><b>Favorit\u2026.\u00a0<\/b><\/p>\n<p><b>Musik:<\/b><span style=\"font-weight: 400\"> Gillar mycket men en favorit \u00e4r nog 80-tals musik\u00a0<\/span><\/p>\n<p><b>Tr\u00e4ningsform<\/b><span style=\"font-weight: 400\">: Snabbt spel<\/span><\/p>\n<p><b>Uttryck<\/b><span style=\"font-weight: 400\">: I do anything, like I do everything, with all I got<\/span><\/p>\n<\/div><\/section><\/div><\/div><!--close column table wrapper. Autoclose: 1 --><\/p>\n\n<style type=\"text\/css\" data-created_by=\"avia_inline_auto\" id=\"style-css-av-4kingd-3b68c1c3c3df6e1e3a5867b7e784ece8\">\n.flex_column.av-4kingd-3b68c1c3c3df6e1e3a5867b7e784ece8{\nborder-radius:0px 0px 0px 0px;\npadding:50px 30px 30px 30px;\n}\n<\/style>\n<div  class='flex_column av-4kingd-3b68c1c3c3df6e1e3a5867b7e784ece8 av_one_half  avia-builder-el-13  el_after_av_one_full  el_before_av_one_full  first flex_column_div  column-top-margin'     ><style type=\"text\/css\" data-created_by=\"avia_inline_auto\" id=\"style-css-av-k17jwjz2-2c5ea21b710387cfe4f7317620671f87\">\n#top .av-special-heading.av-k17jwjz2-2c5ea21b710387cfe4f7317620671f87{\npadding-bottom:10px;\n}\nbody .av-special-heading.av-k17jwjz2-2c5ea21b710387cfe4f7317620671f87 .av-special-heading-tag .heading-char{\nfont-size:25px;\n}\n.av-special-heading.av-k17jwjz2-2c5ea21b710387cfe4f7317620671f87 .av-subheading{\nfont-size:15px;\n}\n<\/style>\n<div  class='av-special-heading av-k17jwjz2-2c5ea21b710387cfe4f7317620671f87 av-special-heading-h3 blockquote modern-quote  avia-builder-el-14  avia-builder-el-no-sibling '><h3 class='av-special-heading-tag '  itemprop=\"headline\"  >Seurat:<\/h3><div class='av-subheading av-subheading_below'><p>GrIFK<\/p>\n<\/div><div class=\"special-heading-border\"><div class=\"special-heading-inner-border\"><\/div><\/div><\/div><\/div>\n<div class='flex_column_table av-1ykg71-fdc8ebe3d09e65a65f34670da50c8ec1 sc-av_one_full av-equal-height-column-flextable'>\n<style type=\"text\/css\" data-created_by=\"avia_inline_auto\" id=\"style-css-av-1ykg71-fdc8ebe3d09e65a65f34670da50c8ec1\">\n.flex_column.av-1ykg71-fdc8ebe3d09e65a65f34670da50c8ec1{\nborder-radius:0px 0px 0px 0px;\npadding:30px 30px 30px 30px;\n}\n<\/style>\n<div  class='flex_column av-1ykg71-fdc8ebe3d09e65a65f34670da50c8ec1 av_one_full  avia-builder-el-15  el_after_av_one_half  avia-builder-el-last  first no_margin flex_column_table_cell av-equal-height-column av-align-top  column-top-margin'     ><p>\n<style type=\"text\/css\" data-created_by=\"avia_inline_auto\" id=\"style-css-av-37v47c-f173046939fbc6a0f66b4dcd5e0fd95c\">\n#top .av-special-heading.av-37v47c-f173046939fbc6a0f66b4dcd5e0fd95c{\npadding-bottom:10px;\n}\nbody .av-special-heading.av-37v47c-f173046939fbc6a0f66b4dcd5e0fd95c .av-special-heading-tag .heading-char{\nfont-size:25px;\n}\n.av-special-heading.av-37v47c-f173046939fbc6a0f66b4dcd5e0fd95c .av-subheading{\nfont-size:15px;\n}\n<\/style>\n<div  class='av-special-heading av-37v47c-f173046939fbc6a0f66b4dcd5e0fd95c av-special-heading-h3 blockquote modern-quote  avia-builder-el-16  el_before_av_textblock  avia-builder-el-first '><h3 class='av-special-heading-tag '  itemprop=\"headline\"  >Tilastot:<\/h3><div class=\"special-heading-border\"><div class=\"special-heading-inner-border\"><\/div><\/div><\/div><br \/>\n<section  class='av_textblock_section av-jpi8idqu-1c10eb38ee2d9f9c38337f83cb5a2e5c '   itemscope=\"itemscope\" itemtype=\"https:\/\/schema.org\/CreativeWork\" ><div class='avia_textblock pelaajakortti-data'  itemprop=\"text\" ><p><a href=\"https:\/\/finnhandball.torneopal.fi\/taso\/widget.php?widget=player&amp;playerid=50113&amp;stats=1\">https:\/\/finnhandball.torneopal.fi\/taso\/widget.php?widget=player&amp;playerid=50113&amp;stats=1<\/a><\/p>\n<\/div><\/section><br \/>\n<section  class='av_textblock_section av-jpi8idqu-5b340ab3bba08a8d80f4a0510e69ee68 '   itemscope=\"itemscope\" itemtype=\"https:\/\/schema.org\/CreativeWork\" ><div class='avia_textblock'  itemprop=\"text\" ><h5 style=\"text-align: right\"><a href=\"https:\/\/tulospalvelu.finnhandball.net\/taso\/pelaaja.php?pelaaja=50113\" target=\"blank\" rel=\"noopener\">Tarkemmat tilastot Tulospalvelussa &gt;<\/a><\/h5>\n<\/div><\/section><\/p><\/div><\/div><!--close column table wrapper. Autoclose: 1 -->\n","protected":false},"excerpt":{"rendered":"","protected":false},"author":6,"featured_media":10283,"parent":10123,"menu_order":10,"comment_status":"closed","ping_status":"closed","template":"","meta":{"_acf_changed":false,"jetpack_post_was_ever_published":false,"footnotes":""},"tags":[269],"class_list":["post-7624","page","type-page","status-publish","has-post-thumbnail","hentry","tag-pelaajat-2022-23"],"acf":[],"yoast_head":"<!-- This site is optimized with the Yoast SEO plugin v27.4 - https:\/\/yoast.com\/product\/yoast-seo-wordpress\/ -->\n<title>Antonia Strang &#187; GrIFK K\u00e4sipallo Naiset<\/title>\n<meta name=\"robots\" content=\"index, follow, max-snippet:-1, max-image-preview:large, max-video-preview:-1\" \/>\n<link rel=\"canonical\" href=\"https:\/\/grifk-handball.com\/naiset\/tilastot-2022-23\/joukkue-2022-23\/antonia-strang\/\" \/>\n<meta property=\"og:locale\" content=\"fi_FI\" \/>\n<meta property=\"og:type\" content=\"article\" \/>\n<meta property=\"og:title\" content=\"Antonia Strang &#187; GrIFK K\u00e4sipallo Naiset\" \/>\n<meta property=\"og:url\" content=\"https:\/\/grifk-handball.com\/naiset\/tilastot-2022-23\/joukkue-2022-23\/antonia-strang\/\" \/>\n<meta property=\"og:site_name\" content=\"GrIFK K\u00e4sipallo Naiset\" \/>\n<meta property=\"article:publisher\" content=\"https:\/\/www.facebook.com\/532444520237680\" \/>\n<meta property=\"article:modified_time\" content=\"2022-10-11T09:04:46+00:00\" \/>\n<meta property=\"og:image\" content=\"https:\/\/grifk-handball.com\/naiset\/wp-content\/uploads\/sites\/3\/2022\/10\/Damer_Strang_Antonia_00120-687x1030.jpg\" \/>\n\t<meta property=\"og:image:width\" content=\"687\" \/>\n\t<meta property=\"og:image:height\" content=\"1030\" \/>\n\t<meta property=\"og:image:type\" content=\"image\/jpeg\" \/>\n<meta name=\"twitter:card\" content=\"summary_large_image\" \/>\n<meta name=\"twitter:label1\" content=\"Arvioitu lukuaika\" \/>\n\t<meta name=\"twitter:data1\" content=\"5 minuuttia\" \/>\n<script type=\"application\/ld+json\" class=\"yoast-schema-graph\">{\"@context\":\"https:\\\/\\\/schema.org\",\"@graph\":[{\"@type\":\"WebPage\",\"@id\":\"https:\\\/\\\/grifk-handball.com\\\/naiset\\\/tilastot-2022-23\\\/joukkue-2022-23\\\/antonia-strang\\\/\",\"url\":\"https:\\\/\\\/grifk-handball.com\\\/naiset\\\/tilastot-2022-23\\\/joukkue-2022-23\\\/antonia-strang\\\/\",\"name\":\"Antonia Strang &#187; GrIFK K\u00e4sipallo Naiset\",\"isPartOf\":{\"@id\":\"https:\\\/\\\/grifk-handball.com\\\/naiset\\\/#website\"},\"primaryImageOfPage\":{\"@id\":\"https:\\\/\\\/grifk-handball.com\\\/naiset\\\/tilastot-2022-23\\\/joukkue-2022-23\\\/antonia-strang\\\/#primaryimage\"},\"image\":{\"@id\":\"https:\\\/\\\/grifk-handball.com\\\/naiset\\\/tilastot-2022-23\\\/joukkue-2022-23\\\/antonia-strang\\\/#primaryimage\"},\"thumbnailUrl\":\"https:\\\/\\\/grifk-handball.com\\\/naiset\\\/wp-content\\\/uploads\\\/sites\\\/3\\\/2022\\\/10\\\/Damer_Strang_Antonia_00120-scaled.jpg\",\"datePublished\":\"2019-09-13T12:41:21+00:00\",\"dateModified\":\"2022-10-11T09:04:46+00:00\",\"breadcrumb\":{\"@id\":\"https:\\\/\\\/grifk-handball.com\\\/naiset\\\/tilastot-2022-23\\\/joukkue-2022-23\\\/antonia-strang\\\/#breadcrumb\"},\"inLanguage\":\"fi\",\"potentialAction\":[{\"@type\":\"ReadAction\",\"target\":[\"https:\\\/\\\/grifk-handball.com\\\/naiset\\\/tilastot-2022-23\\\/joukkue-2022-23\\\/antonia-strang\\\/\"]}]},{\"@type\":\"ImageObject\",\"inLanguage\":\"fi\",\"@id\":\"https:\\\/\\\/grifk-handball.com\\\/naiset\\\/tilastot-2022-23\\\/joukkue-2022-23\\\/antonia-strang\\\/#primaryimage\",\"url\":\"https:\\\/\\\/grifk-handball.com\\\/naiset\\\/wp-content\\\/uploads\\\/sites\\\/3\\\/2022\\\/10\\\/Damer_Strang_Antonia_00120-scaled.jpg\",\"contentUrl\":\"https:\\\/\\\/grifk-handball.com\\\/naiset\\\/wp-content\\\/uploads\\\/sites\\\/3\\\/2022\\\/10\\\/Damer_Strang_Antonia_00120-scaled.jpg\",\"width\":1707,\"height\":2560},{\"@type\":\"BreadcrumbList\",\"@id\":\"https:\\\/\\\/grifk-handball.com\\\/naiset\\\/tilastot-2022-23\\\/joukkue-2022-23\\\/antonia-strang\\\/#breadcrumb\",\"itemListElement\":[{\"@type\":\"ListItem\",\"position\":1,\"name\":\"Home\",\"item\":\"https:\\\/\\\/grifk-handball.com\\\/naiset\\\/etusivu-2\\\/\"},{\"@type\":\"ListItem\",\"position\":2,\"name\":\"Tilastot 2022-23\",\"item\":\"https:\\\/\\\/grifk-handball.com\\\/naiset\\\/tilastot-2022-23\\\/\"},{\"@type\":\"ListItem\",\"position\":3,\"name\":\"Joukkue 2022-23\",\"item\":\"https:\\\/\\\/grifk-handball.com\\\/naiset\\\/tilastot-2022-23\\\/joukkue-2022-23\\\/\"},{\"@type\":\"ListItem\",\"position\":4,\"name\":\"Antonia Strang\"}]},{\"@type\":\"WebSite\",\"@id\":\"https:\\\/\\\/grifk-handball.com\\\/naiset\\\/#website\",\"url\":\"https:\\\/\\\/grifk-handball.com\\\/naiset\\\/\",\"name\":\"GrIFK K\u00e4sipallo Naiset\",\"description\":\"GrIFK K\u00e4sipallo Naiset\",\"potentialAction\":[{\"@type\":\"SearchAction\",\"target\":{\"@type\":\"EntryPoint\",\"urlTemplate\":\"https:\\\/\\\/grifk-handball.com\\\/naiset\\\/?s={search_term_string}\"},\"query-input\":{\"@type\":\"PropertyValueSpecification\",\"valueRequired\":true,\"valueName\":\"search_term_string\"}}],\"inLanguage\":\"fi\"}]}<\/script>\n<!-- \/ Yoast SEO plugin. -->","yoast_head_json":{"title":"Antonia Strang &#187; GrIFK K\u00e4sipallo Naiset","robots":{"index":"index","follow":"follow","max-snippet":"max-snippet:-1","max-image-preview":"max-image-preview:large","max-video-preview":"max-video-preview:-1"},"canonical":"https:\/\/grifk-handball.com\/naiset\/tilastot-2022-23\/joukkue-2022-23\/antonia-strang\/","og_locale":"fi_FI","og_type":"article","og_title":"Antonia Strang &#187; GrIFK K\u00e4sipallo Naiset","og_url":"https:\/\/grifk-handball.com\/naiset\/tilastot-2022-23\/joukkue-2022-23\/antonia-strang\/","og_site_name":"GrIFK K\u00e4sipallo Naiset","article_publisher":"https:\/\/www.facebook.com\/532444520237680","article_modified_time":"2022-10-11T09:04:46+00:00","og_image":[{"width":687,"height":1030,"url":"https:\/\/grifk-handball.com\/naiset\/wp-content\/uploads\/sites\/3\/2022\/10\/Damer_Strang_Antonia_00120-687x1030.jpg","type":"image\/jpeg"}],"twitter_card":"summary_large_image","twitter_misc":{"Arvioitu lukuaika":"5 minuuttia"},"schema":{"@context":"https:\/\/schema.org","@graph":[{"@type":"WebPage","@id":"https:\/\/grifk-handball.com\/naiset\/tilastot-2022-23\/joukkue-2022-23\/antonia-strang\/","url":"https:\/\/grifk-handball.com\/naiset\/tilastot-2022-23\/joukkue-2022-23\/antonia-strang\/","name":"Antonia Strang &#187; GrIFK K\u00e4sipallo Naiset","isPartOf":{"@id":"https:\/\/grifk-handball.com\/naiset\/#website"},"primaryImageOfPage":{"@id":"https:\/\/grifk-handball.com\/naiset\/tilastot-2022-23\/joukkue-2022-23\/antonia-strang\/#primaryimage"},"image":{"@id":"https:\/\/grifk-handball.com\/naiset\/tilastot-2022-23\/joukkue-2022-23\/antonia-strang\/#primaryimage"},"thumbnailUrl":"https:\/\/grifk-handball.com\/naiset\/wp-content\/uploads\/sites\/3\/2022\/10\/Damer_Strang_Antonia_00120-scaled.jpg","datePublished":"2019-09-13T12:41:21+00:00","dateModified":"2022-10-11T09:04:46+00:00","breadcrumb":{"@id":"https:\/\/grifk-handball.com\/naiset\/tilastot-2022-23\/joukkue-2022-23\/antonia-strang\/#breadcrumb"},"inLanguage":"fi","potentialAction":[{"@type":"ReadAction","target":["https:\/\/grifk-handball.com\/naiset\/tilastot-2022-23\/joukkue-2022-23\/antonia-strang\/"]}]},{"@type":"ImageObject","inLanguage":"fi","@id":"https:\/\/grifk-handball.com\/naiset\/tilastot-2022-23\/joukkue-2022-23\/antonia-strang\/#primaryimage","url":"https:\/\/grifk-handball.com\/naiset\/wp-content\/uploads\/sites\/3\/2022\/10\/Damer_Strang_Antonia_00120-scaled.jpg","contentUrl":"https:\/\/grifk-handball.com\/naiset\/wp-content\/uploads\/sites\/3\/2022\/10\/Damer_Strang_Antonia_00120-scaled.jpg","width":1707,"height":2560},{"@type":"BreadcrumbList","@id":"https:\/\/grifk-handball.com\/naiset\/tilastot-2022-23\/joukkue-2022-23\/antonia-strang\/#breadcrumb","itemListElement":[{"@type":"ListItem","position":1,"name":"Home","item":"https:\/\/grifk-handball.com\/naiset\/etusivu-2\/"},{"@type":"ListItem","position":2,"name":"Tilastot 2022-23","item":"https:\/\/grifk-handball.com\/naiset\/tilastot-2022-23\/"},{"@type":"ListItem","position":3,"name":"Joukkue 2022-23","item":"https:\/\/grifk-handball.com\/naiset\/tilastot-2022-23\/joukkue-2022-23\/"},{"@type":"ListItem","position":4,"name":"Antonia Strang"}]},{"@type":"WebSite","@id":"https:\/\/grifk-handball.com\/naiset\/#website","url":"https:\/\/grifk-handball.com\/naiset\/","name":"GrIFK K\u00e4sipallo Naiset","description":"GrIFK K\u00e4sipallo Naiset","potentialAction":[{"@type":"SearchAction","target":{"@type":"EntryPoint","urlTemplate":"https:\/\/grifk-handball.com\/naiset\/?s={search_term_string}"},"query-input":{"@type":"PropertyValueSpecification","valueRequired":true,"valueName":"search_term_string"}}],"inLanguage":"fi"}]}},"jetpack_sharing_enabled":true,"_links":{"self":[{"href":"https:\/\/grifk-handball.com\/naiset\/wp-json\/wp\/v2\/pages\/7624","targetHints":{"allow":["GET"]}}],"collection":[{"href":"https:\/\/grifk-handball.com\/naiset\/wp-json\/wp\/v2\/pages"}],"about":[{"href":"https:\/\/grifk-handball.com\/naiset\/wp-json\/wp\/v2\/types\/page"}],"author":[{"embeddable":true,"href":"https:\/\/grifk-handball.com\/naiset\/wp-json\/wp\/v2\/users\/6"}],"replies":[{"embeddable":true,"href":"https:\/\/grifk-handball.com\/naiset\/wp-json\/wp\/v2\/comments?post=7624"}],"version-history":[{"count":19,"href":"https:\/\/grifk-handball.com\/naiset\/wp-json\/wp\/v2\/pages\/7624\/revisions"}],"predecessor-version":[{"id":10340,"href":"https:\/\/grifk-handball.com\/naiset\/wp-json\/wp\/v2\/pages\/7624\/revisions\/10340"}],"up":[{"embeddable":true,"href":"https:\/\/grifk-handball.com\/naiset\/wp-json\/wp\/v2\/pages\/10123"}],"wp:featuredmedia":[{"embeddable":true,"href":"https:\/\/grifk-handball.com\/naiset\/wp-json\/wp\/v2\/media\/10283"}],"wp:attachment":[{"href":"https:\/\/grifk-handball.com\/naiset\/wp-json\/wp\/v2\/media?parent=7624"}],"wp:term":[{"taxonomy":"post_tag","embeddable":true,"href":"https:\/\/grifk-handball.com\/naiset\/wp-json\/wp\/v2\/tags?post=7624"}],"curies":[{"name":"wp","href":"https:\/\/api.w.org\/{rel}","templated":true}]}}