{"id":8276,"date":"2020-09-18T16:13:30","date_gmt":"2020-09-18T13:13:30","guid":{"rendered":"https:\/\/grifk-handball.com\/naiset\/?page_id=8276"},"modified":"2022-10-19T14:40:47","modified_gmt":"2022-10-19T11:40:47","slug":"johanna-hilli-7","status":"publish","type":"page","link":"https:\/\/grifk-handball.com\/naiset\/joukkue-2020-2021\/johanna-hilli-7\/","title":{"rendered":"Johanna Hilli"},"content":{"rendered":"\n<style type=\"text\/css\" data-created_by=\"avia_inline_auto\" id=\"style-css-av-9dmnb1-278bc96489218fe14b862d306d74fd36\">\n.flex_column.av-9dmnb1-278bc96489218fe14b862d306d74fd36{\nborder-radius:0px 0px 0px 0px;\npadding:0px 0px 0px 0px;\n}\n<\/style>\n<div  class='flex_column av-9dmnb1-278bc96489218fe14b862d306d74fd36 av_one_half  avia-builder-el-0  el_before_av_one_half  avia-builder-el-first  first flex_column_div av-zero-column-padding  '     ><p>\n<style type=\"text\/css\" data-created_by=\"avia_inline_auto\" id=\"style-css-av-9l9vis-24529d93478dae561b7835868854145f\">\n#top .av-special-heading.av-9l9vis-24529d93478dae561b7835868854145f{\npadding-bottom:0;\n}\nbody .av-special-heading.av-9l9vis-24529d93478dae561b7835868854145f .av-special-heading-tag .heading-char{\nfont-size:25px;\n}\n.av-special-heading.av-9l9vis-24529d93478dae561b7835868854145f .av-subheading{\nfont-size:15px;\n}\n<\/style>\n<div  class='av-special-heading av-9l9vis-24529d93478dae561b7835868854145f av-special-heading-h2  avia-builder-el-1  el_before_av_heading  avia-builder-el-first  pelinumero av-linked-heading'><h2 class='av-special-heading-tag '  itemprop=\"headline\"  >7<\/h2><div class=\"special-heading-border\"><div class=\"special-heading-inner-border\"><\/div><\/div><\/div><br \/>\n\n<style type=\"text\/css\" data-created_by=\"avia_inline_auto\" id=\"style-css-av-7rxrlg-5c84766d5e1be34bd880f2be6a7460db\">\n#top .av-special-heading.av-7rxrlg-5c84766d5e1be34bd880f2be6a7460db{\npadding-bottom:0;\n}\nbody .av-special-heading.av-7rxrlg-5c84766d5e1be34bd880f2be6a7460db .av-special-heading-tag .heading-char{\nfont-size:25px;\n}\n.av-special-heading.av-7rxrlg-5c84766d5e1be34bd880f2be6a7460db .av-subheading{\nfont-size:15px;\n}\n<\/style>\n<div  class='av-special-heading av-7rxrlg-5c84766d5e1be34bd880f2be6a7460db av-special-heading-h1 meta-heading  avia-builder-el-2  el_after_av_heading  el_before_av_heading  pelaajan-nimi av-linked-heading'><h1 class='av-special-heading-tag '  itemprop=\"headline\"  >Johanna Hilli<\/h1><div class=\"special-heading-border\"><div class=\"special-heading-inner-border\"><\/div><\/div><\/div><br \/>\n\n<style type=\"text\/css\" data-created_by=\"avia_inline_auto\" id=\"style-css-av-5l6bz8-a118be9522aa378d29b78ff4b7bcd72a\">\n#top .av-special-heading.av-5l6bz8-a118be9522aa378d29b78ff4b7bcd72a{\npadding-bottom:10px;\n}\nbody .av-special-heading.av-5l6bz8-a118be9522aa378d29b78ff4b7bcd72a .av-special-heading-tag .heading-char{\nfont-size:25px;\n}\n.av-special-heading.av-5l6bz8-a118be9522aa378d29b78ff4b7bcd72a .av-subheading{\nfont-size:15px;\n}\n<\/style>\n<div  class='av-special-heading av-5l6bz8-a118be9522aa378d29b78ff4b7bcd72a av-special-heading-h3 blockquote modern-quote modern-centered  avia-builder-el-3  el_after_av_heading  el_before_av_animated_numbers '><h3 class='av-special-heading-tag '  itemprop=\"headline\"  >Pelipaikka:<\/h3><div class=\"special-heading-border\"><div class=\"special-heading-inner-border\"><\/div><\/div><\/div><br \/>\n<div  class=\"avia-animated-number av-jpi8c608-7465070ebeaef0d01f2c91737ae31e00 av-force-default-color avia_animate_when_visible  avia-builder-el-4  el_after_av_heading  el_before_av_heading  \" data-timer=\"3000\"><strong class=\"heading avia-animated-number-title\"><span class=\"avia-no-number\">V<\/span><span class=\"avia-single-number __av-single-number\" data-number_format=\"\" data-number=\"9\" data-start_from=\"0\">9<\/span><span class=\"avia-no-number\">\/K<\/span><span class=\"avia-single-number __av-single-number\" data-number_format=\"\" data-number=\"9\" data-start_from=\"0\">9<\/span><span class=\"avia-no-number\">\/O<\/span><span class=\"avia-single-number __av-single-number\" data-number_format=\"\" data-number=\"9\" data-start_from=\"0\">9<\/span><\/strong><div class=\"avia-animated-number-content\"><\/div><\/div><br \/>\n\n<style type=\"text\/css\" data-created_by=\"avia_inline_auto\" id=\"style-css-av-3ksg90-7630b7d4d628988603e78cd5d9e525f0\">\n#top .av-special-heading.av-3ksg90-7630b7d4d628988603e78cd5d9e525f0{\npadding-bottom:10px;\n}\nbody .av-special-heading.av-3ksg90-7630b7d4d628988603e78cd5d9e525f0 .av-special-heading-tag .heading-char{\nfont-size:25px;\n}\n.av-special-heading.av-3ksg90-7630b7d4d628988603e78cd5d9e525f0 .av-subheading{\nfont-size:15px;\n}\n<\/style>\n<div  class='av-special-heading av-3ksg90-7630b7d4d628988603e78cd5d9e525f0 av-special-heading-h3 blockquote modern-quote modern-centered  avia-builder-el-5  el_after_av_animated_numbers  el_before_av_animated_numbers '><h3 class='av-special-heading-tag '  itemprop=\"headline\"  >Syntym\u00e4p\u00e4iv\u00e4:<\/h3><div class=\"special-heading-border\"><div class=\"special-heading-inner-border\"><\/div><\/div><\/div><br \/>\n<div  class=\"avia-animated-number av-jpi8c608-051b02b447b02f9af66900b92a190419 av-force-default-color avia_animate_when_visible  avia-builder-el-6  el_after_av_heading  el_before_av_heading  \" data-timer=\"3000\"><strong class=\"heading avia-animated-number-title\"><span class=\"avia-single-number __av-single-number\" data-number_format=\"\" data-number=\"14\" data-start_from=\"0\">14<\/span><span class=\"avia-no-number\">.<\/span><span class=\"avia-single-number __av-single-number\" data-number_format=\"\" data-number=\"5\" data-start_from=\"0\">5<\/span><span class=\"avia-no-number\">.<\/span><span class=\"avia-single-number __av-single-number\" data-number_format=\"\" data-number=\"1994\" data-start_from=\"0\">1994<\/span><\/strong><div class=\"avia-animated-number-content\"><\/div><\/div><br \/>\n\n<style type=\"text\/css\" data-created_by=\"avia_inline_auto\" id=\"style-css-av-afwmc-af31853a368c68ae611f4f8ab4b78ab5\">\n#top .av-special-heading.av-afwmc-af31853a368c68ae611f4f8ab4b78ab5{\npadding-bottom:10px;\n}\nbody .av-special-heading.av-afwmc-af31853a368c68ae611f4f8ab4b78ab5 .av-special-heading-tag .heading-char{\nfont-size:25px;\n}\n.av-special-heading.av-afwmc-af31853a368c68ae611f4f8ab4b78ab5 .av-subheading{\nfont-size:15px;\n}\n<\/style>\n<div  class='av-special-heading av-afwmc-af31853a368c68ae611f4f8ab4b78ab5 av-special-heading-h3 blockquote modern-quote modern-centered  avia-builder-el-7  el_after_av_animated_numbers  el_before_av_animated_numbers '><h3 class='av-special-heading-tag '  itemprop=\"headline\"  >Pituus:<\/h3><div class=\"special-heading-border\"><div class=\"special-heading-inner-border\"><\/div><\/div><\/div><br \/>\n<div  class=\"avia-animated-number av-jpi8c608-6a417963cb1b96e47df10d8bd831ed90 av-force-default-color avia_animate_when_visible  avia-builder-el-8  el_after_av_heading  avia-builder-el-last  \" data-timer=\"3000\"><strong class=\"heading avia-animated-number-title\"><span class=\"avia-single-number __av-single-number\" data-number_format=\"\" data-number=\"170\" data-start_from=\"0\">170<\/span><span class=\"avia-no-number\"> cm<\/span><\/strong><div class=\"avia-animated-number-content\"><\/div><\/div><\/p><\/div>\n\n<style type=\"text\/css\" data-created_by=\"avia_inline_auto\" id=\"style-css-av-6ui965-8e5d5b144d2d65b7ce0b6d7a1cb0fd4b\">\n.flex_column.av-6ui965-8e5d5b144d2d65b7ce0b6d7a1cb0fd4b{\nborder-radius:0px 0px 0px 0px;\npadding:0px 0px 0px 0px;\n}\n<\/style>\n<div  class='flex_column av-6ui965-8e5d5b144d2d65b7ce0b6d7a1cb0fd4b av_one_half  avia-builder-el-9  el_after_av_one_half  el_before_av_one_half  flex_column_div av-zero-column-padding  '     ><style type=\"text\/css\" data-created_by=\"avia_inline_auto\" id=\"style-css-av-jpi8e20b-15fb0557f39bf6d4c655d36a4d0a8eb2\">\n.avia-image-container.av-jpi8e20b-15fb0557f39bf6d4c655d36a4d0a8eb2 img.avia_image{\nbox-shadow:none;\n}\n.avia-image-container.av-jpi8e20b-15fb0557f39bf6d4c655d36a4d0a8eb2 .av-image-caption-overlay-center{\ncolor:#ffffff;\n}\n<\/style>\n<div  class='avia-image-container av-jpi8e20b-15fb0557f39bf6d4c655d36a4d0a8eb2 av-styling- av-img-linked avia-align-center  avia-builder-el-10  avia-builder-el-no-sibling '   itemprop=\"image\" itemscope=\"itemscope\" itemtype=\"https:\/\/schema.org\/ImageObject\" ><div class=\"avia-image-container-inner\"><div class=\"avia-image-overlay-wrap\"><a href=\"https:\/\/grifk-handball.com\/naiset\/wp-content\/uploads\/sites\/3\/2022\/10\/Damer_Hilli_Johanna_00135-687x1030.jpg\" data-srcset=\"https:\/\/grifk-handball.com\/naiset\/wp-content\/uploads\/sites\/3\/2022\/10\/Damer_Hilli_Johanna_00135-687x1030.jpg 687w, https:\/\/grifk-handball.com\/naiset\/wp-content\/uploads\/sites\/3\/2022\/10\/Damer_Hilli_Johanna_00135-200x300.jpg 200w, https:\/\/grifk-handball.com\/naiset\/wp-content\/uploads\/sites\/3\/2022\/10\/Damer_Hilli_Johanna_00135-768x1152.jpg 768w, https:\/\/grifk-handball.com\/naiset\/wp-content\/uploads\/sites\/3\/2022\/10\/Damer_Hilli_Johanna_00135-1024x1536.jpg 1024w, https:\/\/grifk-handball.com\/naiset\/wp-content\/uploads\/sites\/3\/2022\/10\/Damer_Hilli_Johanna_00135-1365x2048.jpg 1365w, https:\/\/grifk-handball.com\/naiset\/wp-content\/uploads\/sites\/3\/2022\/10\/Damer_Hilli_Johanna_00135-1000x1500.jpg 1000w, https:\/\/grifk-handball.com\/naiset\/wp-content\/uploads\/sites\/3\/2022\/10\/Damer_Hilli_Johanna_00135-470x705.jpg 470w, https:\/\/grifk-handball.com\/naiset\/wp-content\/uploads\/sites\/3\/2022\/10\/Damer_Hilli_Johanna_00135-scaled.jpg 1707w\" data-sizes=\"(max-width: 687px) 100vw, 687px\" class='avia_image '  aria-label='Damer_Hilli_Johanna_00135'><img decoding=\"async\" fetchpriority=\"high\" class='wp-image-10281 avia-img-lazy-loading-not-10281 avia_image ' src=\"https:\/\/grifk-handball.com\/naiset\/wp-content\/uploads\/sites\/3\/2022\/10\/Damer_Hilli_Johanna_00135-scaled.jpg\" alt='' title='Damer_Hilli_Johanna_00135'  height=\"2560\" width=\"1707\"  itemprop=\"thumbnailUrl\" srcset=\"https:\/\/grifk-handball.com\/naiset\/wp-content\/uploads\/sites\/3\/2022\/10\/Damer_Hilli_Johanna_00135-scaled.jpg 1707w, https:\/\/grifk-handball.com\/naiset\/wp-content\/uploads\/sites\/3\/2022\/10\/Damer_Hilli_Johanna_00135-200x300.jpg 200w, https:\/\/grifk-handball.com\/naiset\/wp-content\/uploads\/sites\/3\/2022\/10\/Damer_Hilli_Johanna_00135-687x1030.jpg 687w, https:\/\/grifk-handball.com\/naiset\/wp-content\/uploads\/sites\/3\/2022\/10\/Damer_Hilli_Johanna_00135-768x1152.jpg 768w, https:\/\/grifk-handball.com\/naiset\/wp-content\/uploads\/sites\/3\/2022\/10\/Damer_Hilli_Johanna_00135-1024x1536.jpg 1024w, https:\/\/grifk-handball.com\/naiset\/wp-content\/uploads\/sites\/3\/2022\/10\/Damer_Hilli_Johanna_00135-1365x2048.jpg 1365w, https:\/\/grifk-handball.com\/naiset\/wp-content\/uploads\/sites\/3\/2022\/10\/Damer_Hilli_Johanna_00135-1000x1500.jpg 1000w, https:\/\/grifk-handball.com\/naiset\/wp-content\/uploads\/sites\/3\/2022\/10\/Damer_Hilli_Johanna_00135-470x705.jpg 470w\" sizes=\"(max-width: 1707px) 100vw, 1707px\" \/><\/a><\/div><\/div><\/div><\/div>\n<style type=\"text\/css\" data-created_by=\"avia_inline_auto\" id=\"style-css-av-4kingd-3b68c1c3c3df6e1e3a5867b7e784ece8\">\n.flex_column.av-4kingd-3b68c1c3c3df6e1e3a5867b7e784ece8{\nborder-radius:0px 0px 0px 0px;\npadding:50px 30px 30px 30px;\n}\n<\/style>\n<div  class='flex_column av-4kingd-3b68c1c3c3df6e1e3a5867b7e784ece8 av_one_half  avia-builder-el-11  el_after_av_one_half  el_before_av_one_full  first flex_column_div  column-top-margin'     ><style type=\"text\/css\" data-created_by=\"avia_inline_auto\" id=\"style-css-av-kf89ih58-454954490eb354878f0c2750f32afb37\">\n#top .av-special-heading.av-kf89ih58-454954490eb354878f0c2750f32afb37{\npadding-bottom:10px;\n}\nbody .av-special-heading.av-kf89ih58-454954490eb354878f0c2750f32afb37 .av-special-heading-tag .heading-char{\nfont-size:25px;\n}\n.av-special-heading.av-kf89ih58-454954490eb354878f0c2750f32afb37 .av-subheading{\nfont-size:15px;\n}\n<\/style>\n<div  class='av-special-heading av-kf89ih58-454954490eb354878f0c2750f32afb37 av-special-heading-h3 blockquote modern-quote  avia-builder-el-12  avia-builder-el-no-sibling  av-linked-heading'><h3 class='av-special-heading-tag '  itemprop=\"headline\"  >Seurat:<\/h3><div class='av-subheading av-subheading_below'><p>GrIFK<br \/>\nHIFK<br \/>\nAllsvenskan<br \/>\nGrIFK<\/p>\n<\/div><div class=\"special-heading-border\"><div class=\"special-heading-inner-border\"><\/div><\/div><\/div><\/div><\/p>\n<div class='flex_column_table av-1ykg71-fdc8ebe3d09e65a65f34670da50c8ec1 sc-av_one_full av-equal-height-column-flextable'>\n<style type=\"text\/css\" data-created_by=\"avia_inline_auto\" id=\"style-css-av-1ykg71-fdc8ebe3d09e65a65f34670da50c8ec1\">\n.flex_column.av-1ykg71-fdc8ebe3d09e65a65f34670da50c8ec1{\nborder-radius:0px 0px 0px 0px;\npadding:30px 30px 30px 30px;\n}\n<\/style>\n<div  class='flex_column av-1ykg71-fdc8ebe3d09e65a65f34670da50c8ec1 av_one_full  avia-builder-el-13  el_after_av_one_half  avia-builder-el-last  first no_margin flex_column_table_cell av-equal-height-column av-align-top  column-top-margin'     ><p>\n<style type=\"text\/css\" data-created_by=\"avia_inline_auto\" id=\"style-css-av-1wat6s-dc7046e77f6423f15942c88515e558ce\">\n#top .av-special-heading.av-1wat6s-dc7046e77f6423f15942c88515e558ce{\npadding-bottom:10px;\n}\nbody .av-special-heading.av-1wat6s-dc7046e77f6423f15942c88515e558ce .av-special-heading-tag .heading-char{\nfont-size:25px;\n}\n.av-special-heading.av-1wat6s-dc7046e77f6423f15942c88515e558ce .av-subheading{\nfont-size:15px;\n}\n<\/style>\n<div  class='av-special-heading av-1wat6s-dc7046e77f6423f15942c88515e558ce av-special-heading-h3 blockquote modern-quote  avia-builder-el-14  el_before_av_textblock  avia-builder-el-first '><h3 class='av-special-heading-tag '  itemprop=\"headline\"  >Tilastot:<\/h3><div class=\"special-heading-border\"><div class=\"special-heading-inner-border\"><\/div><\/div><\/div><br \/>\n<section  class='av_textblock_section av-jpi8idqu-0caa9bafe3f3634dd6ce19eaae1d6f4e '   itemscope=\"itemscope\" itemtype=\"https:\/\/schema.org\/CreativeWork\" ><div class='avia_textblock pelaajakortti-data'  itemprop=\"text\" ><p><a href=\"https:\/\/finnhandball.torneopal.fi\/taso\/widget.php?widget=player&#038;playerid=56315&#038;stats=1\">https:\/\/finnhandball.torneopal.fi\/taso\/widget.php?widget=player&#038;playerid=56315&#038;stats=1<\/a><\/p>\n<\/div><\/section><br \/>\n<section  class='av_textblock_section av-jpi8idqu-a3c8025c9b0df988ea8bcb139f7763b2 '   itemscope=\"itemscope\" itemtype=\"https:\/\/schema.org\/CreativeWork\" ><div class='avia_textblock'  itemprop=\"text\" ><h5 style=\"text-align: right\"><a href=\"https:\/\/tulospalvelu.finnhandball.net\/taso\/pelaaja.php?pelaaja=56315\" target=\"blank\" rel=\"noopener\">Tarkemmat tilastot Tulospalvelussa &gt;<\/a><\/h5>\n<\/div><\/section><\/p><\/div><\/div><!--close column table wrapper. Autoclose: 1 -->\n","protected":false},"excerpt":{"rendered":"","protected":false},"author":6,"featured_media":10281,"parent":8468,"menu_order":7,"comment_status":"closed","ping_status":"closed","template":"","meta":{"_acf_changed":false,"jetpack_post_was_ever_published":false,"footnotes":""},"tags":[214],"class_list":["post-8276","page","type-page","status-publish","has-post-thumbnail","hentry","tag-pelaajat-2020-21"],"acf":[],"yoast_head":"<!-- This site is optimized with the Yoast SEO plugin v27.5 - https:\/\/yoast.com\/product\/yoast-seo-wordpress\/ -->\n<title>Johanna Hilli &#187; GrIFK K\u00e4sipallo Naiset<\/title>\n<meta name=\"robots\" content=\"index, follow, max-snippet:-1, max-image-preview:large, max-video-preview:-1\" \/>\n<link rel=\"canonical\" href=\"https:\/\/grifk-handball.com\/naiset\/joukkue-2020-2021\/johanna-hilli-7\/\" \/>\n<meta property=\"og:locale\" content=\"fi_FI\" \/>\n<meta property=\"og:type\" content=\"article\" \/>\n<meta property=\"og:title\" content=\"Johanna Hilli &#187; GrIFK K\u00e4sipallo Naiset\" \/>\n<meta property=\"og:url\" content=\"https:\/\/grifk-handball.com\/naiset\/joukkue-2020-2021\/johanna-hilli-7\/\" \/>\n<meta property=\"og:site_name\" content=\"GrIFK K\u00e4sipallo Naiset\" \/>\n<meta property=\"article:publisher\" content=\"https:\/\/www.facebook.com\/532444520237680\" \/>\n<meta property=\"article:modified_time\" content=\"2022-10-19T11:40:47+00:00\" \/>\n<meta property=\"og:image\" content=\"https:\/\/grifk-handball.com\/naiset\/wp-content\/uploads\/sites\/3\/2022\/10\/Damer_Hilli_Johanna_00135-687x1030.jpg\" \/>\n\t<meta property=\"og:image:width\" content=\"687\" \/>\n\t<meta property=\"og:image:height\" content=\"1030\" \/>\n\t<meta property=\"og:image:type\" content=\"image\/jpeg\" \/>\n<meta name=\"twitter:card\" content=\"summary_large_image\" \/>\n<meta name=\"twitter:label1\" content=\"Arvioitu lukuaika\" \/>\n\t<meta name=\"twitter:data1\" content=\"4 minuuttia\" \/>\n<script type=\"application\/ld+json\" class=\"yoast-schema-graph\">{\"@context\":\"https:\\\/\\\/schema.org\",\"@graph\":[{\"@type\":\"WebPage\",\"@id\":\"https:\\\/\\\/grifk-handball.com\\\/naiset\\\/joukkue-2020-2021\\\/johanna-hilli-7\\\/\",\"url\":\"https:\\\/\\\/grifk-handball.com\\\/naiset\\\/joukkue-2020-2021\\\/johanna-hilli-7\\\/\",\"name\":\"Johanna Hilli &#187; GrIFK K\u00e4sipallo Naiset\",\"isPartOf\":{\"@id\":\"https:\\\/\\\/grifk-handball.com\\\/naiset\\\/#website\"},\"primaryImageOfPage\":{\"@id\":\"https:\\\/\\\/grifk-handball.com\\\/naiset\\\/joukkue-2020-2021\\\/johanna-hilli-7\\\/#primaryimage\"},\"image\":{\"@id\":\"https:\\\/\\\/grifk-handball.com\\\/naiset\\\/joukkue-2020-2021\\\/johanna-hilli-7\\\/#primaryimage\"},\"thumbnailUrl\":\"https:\\\/\\\/grifk-handball.com\\\/naiset\\\/wp-content\\\/uploads\\\/sites\\\/3\\\/2022\\\/10\\\/Damer_Hilli_Johanna_00135-scaled.jpg\",\"datePublished\":\"2020-09-18T13:13:30+00:00\",\"dateModified\":\"2022-10-19T11:40:47+00:00\",\"breadcrumb\":{\"@id\":\"https:\\\/\\\/grifk-handball.com\\\/naiset\\\/joukkue-2020-2021\\\/johanna-hilli-7\\\/#breadcrumb\"},\"inLanguage\":\"fi\",\"potentialAction\":[{\"@type\":\"ReadAction\",\"target\":[\"https:\\\/\\\/grifk-handball.com\\\/naiset\\\/joukkue-2020-2021\\\/johanna-hilli-7\\\/\"]}]},{\"@type\":\"ImageObject\",\"inLanguage\":\"fi\",\"@id\":\"https:\\\/\\\/grifk-handball.com\\\/naiset\\\/joukkue-2020-2021\\\/johanna-hilli-7\\\/#primaryimage\",\"url\":\"https:\\\/\\\/grifk-handball.com\\\/naiset\\\/wp-content\\\/uploads\\\/sites\\\/3\\\/2022\\\/10\\\/Damer_Hilli_Johanna_00135-scaled.jpg\",\"contentUrl\":\"https:\\\/\\\/grifk-handball.com\\\/naiset\\\/wp-content\\\/uploads\\\/sites\\\/3\\\/2022\\\/10\\\/Damer_Hilli_Johanna_00135-scaled.jpg\",\"width\":1707,\"height\":2560},{\"@type\":\"BreadcrumbList\",\"@id\":\"https:\\\/\\\/grifk-handball.com\\\/naiset\\\/joukkue-2020-2021\\\/johanna-hilli-7\\\/#breadcrumb\",\"itemListElement\":[{\"@type\":\"ListItem\",\"position\":1,\"name\":\"Home\",\"item\":\"https:\\\/\\\/grifk-handball.com\\\/naiset\\\/etusivu-2\\\/\"},{\"@type\":\"ListItem\",\"position\":2,\"name\":\"Joukkue 2020-2021\",\"item\":\"https:\\\/\\\/grifk-handball.com\\\/naiset\\\/joukkue-2020-2021\\\/\"},{\"@type\":\"ListItem\",\"position\":3,\"name\":\"Johanna Hilli\"}]},{\"@type\":\"WebSite\",\"@id\":\"https:\\\/\\\/grifk-handball.com\\\/naiset\\\/#website\",\"url\":\"https:\\\/\\\/grifk-handball.com\\\/naiset\\\/\",\"name\":\"GrIFK K\u00e4sipallo Naiset\",\"description\":\"GrIFK K\u00e4sipallo Naiset\",\"potentialAction\":[{\"@type\":\"SearchAction\",\"target\":{\"@type\":\"EntryPoint\",\"urlTemplate\":\"https:\\\/\\\/grifk-handball.com\\\/naiset\\\/?s={search_term_string}\"},\"query-input\":{\"@type\":\"PropertyValueSpecification\",\"valueRequired\":true,\"valueName\":\"search_term_string\"}}],\"inLanguage\":\"fi\"}]}<\/script>\n<!-- \/ Yoast SEO plugin. -->","yoast_head_json":{"title":"Johanna Hilli &#187; GrIFK K\u00e4sipallo Naiset","robots":{"index":"index","follow":"follow","max-snippet":"max-snippet:-1","max-image-preview":"max-image-preview:large","max-video-preview":"max-video-preview:-1"},"canonical":"https:\/\/grifk-handball.com\/naiset\/joukkue-2020-2021\/johanna-hilli-7\/","og_locale":"fi_FI","og_type":"article","og_title":"Johanna Hilli &#187; GrIFK K\u00e4sipallo Naiset","og_url":"https:\/\/grifk-handball.com\/naiset\/joukkue-2020-2021\/johanna-hilli-7\/","og_site_name":"GrIFK K\u00e4sipallo Naiset","article_publisher":"https:\/\/www.facebook.com\/532444520237680","article_modified_time":"2022-10-19T11:40:47+00:00","og_image":[{"width":687,"height":1030,"url":"https:\/\/grifk-handball.com\/naiset\/wp-content\/uploads\/sites\/3\/2022\/10\/Damer_Hilli_Johanna_00135-687x1030.jpg","type":"image\/jpeg"}],"twitter_card":"summary_large_image","twitter_misc":{"Arvioitu lukuaika":"4 minuuttia"},"schema":{"@context":"https:\/\/schema.org","@graph":[{"@type":"WebPage","@id":"https:\/\/grifk-handball.com\/naiset\/joukkue-2020-2021\/johanna-hilli-7\/","url":"https:\/\/grifk-handball.com\/naiset\/joukkue-2020-2021\/johanna-hilli-7\/","name":"Johanna Hilli &#187; GrIFK K\u00e4sipallo Naiset","isPartOf":{"@id":"https:\/\/grifk-handball.com\/naiset\/#website"},"primaryImageOfPage":{"@id":"https:\/\/grifk-handball.com\/naiset\/joukkue-2020-2021\/johanna-hilli-7\/#primaryimage"},"image":{"@id":"https:\/\/grifk-handball.com\/naiset\/joukkue-2020-2021\/johanna-hilli-7\/#primaryimage"},"thumbnailUrl":"https:\/\/grifk-handball.com\/naiset\/wp-content\/uploads\/sites\/3\/2022\/10\/Damer_Hilli_Johanna_00135-scaled.jpg","datePublished":"2020-09-18T13:13:30+00:00","dateModified":"2022-10-19T11:40:47+00:00","breadcrumb":{"@id":"https:\/\/grifk-handball.com\/naiset\/joukkue-2020-2021\/johanna-hilli-7\/#breadcrumb"},"inLanguage":"fi","potentialAction":[{"@type":"ReadAction","target":["https:\/\/grifk-handball.com\/naiset\/joukkue-2020-2021\/johanna-hilli-7\/"]}]},{"@type":"ImageObject","inLanguage":"fi","@id":"https:\/\/grifk-handball.com\/naiset\/joukkue-2020-2021\/johanna-hilli-7\/#primaryimage","url":"https:\/\/grifk-handball.com\/naiset\/wp-content\/uploads\/sites\/3\/2022\/10\/Damer_Hilli_Johanna_00135-scaled.jpg","contentUrl":"https:\/\/grifk-handball.com\/naiset\/wp-content\/uploads\/sites\/3\/2022\/10\/Damer_Hilli_Johanna_00135-scaled.jpg","width":1707,"height":2560},{"@type":"BreadcrumbList","@id":"https:\/\/grifk-handball.com\/naiset\/joukkue-2020-2021\/johanna-hilli-7\/#breadcrumb","itemListElement":[{"@type":"ListItem","position":1,"name":"Home","item":"https:\/\/grifk-handball.com\/naiset\/etusivu-2\/"},{"@type":"ListItem","position":2,"name":"Joukkue 2020-2021","item":"https:\/\/grifk-handball.com\/naiset\/joukkue-2020-2021\/"},{"@type":"ListItem","position":3,"name":"Johanna Hilli"}]},{"@type":"WebSite","@id":"https:\/\/grifk-handball.com\/naiset\/#website","url":"https:\/\/grifk-handball.com\/naiset\/","name":"GrIFK K\u00e4sipallo Naiset","description":"GrIFK K\u00e4sipallo Naiset","potentialAction":[{"@type":"SearchAction","target":{"@type":"EntryPoint","urlTemplate":"https:\/\/grifk-handball.com\/naiset\/?s={search_term_string}"},"query-input":{"@type":"PropertyValueSpecification","valueRequired":true,"valueName":"search_term_string"}}],"inLanguage":"fi"}]}},"jetpack_sharing_enabled":true,"_links":{"self":[{"href":"https:\/\/grifk-handball.com\/naiset\/wp-json\/wp\/v2\/pages\/8276","targetHints":{"allow":["GET"]}}],"collection":[{"href":"https:\/\/grifk-handball.com\/naiset\/wp-json\/wp\/v2\/pages"}],"about":[{"href":"https:\/\/grifk-handball.com\/naiset\/wp-json\/wp\/v2\/types\/page"}],"author":[{"embeddable":true,"href":"https:\/\/grifk-handball.com\/naiset\/wp-json\/wp\/v2\/users\/6"}],"replies":[{"embeddable":true,"href":"https:\/\/grifk-handball.com\/naiset\/wp-json\/wp\/v2\/comments?post=8276"}],"version-history":[{"count":15,"href":"https:\/\/grifk-handball.com\/naiset\/wp-json\/wp\/v2\/pages\/8276\/revisions"}],"predecessor-version":[{"id":12392,"href":"https:\/\/grifk-handball.com\/naiset\/wp-json\/wp\/v2\/pages\/8276\/revisions\/12392"}],"up":[{"embeddable":true,"href":"https:\/\/grifk-handball.com\/naiset\/wp-json\/wp\/v2\/pages\/8468"}],"wp:featuredmedia":[{"embeddable":true,"href":"https:\/\/grifk-handball.com\/naiset\/wp-json\/wp\/v2\/media\/10281"}],"wp:attachment":[{"href":"https:\/\/grifk-handball.com\/naiset\/wp-json\/wp\/v2\/media?parent=8276"}],"wp:term":[{"taxonomy":"post_tag","embeddable":true,"href":"https:\/\/grifk-handball.com\/naiset\/wp-json\/wp\/v2\/tags?post=8276"}],"curies":[{"name":"wp","href":"https:\/\/api.w.org\/{rel}","templated":true}]}}