{"id":9190,"date":"2021-08-31T12:46:47","date_gmt":"2021-08-31T09:46:47","guid":{"rendered":"https:\/\/grifk-handball.com\/naiset\/?page_id=9190"},"modified":"2021-09-29T10:30:07","modified_gmt":"2021-09-29T07:30:07","slug":"mathilda-sandblom","status":"publish","type":"page","link":"https:\/\/grifk-handball.com\/naiset\/joukkue-2021-22\/mathilda-sandblom\/","title":{"rendered":"Mathilda Sandblom"},"content":{"rendered":"\n<style type=\"text\/css\" data-created_by=\"avia_inline_auto\" id=\"style-css-av-9dmnb1-278bc96489218fe14b862d306d74fd36\">\n.flex_column.av-9dmnb1-278bc96489218fe14b862d306d74fd36{\nborder-radius:0px 0px 0px 0px;\npadding:0px 0px 0px 0px;\n}\n<\/style>\n<div  class='flex_column av-9dmnb1-278bc96489218fe14b862d306d74fd36 av_one_half  avia-builder-el-0  el_before_av_one_half  avia-builder-el-first  first flex_column_div av-zero-column-padding  '     ><p>\n<style type=\"text\/css\" data-created_by=\"avia_inline_auto\" id=\"style-css-av-82wcke-ab50684af31f73644de73fdfd1024fff\">\n#top .av-special-heading.av-82wcke-ab50684af31f73644de73fdfd1024fff{\npadding-bottom:0;\n}\nbody .av-special-heading.av-82wcke-ab50684af31f73644de73fdfd1024fff .av-special-heading-tag .heading-char{\nfont-size:25px;\n}\n.av-special-heading.av-82wcke-ab50684af31f73644de73fdfd1024fff .av-subheading{\nfont-size:15px;\n}\n<\/style>\n<div  class='av-special-heading av-82wcke-ab50684af31f73644de73fdfd1024fff av-special-heading-h2  avia-builder-el-1  el_before_av_heading  avia-builder-el-first  pelinumero'><h2 class='av-special-heading-tag '  itemprop=\"headline\"  >14<\/h2><div class=\"special-heading-border\"><div class=\"special-heading-inner-border\"><\/div><\/div><\/div><br \/>\n\n<style type=\"text\/css\" data-created_by=\"avia_inline_auto\" id=\"style-css-av-k37c9zhb-00b5f68cf17b93a4e8177ab21e47f913\">\n#top .av-special-heading.av-k37c9zhb-00b5f68cf17b93a4e8177ab21e47f913{\npadding-bottom:0;\n}\nbody .av-special-heading.av-k37c9zhb-00b5f68cf17b93a4e8177ab21e47f913 .av-special-heading-tag .heading-char{\nfont-size:25px;\n}\n.av-special-heading.av-k37c9zhb-00b5f68cf17b93a4e8177ab21e47f913 .av-subheading{\nfont-size:15px;\n}\n<\/style>\n<div  class='av-special-heading av-k37c9zhb-00b5f68cf17b93a4e8177ab21e47f913 av-special-heading-h1 meta-heading  avia-builder-el-2  el_after_av_heading  el_before_av_heading  pelaajan-nimi'><h1 class='av-special-heading-tag '  itemprop=\"headline\"  >Mathilda Sandblom<\/h1><div class=\"special-heading-border\"><div class=\"special-heading-inner-border\"><\/div><\/div><\/div><br \/>\n\n<style type=\"text\/css\" data-created_by=\"avia_inline_auto\" id=\"style-css-av-5v8c3y-cb48ab18ceb8d56307d37ac9fb7aaf33\">\n#top .av-special-heading.av-5v8c3y-cb48ab18ceb8d56307d37ac9fb7aaf33{\npadding-bottom:10px;\n}\nbody .av-special-heading.av-5v8c3y-cb48ab18ceb8d56307d37ac9fb7aaf33 .av-special-heading-tag .heading-char{\nfont-size:25px;\n}\n.av-special-heading.av-5v8c3y-cb48ab18ceb8d56307d37ac9fb7aaf33 .av-subheading{\nfont-size:15px;\n}\n<\/style>\n<div  class='av-special-heading av-5v8c3y-cb48ab18ceb8d56307d37ac9fb7aaf33 av-special-heading-h3 blockquote modern-quote modern-centered  avia-builder-el-3  el_after_av_heading  el_before_av_animated_numbers '><h3 class='av-special-heading-tag '  itemprop=\"headline\"  >Pelipaikka:<\/h3><div class=\"special-heading-border\"><div class=\"special-heading-inner-border\"><\/div><\/div><\/div><br \/>\n<div  class=\"avia-animated-number av-jpi8c608-e263992bf04b2e988ee9922f6fdae9d3 av-force-default-color avia_animate_when_visible  avia-builder-el-4  el_after_av_heading  el_before_av_heading  \" data-timer=\"3000\"><strong class=\"heading avia-animated-number-title\"><span class=\"avia-single-number __av-single-number\" data-number_format=\"\" data-number=\"9\" data-start_from=\"0\">9<\/span><span class=\"avia-no-number\">M<\/span><\/strong><div class=\"avia-animated-number-content\"><\/div><\/div><br \/>\n\n<style type=\"text\/css\" data-created_by=\"avia_inline_auto\" id=\"style-css-av-454ea6-ad96e87209c3ddd521080839875ad44f\">\n#top .av-special-heading.av-454ea6-ad96e87209c3ddd521080839875ad44f{\npadding-bottom:10px;\n}\nbody .av-special-heading.av-454ea6-ad96e87209c3ddd521080839875ad44f .av-special-heading-tag .heading-char{\nfont-size:25px;\n}\n.av-special-heading.av-454ea6-ad96e87209c3ddd521080839875ad44f .av-subheading{\nfont-size:15px;\n}\n<\/style>\n<div  class='av-special-heading av-454ea6-ad96e87209c3ddd521080839875ad44f av-special-heading-h3 blockquote modern-quote modern-centered  avia-builder-el-5  el_after_av_animated_numbers  el_before_av_animated_numbers '><h3 class='av-special-heading-tag '  itemprop=\"headline\"  >Syntym\u00e4p\u00e4iv\u00e4:<\/h3><div class=\"special-heading-border\"><div class=\"special-heading-inner-border\"><\/div><\/div><\/div><br \/>\n<div  class=\"avia-animated-number av-jpi8c608-5c4a9ab64ddb5d029b690b752e3e61fb av-force-default-color avia_animate_when_visible  avia-builder-el-6  el_after_av_heading  el_before_av_heading  \" data-timer=\"3000\"><strong class=\"heading avia-animated-number-title\"><span class=\"avia-single-number __av-single-number\" data-number_format=\"\" data-number=\"10\" data-start_from=\"0\">10<\/span><span class=\"avia-no-number\">.<\/span><span class=\"avia-single-number __av-single-number\" data-number_format=\"\" data-number=\"03\" data-start_from=\"0\">03<\/span><span class=\"avia-no-number\">.<\/span><span class=\"avia-single-number __av-single-number\" data-number_format=\"\" data-number=\"2000\" data-start_from=\"0\">2000<\/span><\/strong><div class=\"avia-animated-number-content\"><\/div><\/div><br \/>\n\n<style type=\"text\/css\" data-created_by=\"avia_inline_auto\" id=\"style-css-av-1uh032-0e832aa9cc9b575a97cfd093a91fe24d\">\n#top .av-special-heading.av-1uh032-0e832aa9cc9b575a97cfd093a91fe24d{\npadding-bottom:10px;\n}\nbody .av-special-heading.av-1uh032-0e832aa9cc9b575a97cfd093a91fe24d .av-special-heading-tag .heading-char{\nfont-size:25px;\n}\n.av-special-heading.av-1uh032-0e832aa9cc9b575a97cfd093a91fe24d .av-subheading{\nfont-size:15px;\n}\n<\/style>\n<div  class='av-special-heading av-1uh032-0e832aa9cc9b575a97cfd093a91fe24d av-special-heading-h3 blockquote modern-quote modern-centered  avia-builder-el-7  el_after_av_animated_numbers  el_before_av_animated_numbers '><h3 class='av-special-heading-tag '  itemprop=\"headline\"  >Pituus:<\/h3><div class=\"special-heading-border\"><div class=\"special-heading-inner-border\"><\/div><\/div><\/div><br \/>\n<div  class=\"avia-animated-number av-jpi8c608-19bc8e9c3fc788acd65af6d0dc57f1a8 av-force-default-color avia_animate_when_visible  avia-builder-el-8  el_after_av_heading  avia-builder-el-last  \" data-timer=\"3000\"><strong class=\"heading avia-animated-number-title\"><span class=\"avia-single-number __av-single-number\" data-number_format=\"\" data-number=\"166\" data-start_from=\"0\">166<\/span><span class=\"avia-no-number\"> cm<\/span><\/strong><div class=\"avia-animated-number-content\"><\/div><\/div><\/p><\/div>\n<style type=\"text\/css\" data-created_by=\"avia_inline_auto\" id=\"style-css-av-6ui965-8e5d5b144d2d65b7ce0b6d7a1cb0fd4b\">\n.flex_column.av-6ui965-8e5d5b144d2d65b7ce0b6d7a1cb0fd4b{\nborder-radius:0px 0px 0px 0px;\npadding:0px 0px 0px 0px;\n}\n<\/style>\n<div  class='flex_column av-6ui965-8e5d5b144d2d65b7ce0b6d7a1cb0fd4b av_one_half  avia-builder-el-9  el_after_av_one_half  el_before_av_one_full  flex_column_div av-zero-column-padding  '     ><style type=\"text\/css\" data-created_by=\"avia_inline_auto\" id=\"style-css-av-jpi8e20b-395418ed8047db3c33998e24781168d9\">\n.avia-image-container.av-jpi8e20b-395418ed8047db3c33998e24781168d9 img.avia_image{\nbox-shadow:none;\n}\n.avia-image-container.av-jpi8e20b-395418ed8047db3c33998e24781168d9 .av-image-caption-overlay-center{\ncolor:#ffffff;\n}\n<\/style>\n<div  class='avia-image-container av-jpi8e20b-395418ed8047db3c33998e24781168d9 av-styling- av-img-linked avia-align-center  avia-builder-el-10  avia-builder-el-no-sibling '   itemprop=\"image\" itemscope=\"itemscope\" itemtype=\"https:\/\/schema.org\/ImageObject\" ><div class=\"avia-image-container-inner\"><div class=\"avia-image-overlay-wrap\"><a href=\"https:\/\/grifk-handball.com\/naiset\/wp-content\/uploads\/sites\/3\/2021\/09\/14-Mathilda-Sandblom-S-GrIFK-Naiset-685x1030.jpg\" data-srcset=\"https:\/\/grifk-handball.com\/naiset\/wp-content\/uploads\/sites\/3\/2021\/09\/14-Mathilda-Sandblom-S-GrIFK-Naiset-685x1030.jpg 685w, https:\/\/grifk-handball.com\/naiset\/wp-content\/uploads\/sites\/3\/2021\/09\/14-Mathilda-Sandblom-S-GrIFK-Naiset-200x300.jpg 200w, https:\/\/grifk-handball.com\/naiset\/wp-content\/uploads\/sites\/3\/2021\/09\/14-Mathilda-Sandblom-S-GrIFK-Naiset-768x1154.jpg 768w, https:\/\/grifk-handball.com\/naiset\/wp-content\/uploads\/sites\/3\/2021\/09\/14-Mathilda-Sandblom-S-GrIFK-Naiset-1022x1536.jpg 1022w, https:\/\/grifk-handball.com\/naiset\/wp-content\/uploads\/sites\/3\/2021\/09\/14-Mathilda-Sandblom-S-GrIFK-Naiset-998x1500.jpg 998w, https:\/\/grifk-handball.com\/naiset\/wp-content\/uploads\/sites\/3\/2021\/09\/14-Mathilda-Sandblom-S-GrIFK-Naiset-469x705.jpg 469w, https:\/\/grifk-handball.com\/naiset\/wp-content\/uploads\/sites\/3\/2021\/09\/14-Mathilda-Sandblom-S-GrIFK-Naiset.jpg 1363w\" data-sizes=\"(max-width: 685px) 100vw, 685px\" class='avia_image '  aria-label='14 Mathilda Sandblom S GrIFK Naiset'><img decoding=\"async\" fetchpriority=\"high\" class='wp-image-9358 avia-img-lazy-loading-not-9358 avia_image ' src=\"https:\/\/grifk-handball.com\/naiset\/wp-content\/uploads\/sites\/3\/2021\/09\/14-Mathilda-Sandblom-S-GrIFK-Naiset-200x300.jpg\" alt='' title='14 Mathilda Sandblom S GrIFK Naiset'  height=\"300\" width=\"200\"  itemprop=\"thumbnailUrl\" srcset=\"https:\/\/grifk-handball.com\/naiset\/wp-content\/uploads\/sites\/3\/2021\/09\/14-Mathilda-Sandblom-S-GrIFK-Naiset-200x300.jpg 200w, https:\/\/grifk-handball.com\/naiset\/wp-content\/uploads\/sites\/3\/2021\/09\/14-Mathilda-Sandblom-S-GrIFK-Naiset-685x1030.jpg 685w, https:\/\/grifk-handball.com\/naiset\/wp-content\/uploads\/sites\/3\/2021\/09\/14-Mathilda-Sandblom-S-GrIFK-Naiset-768x1154.jpg 768w, https:\/\/grifk-handball.com\/naiset\/wp-content\/uploads\/sites\/3\/2021\/09\/14-Mathilda-Sandblom-S-GrIFK-Naiset-1022x1536.jpg 1022w, https:\/\/grifk-handball.com\/naiset\/wp-content\/uploads\/sites\/3\/2021\/09\/14-Mathilda-Sandblom-S-GrIFK-Naiset-998x1500.jpg 998w, https:\/\/grifk-handball.com\/naiset\/wp-content\/uploads\/sites\/3\/2021\/09\/14-Mathilda-Sandblom-S-GrIFK-Naiset-469x705.jpg 469w, https:\/\/grifk-handball.com\/naiset\/wp-content\/uploads\/sites\/3\/2021\/09\/14-Mathilda-Sandblom-S-GrIFK-Naiset.jpg 1363w\" sizes=\"(max-width: 200px) 100vw, 200px\" \/><\/a><\/div><\/div><\/div><\/div><div class='flex_column_table av-jpi8fvn6-4573eb5ea75be01b7f28bda3c440eeee sc-av_one_full av-equal-height-column-flextable'>\n<style type=\"text\/css\" data-created_by=\"avia_inline_auto\" id=\"style-css-av-jpi8fvn6-4573eb5ea75be01b7f28bda3c440eeee\">\n.flex_column.av-jpi8fvn6-4573eb5ea75be01b7f28bda3c440eeee{\nborder-radius:0px 0px 0px 0px;\npadding:30px 30px 30px 30px;\nbackground:url(https:\/\/grifk-handball.com\/naiset\/wp-content\/uploads\/sites\/3\/2017\/08\/grifk_web-tausta_1-1030x644.jpg) 50% 50% no-repeat scroll ;\n}\n<\/style>\n<div  class='flex_column av-jpi8fvn6-4573eb5ea75be01b7f28bda3c440eeee av_one_full  avia-builder-el-11  el_after_av_one_half  el_before_av_one_half  first no_margin flex_column_table_cell av-equal-height-column av-align-bottom avia-full-stretch  column-top-margin'     ><section  class='av_textblock_section av-jpi8idqu-a3c8025c9b0df988ea8bcb139f7763b2 '   itemscope=\"itemscope\" itemtype=\"https:\/\/schema.org\/CreativeWork\" ><div class='avia_textblock'  itemprop=\"text\" ><div dir=\"auto\">\n<p><b>Smeknamn<\/b><span style=\"font-weight: 400\">: Lillis<\/span><\/p>\n<p><b>Familj:<\/b><span style=\"font-weight: 400\"> Mamma, Pappa, tv\u00e5 storebr\u00f6der och en storasyster<\/span><\/p>\n<p><b>Jobb\/ Studier<\/b><span style=\"font-weight: 400\">: Studerar till ergoterapeut<\/span><\/p>\n<p><b>Hur skulle du beskriva dig sj\u00e4lv: <\/b><span style=\"font-weight: 400\">Omt\u00e4nksam, pratsam och glad<\/span><\/p>\n<p><b>B\u00e4sta med handboll<\/b><span style=\"font-weight: 400\">: Laget, vinna och att det \u00e4r m\u00e5ngsidigt<\/span><\/p>\n<p><b>Hur m\u00e5nga \u00e5r har du spelat handboll<\/b><span style=\"font-weight: 400\">? ca 11 \u00e5r<\/span><\/p>\n<p><b>S\u00e4msta och b\u00e4sta egenskap? <\/b><span style=\"font-weight: 400\">L\u00e4tt att tas med och ibland lite f\u00f6r \u00e4rlig kanske<\/span><\/p>\n<p><b>Favorit<\/b><span style=\"font-weight: 400\">..\u00a0<\/span><\/p>\n<p><b>L\u00e5t<\/b><span style=\"font-weight: 400\">: Har direkt ingen favorit med den som spelas mycket just nu \u00e4r Tiesto-The Business<\/span><\/p>\n<p><b>F\u00e4rg<\/b><span style=\"font-weight: 400\">: Gr\u00e5<\/span><\/p>\n<p><b>Handbollsspelare<\/b><span style=\"font-weight: 400\">: Nora M\u00f6rk eller Nycke Groot<\/span><\/p>\n<\/div>\n<\/div><\/section><\/div><\/div><!--close column table wrapper. Autoclose: 1 --><\/p>\n\n<style type=\"text\/css\" data-created_by=\"avia_inline_auto\" id=\"style-css-av-4kingd-3b68c1c3c3df6e1e3a5867b7e784ece8\">\n.flex_column.av-4kingd-3b68c1c3c3df6e1e3a5867b7e784ece8{\nborder-radius:0px 0px 0px 0px;\npadding:50px 30px 30px 30px;\n}\n<\/style>\n<div  class='flex_column av-4kingd-3b68c1c3c3df6e1e3a5867b7e784ece8 av_one_half  avia-builder-el-13  el_after_av_one_full  el_before_av_one_full  first flex_column_div  column-top-margin'     ><style type=\"text\/css\" data-created_by=\"avia_inline_auto\" id=\"style-css-av-k1umle3x-4689efcfb870dafb38c532c937a15ff5\">\n#top .av-special-heading.av-k1umle3x-4689efcfb870dafb38c532c937a15ff5{\npadding-bottom:10px;\n}\nbody .av-special-heading.av-k1umle3x-4689efcfb870dafb38c532c937a15ff5 .av-special-heading-tag .heading-char{\nfont-size:25px;\n}\n.av-special-heading.av-k1umle3x-4689efcfb870dafb38c532c937a15ff5 .av-subheading{\nfont-size:15px;\n}\n<\/style>\n<div  class='av-special-heading av-k1umle3x-4689efcfb870dafb38c532c937a15ff5 av-special-heading-h3 blockquote modern-quote  avia-builder-el-14  avia-builder-el-no-sibling '><h3 class='av-special-heading-tag '  itemprop=\"headline\"  >Seurat:<\/h3><div class='av-subheading av-subheading_below'><p>GrIFK<br \/>\nBK-46<br \/>\nHC HIK<\/p>\n<\/div><div class=\"special-heading-border\"><div class=\"special-heading-inner-border\"><\/div><\/div><\/div><\/div>\n<div class='flex_column_table av-1ykg71-fdc8ebe3d09e65a65f34670da50c8ec1 sc-av_one_full av-equal-height-column-flextable'>\n<style type=\"text\/css\" data-created_by=\"avia_inline_auto\" id=\"style-css-av-1ykg71-fdc8ebe3d09e65a65f34670da50c8ec1\">\n.flex_column.av-1ykg71-fdc8ebe3d09e65a65f34670da50c8ec1{\nborder-radius:0px 0px 0px 0px;\npadding:30px 30px 30px 30px;\n}\n<\/style>\n<div  class='flex_column av-1ykg71-fdc8ebe3d09e65a65f34670da50c8ec1 av_one_full  avia-builder-el-15  el_after_av_one_half  avia-builder-el-last  first no_margin flex_column_table_cell av-equal-height-column av-align-top  column-top-margin'     ><p>\n<style type=\"text\/css\" data-created_by=\"avia_inline_auto\" id=\"style-css-av-28zrj2-44028342349ef155487ae899405e7b2f\">\n#top .av-special-heading.av-28zrj2-44028342349ef155487ae899405e7b2f{\npadding-bottom:10px;\n}\nbody .av-special-heading.av-28zrj2-44028342349ef155487ae899405e7b2f .av-special-heading-tag .heading-char{\nfont-size:25px;\n}\n.av-special-heading.av-28zrj2-44028342349ef155487ae899405e7b2f .av-subheading{\nfont-size:15px;\n}\n<\/style>\n<div  class='av-special-heading av-28zrj2-44028342349ef155487ae899405e7b2f av-special-heading-h3 blockquote modern-quote  avia-builder-el-16  el_before_av_textblock  avia-builder-el-first '><h3 class='av-special-heading-tag '  itemprop=\"headline\"  >Tilastot:<\/h3><div class=\"special-heading-border\"><div class=\"special-heading-inner-border\"><\/div><\/div><\/div><br \/>\n<section  class='av_textblock_section av-jpi8idqu-c2ad87d271ab80b4d038abdfcb9ca38c '   itemscope=\"itemscope\" itemtype=\"https:\/\/schema.org\/CreativeWork\" ><div class='avia_textblock pelaajakortti-data'  itemprop=\"text\" ><p><a href=\"https:\/\/finnhandball.torneopal.fi\/taso\/widget.php?widget=player&amp;playerid=49375&amp;stats=1\">https:\/\/finnhandball.torneopal.fi\/taso\/widget.php?widget=player&amp;playerid=49375&amp;stats=1<\/a><\/p>\n<\/div><\/section><br \/>\n<section  class='av_textblock_section av-jpi8idqu-add030a147389a24038cbf4482d7d955 '   itemscope=\"itemscope\" itemtype=\"https:\/\/schema.org\/CreativeWork\" ><div class='avia_textblock'  itemprop=\"text\" ><h5 style=\"text-align: right\"><a href=\"https:\/\/tulospalvelu.finnhandball.net\/taso\/pelaaja.php?pelaaja=49375\" target=\"blank\" rel=\"noopener\">Tarkemmat tilastot Tulospalvelussa &gt;<\/a><\/h5>\n<\/div><\/section><\/p><\/div><\/div><!--close column table wrapper. Autoclose: 1 -->\n","protected":false},"excerpt":{"rendered":"","protected":false},"author":6,"featured_media":9438,"parent":9121,"menu_order":14,"comment_status":"closed","ping_status":"closed","template":"","meta":{"_acf_changed":false,"jetpack_post_was_ever_published":false,"footnotes":""},"tags":[239],"class_list":["post-9190","page","type-page","status-publish","has-post-thumbnail","hentry","tag-pelaajat-2021-22"],"acf":[],"yoast_head":"<!-- This site is optimized with the Yoast SEO plugin v27.5 - https:\/\/yoast.com\/product\/yoast-seo-wordpress\/ -->\n<title>Mathilda Sandblom &#187; GrIFK K\u00e4sipallo Naiset<\/title>\n<meta name=\"robots\" content=\"index, follow, max-snippet:-1, max-image-preview:large, max-video-preview:-1\" \/>\n<link rel=\"canonical\" href=\"https:\/\/grifk-handball.com\/naiset\/joukkue-2021-22\/mathilda-sandblom\/\" \/>\n<meta property=\"og:locale\" content=\"fi_FI\" \/>\n<meta property=\"og:type\" content=\"article\" \/>\n<meta property=\"og:title\" content=\"Mathilda Sandblom &#187; GrIFK K\u00e4sipallo Naiset\" \/>\n<meta property=\"og:url\" content=\"https:\/\/grifk-handball.com\/naiset\/joukkue-2021-22\/mathilda-sandblom\/\" \/>\n<meta property=\"og:site_name\" content=\"GrIFK K\u00e4sipallo Naiset\" \/>\n<meta property=\"article:publisher\" content=\"https:\/\/www.facebook.com\/532444520237680\" \/>\n<meta property=\"article:modified_time\" content=\"2021-09-29T07:30:07+00:00\" \/>\n<meta property=\"og:image\" content=\"https:\/\/grifk-handball.com\/naiset\/wp-content\/uploads\/sites\/3\/2021\/09\/Sandblom-685x1030.jpg\" \/>\n\t<meta property=\"og:image:width\" content=\"685\" \/>\n\t<meta property=\"og:image:height\" content=\"1030\" \/>\n\t<meta property=\"og:image:type\" content=\"image\/jpeg\" \/>\n<meta name=\"twitter:card\" content=\"summary_large_image\" \/>\n<meta name=\"twitter:label1\" content=\"Arvioitu lukuaika\" \/>\n\t<meta name=\"twitter:data1\" content=\"3 minuuttia\" \/>\n<script type=\"application\/ld+json\" class=\"yoast-schema-graph\">{\"@context\":\"https:\\\/\\\/schema.org\",\"@graph\":[{\"@type\":\"WebPage\",\"@id\":\"https:\\\/\\\/grifk-handball.com\\\/naiset\\\/joukkue-2021-22\\\/mathilda-sandblom\\\/\",\"url\":\"https:\\\/\\\/grifk-handball.com\\\/naiset\\\/joukkue-2021-22\\\/mathilda-sandblom\\\/\",\"name\":\"Mathilda Sandblom &#187; GrIFK K\u00e4sipallo Naiset\",\"isPartOf\":{\"@id\":\"https:\\\/\\\/grifk-handball.com\\\/naiset\\\/#website\"},\"primaryImageOfPage\":{\"@id\":\"https:\\\/\\\/grifk-handball.com\\\/naiset\\\/joukkue-2021-22\\\/mathilda-sandblom\\\/#primaryimage\"},\"image\":{\"@id\":\"https:\\\/\\\/grifk-handball.com\\\/naiset\\\/joukkue-2021-22\\\/mathilda-sandblom\\\/#primaryimage\"},\"thumbnailUrl\":\"https:\\\/\\\/grifk-handball.com\\\/naiset\\\/wp-content\\\/uploads\\\/sites\\\/3\\\/2021\\\/09\\\/Sandblom-scaled.jpg\",\"datePublished\":\"2021-08-31T09:46:47+00:00\",\"dateModified\":\"2021-09-29T07:30:07+00:00\",\"breadcrumb\":{\"@id\":\"https:\\\/\\\/grifk-handball.com\\\/naiset\\\/joukkue-2021-22\\\/mathilda-sandblom\\\/#breadcrumb\"},\"inLanguage\":\"fi\",\"potentialAction\":[{\"@type\":\"ReadAction\",\"target\":[\"https:\\\/\\\/grifk-handball.com\\\/naiset\\\/joukkue-2021-22\\\/mathilda-sandblom\\\/\"]}]},{\"@type\":\"ImageObject\",\"inLanguage\":\"fi\",\"@id\":\"https:\\\/\\\/grifk-handball.com\\\/naiset\\\/joukkue-2021-22\\\/mathilda-sandblom\\\/#primaryimage\",\"url\":\"https:\\\/\\\/grifk-handball.com\\\/naiset\\\/wp-content\\\/uploads\\\/sites\\\/3\\\/2021\\\/09\\\/Sandblom-scaled.jpg\",\"contentUrl\":\"https:\\\/\\\/grifk-handball.com\\\/naiset\\\/wp-content\\\/uploads\\\/sites\\\/3\\\/2021\\\/09\\\/Sandblom-scaled.jpg\",\"width\":1703,\"height\":2560},{\"@type\":\"BreadcrumbList\",\"@id\":\"https:\\\/\\\/grifk-handball.com\\\/naiset\\\/joukkue-2021-22\\\/mathilda-sandblom\\\/#breadcrumb\",\"itemListElement\":[{\"@type\":\"ListItem\",\"position\":1,\"name\":\"Home\",\"item\":\"https:\\\/\\\/grifk-handball.com\\\/naiset\\\/etusivu-2\\\/\"},{\"@type\":\"ListItem\",\"position\":2,\"name\":\"Joukkue 2021-22\",\"item\":\"https:\\\/\\\/grifk-handball.com\\\/naiset\\\/joukkue-2021-22\\\/\"},{\"@type\":\"ListItem\",\"position\":3,\"name\":\"Mathilda Sandblom\"}]},{\"@type\":\"WebSite\",\"@id\":\"https:\\\/\\\/grifk-handball.com\\\/naiset\\\/#website\",\"url\":\"https:\\\/\\\/grifk-handball.com\\\/naiset\\\/\",\"name\":\"GrIFK K\u00e4sipallo Naiset\",\"description\":\"GrIFK K\u00e4sipallo Naiset\",\"potentialAction\":[{\"@type\":\"SearchAction\",\"target\":{\"@type\":\"EntryPoint\",\"urlTemplate\":\"https:\\\/\\\/grifk-handball.com\\\/naiset\\\/?s={search_term_string}\"},\"query-input\":{\"@type\":\"PropertyValueSpecification\",\"valueRequired\":true,\"valueName\":\"search_term_string\"}}],\"inLanguage\":\"fi\"}]}<\/script>\n<!-- \/ Yoast SEO plugin. -->","yoast_head_json":{"title":"Mathilda Sandblom &#187; GrIFK K\u00e4sipallo Naiset","robots":{"index":"index","follow":"follow","max-snippet":"max-snippet:-1","max-image-preview":"max-image-preview:large","max-video-preview":"max-video-preview:-1"},"canonical":"https:\/\/grifk-handball.com\/naiset\/joukkue-2021-22\/mathilda-sandblom\/","og_locale":"fi_FI","og_type":"article","og_title":"Mathilda Sandblom &#187; GrIFK K\u00e4sipallo Naiset","og_url":"https:\/\/grifk-handball.com\/naiset\/joukkue-2021-22\/mathilda-sandblom\/","og_site_name":"GrIFK K\u00e4sipallo Naiset","article_publisher":"https:\/\/www.facebook.com\/532444520237680","article_modified_time":"2021-09-29T07:30:07+00:00","og_image":[{"width":685,"height":1030,"url":"https:\/\/grifk-handball.com\/naiset\/wp-content\/uploads\/sites\/3\/2021\/09\/Sandblom-685x1030.jpg","type":"image\/jpeg"}],"twitter_card":"summary_large_image","twitter_misc":{"Arvioitu lukuaika":"3 minuuttia"},"schema":{"@context":"https:\/\/schema.org","@graph":[{"@type":"WebPage","@id":"https:\/\/grifk-handball.com\/naiset\/joukkue-2021-22\/mathilda-sandblom\/","url":"https:\/\/grifk-handball.com\/naiset\/joukkue-2021-22\/mathilda-sandblom\/","name":"Mathilda Sandblom &#187; GrIFK K\u00e4sipallo Naiset","isPartOf":{"@id":"https:\/\/grifk-handball.com\/naiset\/#website"},"primaryImageOfPage":{"@id":"https:\/\/grifk-handball.com\/naiset\/joukkue-2021-22\/mathilda-sandblom\/#primaryimage"},"image":{"@id":"https:\/\/grifk-handball.com\/naiset\/joukkue-2021-22\/mathilda-sandblom\/#primaryimage"},"thumbnailUrl":"https:\/\/grifk-handball.com\/naiset\/wp-content\/uploads\/sites\/3\/2021\/09\/Sandblom-scaled.jpg","datePublished":"2021-08-31T09:46:47+00:00","dateModified":"2021-09-29T07:30:07+00:00","breadcrumb":{"@id":"https:\/\/grifk-handball.com\/naiset\/joukkue-2021-22\/mathilda-sandblom\/#breadcrumb"},"inLanguage":"fi","potentialAction":[{"@type":"ReadAction","target":["https:\/\/grifk-handball.com\/naiset\/joukkue-2021-22\/mathilda-sandblom\/"]}]},{"@type":"ImageObject","inLanguage":"fi","@id":"https:\/\/grifk-handball.com\/naiset\/joukkue-2021-22\/mathilda-sandblom\/#primaryimage","url":"https:\/\/grifk-handball.com\/naiset\/wp-content\/uploads\/sites\/3\/2021\/09\/Sandblom-scaled.jpg","contentUrl":"https:\/\/grifk-handball.com\/naiset\/wp-content\/uploads\/sites\/3\/2021\/09\/Sandblom-scaled.jpg","width":1703,"height":2560},{"@type":"BreadcrumbList","@id":"https:\/\/grifk-handball.com\/naiset\/joukkue-2021-22\/mathilda-sandblom\/#breadcrumb","itemListElement":[{"@type":"ListItem","position":1,"name":"Home","item":"https:\/\/grifk-handball.com\/naiset\/etusivu-2\/"},{"@type":"ListItem","position":2,"name":"Joukkue 2021-22","item":"https:\/\/grifk-handball.com\/naiset\/joukkue-2021-22\/"},{"@type":"ListItem","position":3,"name":"Mathilda Sandblom"}]},{"@type":"WebSite","@id":"https:\/\/grifk-handball.com\/naiset\/#website","url":"https:\/\/grifk-handball.com\/naiset\/","name":"GrIFK K\u00e4sipallo Naiset","description":"GrIFK K\u00e4sipallo Naiset","potentialAction":[{"@type":"SearchAction","target":{"@type":"EntryPoint","urlTemplate":"https:\/\/grifk-handball.com\/naiset\/?s={search_term_string}"},"query-input":{"@type":"PropertyValueSpecification","valueRequired":true,"valueName":"search_term_string"}}],"inLanguage":"fi"}]}},"jetpack_sharing_enabled":true,"_links":{"self":[{"href":"https:\/\/grifk-handball.com\/naiset\/wp-json\/wp\/v2\/pages\/9190","targetHints":{"allow":["GET"]}}],"collection":[{"href":"https:\/\/grifk-handball.com\/naiset\/wp-json\/wp\/v2\/pages"}],"about":[{"href":"https:\/\/grifk-handball.com\/naiset\/wp-json\/wp\/v2\/types\/page"}],"author":[{"embeddable":true,"href":"https:\/\/grifk-handball.com\/naiset\/wp-json\/wp\/v2\/users\/6"}],"replies":[{"embeddable":true,"href":"https:\/\/grifk-handball.com\/naiset\/wp-json\/wp\/v2\/comments?post=9190"}],"version-history":[{"count":5,"href":"https:\/\/grifk-handball.com\/naiset\/wp-json\/wp\/v2\/pages\/9190\/revisions"}],"predecessor-version":[{"id":9469,"href":"https:\/\/grifk-handball.com\/naiset\/wp-json\/wp\/v2\/pages\/9190\/revisions\/9469"}],"up":[{"embeddable":true,"href":"https:\/\/grifk-handball.com\/naiset\/wp-json\/wp\/v2\/pages\/9121"}],"wp:featuredmedia":[{"embeddable":true,"href":"https:\/\/grifk-handball.com\/naiset\/wp-json\/wp\/v2\/media\/9438"}],"wp:attachment":[{"href":"https:\/\/grifk-handball.com\/naiset\/wp-json\/wp\/v2\/media?parent=9190"}],"wp:term":[{"taxonomy":"post_tag","embeddable":true,"href":"https:\/\/grifk-handball.com\/naiset\/wp-json\/wp\/v2\/tags?post=9190"}],"curies":[{"name":"wp","href":"https:\/\/api.w.org\/{rel}","templated":true}]}}