{"id":9879,"date":"2022-01-12T14:23:22","date_gmt":"2022-01-12T12:23:22","guid":{"rendered":"https:\/\/grifk-handball.com\/naiset\/?page_id=9879"},"modified":"2022-01-12T14:25:23","modified_gmt":"2022-01-12T12:25:23","slug":"anette-rakkolainen","status":"publish","type":"page","link":"https:\/\/grifk-handball.com\/naiset\/joukkue-2021-22\/anette-rakkolainen\/","title":{"rendered":"Anette Rakkolainen"},"content":{"rendered":"\n<style type=\"text\/css\" data-created_by=\"avia_inline_auto\" id=\"style-css-av-9dmnb1-278bc96489218fe14b862d306d74fd36\">\n.flex_column.av-9dmnb1-278bc96489218fe14b862d306d74fd36{\nborder-radius:0px 0px 0px 0px;\npadding:0px 0px 0px 0px;\n}\n<\/style>\n<div  class='flex_column av-9dmnb1-278bc96489218fe14b862d306d74fd36 av_one_half  avia-builder-el-0  el_before_av_one_half  avia-builder-el-first  first flex_column_div av-zero-column-padding  '     ><p>\n<style type=\"text\/css\" data-created_by=\"avia_inline_auto\" id=\"style-css-av-82wcke-48d0cd4a209796d627de3981272f9068\">\n#top .av-special-heading.av-82wcke-48d0cd4a209796d627de3981272f9068{\npadding-bottom:0;\n}\nbody .av-special-heading.av-82wcke-48d0cd4a209796d627de3981272f9068 .av-special-heading-tag .heading-char{\nfont-size:25px;\n}\n.av-special-heading.av-82wcke-48d0cd4a209796d627de3981272f9068 .av-subheading{\nfont-size:15px;\n}\n<\/style>\n<div  class='av-special-heading av-82wcke-48d0cd4a209796d627de3981272f9068 av-special-heading-h2  avia-builder-el-1  el_before_av_heading  avia-builder-el-first  pelinumero av-linked-heading'><h2 class='av-special-heading-tag '  itemprop=\"headline\"  >18<\/h2><div class=\"special-heading-border\"><div class=\"special-heading-inner-border\"><\/div><\/div><\/div><br \/>\n\n<style type=\"text\/css\" data-created_by=\"avia_inline_auto\" id=\"style-css-av-k37c9zhb-13cf286518d1b57e61cc4303e48dfba5\">\n#top .av-special-heading.av-k37c9zhb-13cf286518d1b57e61cc4303e48dfba5{\npadding-bottom:0;\n}\nbody .av-special-heading.av-k37c9zhb-13cf286518d1b57e61cc4303e48dfba5 .av-special-heading-tag .heading-char{\nfont-size:25px;\n}\n.av-special-heading.av-k37c9zhb-13cf286518d1b57e61cc4303e48dfba5 .av-subheading{\nfont-size:15px;\n}\n<\/style>\n<div  class='av-special-heading av-k37c9zhb-13cf286518d1b57e61cc4303e48dfba5 av-special-heading-h1 meta-heading  avia-builder-el-2  el_after_av_heading  el_before_av_heading  pelaajan-nimi av-linked-heading'><h1 class='av-special-heading-tag '  itemprop=\"headline\"  >Anette Rakkolainen<\/h1><div class=\"special-heading-border\"><div class=\"special-heading-inner-border\"><\/div><\/div><\/div><br \/>\n\n<style type=\"text\/css\" data-created_by=\"avia_inline_auto\" id=\"style-css-av-5v8c3y-cb48ab18ceb8d56307d37ac9fb7aaf33\">\n#top .av-special-heading.av-5v8c3y-cb48ab18ceb8d56307d37ac9fb7aaf33{\npadding-bottom:10px;\n}\nbody .av-special-heading.av-5v8c3y-cb48ab18ceb8d56307d37ac9fb7aaf33 .av-special-heading-tag .heading-char{\nfont-size:25px;\n}\n.av-special-heading.av-5v8c3y-cb48ab18ceb8d56307d37ac9fb7aaf33 .av-subheading{\nfont-size:15px;\n}\n<\/style>\n<div  class='av-special-heading av-5v8c3y-cb48ab18ceb8d56307d37ac9fb7aaf33 av-special-heading-h3 blockquote modern-quote modern-centered  avia-builder-el-3  el_after_av_heading  el_before_av_animated_numbers '><h3 class='av-special-heading-tag '  itemprop=\"headline\"  >Pelipaikka:<\/h3><div class=\"special-heading-border\"><div class=\"special-heading-inner-border\"><\/div><\/div><\/div><br \/>\n<div  class=\"avia-animated-number av-jpi8c608-7a66af0658c5c9f226cdc123c05c5db2 av-force-default-color avia_animate_when_visible  avia-builder-el-4  el_after_av_heading  el_before_av_heading  \" data-timer=\"3000\"><strong class=\"heading avia-animated-number-title\"><span class=\"avia-no-number\">H<\/span><span class=\"avia-single-number __av-single-number\" data-number_format=\"\" data-number=\"6\" data-start_from=\"0\">6<\/span><\/strong><div class=\"avia-animated-number-content\"><\/div><\/div><br \/>\n\n<style type=\"text\/css\" data-created_by=\"avia_inline_auto\" id=\"style-css-av-454ea6-ad96e87209c3ddd521080839875ad44f\">\n#top .av-special-heading.av-454ea6-ad96e87209c3ddd521080839875ad44f{\npadding-bottom:10px;\n}\nbody .av-special-heading.av-454ea6-ad96e87209c3ddd521080839875ad44f .av-special-heading-tag .heading-char{\nfont-size:25px;\n}\n.av-special-heading.av-454ea6-ad96e87209c3ddd521080839875ad44f .av-subheading{\nfont-size:15px;\n}\n<\/style>\n<div  class='av-special-heading av-454ea6-ad96e87209c3ddd521080839875ad44f av-special-heading-h3 blockquote modern-quote modern-centered  avia-builder-el-5  el_after_av_animated_numbers  el_before_av_animated_numbers '><h3 class='av-special-heading-tag '  itemprop=\"headline\"  >Syntym\u00e4p\u00e4iv\u00e4:<\/h3><div class=\"special-heading-border\"><div class=\"special-heading-inner-border\"><\/div><\/div><\/div><br \/>\n<div  class=\"avia-animated-number av-jpi8c608-ee0dda4dbd798d1cd8ae400538bf3db1 av-force-default-color avia_animate_when_visible  avia-builder-el-6  el_after_av_heading  el_before_av_heading  \" data-timer=\"3000\"><strong class=\"heading avia-animated-number-title\"><span class=\"avia-single-number __av-single-number\" data-number_format=\"\" data-number=\"2003\" data-start_from=\"0\">2003<\/span><\/strong><div class=\"avia-animated-number-content\"><\/div><\/div><br \/>\n\n<style type=\"text\/css\" data-created_by=\"avia_inline_auto\" id=\"style-css-av-1uh032-0e832aa9cc9b575a97cfd093a91fe24d\">\n#top .av-special-heading.av-1uh032-0e832aa9cc9b575a97cfd093a91fe24d{\npadding-bottom:10px;\n}\nbody .av-special-heading.av-1uh032-0e832aa9cc9b575a97cfd093a91fe24d .av-special-heading-tag .heading-char{\nfont-size:25px;\n}\n.av-special-heading.av-1uh032-0e832aa9cc9b575a97cfd093a91fe24d .av-subheading{\nfont-size:15px;\n}\n<\/style>\n<div  class='av-special-heading av-1uh032-0e832aa9cc9b575a97cfd093a91fe24d av-special-heading-h3 blockquote modern-quote modern-centered  avia-builder-el-7  el_after_av_animated_numbers  el_before_av_animated_numbers '><h3 class='av-special-heading-tag '  itemprop=\"headline\"  >Pituus:<\/h3><div class=\"special-heading-border\"><div class=\"special-heading-inner-border\"><\/div><\/div><\/div><br \/>\n<div  class=\"avia-animated-number av-jpi8c608-1bb7b3b0014c87b5777f1b472ba8bbef av-force-default-color avia_animate_when_visible  avia-builder-el-8  el_after_av_heading  avia-builder-el-last  \" data-timer=\"3000\"><strong class=\"heading avia-animated-number-title\"><span class=\"avia-single-number __av-single-number\" data-number_format=\"\" data-number=\"163\" data-start_from=\"0\">163<\/span><span class=\"avia-no-number\"> cm<\/span><\/strong><div class=\"avia-animated-number-content\"><\/div><\/div><\/p><\/div>\n<style type=\"text\/css\" data-created_by=\"avia_inline_auto\" id=\"style-css-av-6ui965-8e5d5b144d2d65b7ce0b6d7a1cb0fd4b\">\n.flex_column.av-6ui965-8e5d5b144d2d65b7ce0b6d7a1cb0fd4b{\nborder-radius:0px 0px 0px 0px;\npadding:0px 0px 0px 0px;\n}\n<\/style>\n<div  class='flex_column av-6ui965-8e5d5b144d2d65b7ce0b6d7a1cb0fd4b av_one_half  avia-builder-el-9  el_after_av_one_half  el_before_av_one_full  flex_column_div av-zero-column-padding  '     ><style type=\"text\/css\" data-created_by=\"avia_inline_auto\" id=\"style-css-av-jpi8e20b-bd5549445dea8fccd0261f972a3625d8\">\n.avia-image-container.av-jpi8e20b-bd5549445dea8fccd0261f972a3625d8 img.avia_image{\nbox-shadow:none;\n}\n.avia-image-container.av-jpi8e20b-bd5549445dea8fccd0261f972a3625d8 .av-image-caption-overlay-center{\ncolor:#ffffff;\n}\n<\/style>\n<div  class='avia-image-container av-jpi8e20b-bd5549445dea8fccd0261f972a3625d8 av-styling- av-img-linked avia-align-center  avia-builder-el-10  avia-builder-el-no-sibling '   itemprop=\"image\" itemscope=\"itemscope\" itemtype=\"https:\/\/schema.org\/ImageObject\" ><div class=\"avia-image-container-inner\"><div class=\"avia-image-overlay-wrap\"><a href=\"https:\/\/grifk-handball.com\/naiset\/wp-content\/uploads\/sites\/3\/2022\/01\/Anette-Rakkolainen-737x1030.jpeg\" data-srcset=\"https:\/\/grifk-handball.com\/naiset\/wp-content\/uploads\/sites\/3\/2022\/01\/Anette-Rakkolainen-737x1030.jpeg 737w, https:\/\/grifk-handball.com\/naiset\/wp-content\/uploads\/sites\/3\/2022\/01\/Anette-Rakkolainen-215x300.jpeg 215w, https:\/\/grifk-handball.com\/naiset\/wp-content\/uploads\/sites\/3\/2022\/01\/Anette-Rakkolainen-768x1073.jpeg 768w, https:\/\/grifk-handball.com\/naiset\/wp-content\/uploads\/sites\/3\/2022\/01\/Anette-Rakkolainen-1099x1536.jpeg 1099w, https:\/\/grifk-handball.com\/naiset\/wp-content\/uploads\/sites\/3\/2022\/01\/Anette-Rakkolainen-1073x1500.jpeg 1073w, https:\/\/grifk-handball.com\/naiset\/wp-content\/uploads\/sites\/3\/2022\/01\/Anette-Rakkolainen-505x705.jpeg 505w, https:\/\/grifk-handball.com\/naiset\/wp-content\/uploads\/sites\/3\/2022\/01\/Anette-Rakkolainen.jpeg 1145w\" data-sizes=\"(max-width: 737px) 100vw, 737px\" class='avia_image '  aria-label='Anette Rakkolainen'><img decoding=\"async\" fetchpriority=\"high\" class='wp-image-9871 avia-img-lazy-loading-not-9871 avia_image ' src=\"https:\/\/grifk-handball.com\/naiset\/wp-content\/uploads\/sites\/3\/2022\/01\/Anette-Rakkolainen-737x1030.jpeg\" alt='' title='Anette Rakkolainen'  height=\"1030\" width=\"737\"  itemprop=\"thumbnailUrl\" srcset=\"https:\/\/grifk-handball.com\/naiset\/wp-content\/uploads\/sites\/3\/2022\/01\/Anette-Rakkolainen-737x1030.jpeg 737w, https:\/\/grifk-handball.com\/naiset\/wp-content\/uploads\/sites\/3\/2022\/01\/Anette-Rakkolainen-215x300.jpeg 215w, https:\/\/grifk-handball.com\/naiset\/wp-content\/uploads\/sites\/3\/2022\/01\/Anette-Rakkolainen-768x1073.jpeg 768w, https:\/\/grifk-handball.com\/naiset\/wp-content\/uploads\/sites\/3\/2022\/01\/Anette-Rakkolainen-1099x1536.jpeg 1099w, https:\/\/grifk-handball.com\/naiset\/wp-content\/uploads\/sites\/3\/2022\/01\/Anette-Rakkolainen-1073x1500.jpeg 1073w, https:\/\/grifk-handball.com\/naiset\/wp-content\/uploads\/sites\/3\/2022\/01\/Anette-Rakkolainen-505x705.jpeg 505w, https:\/\/grifk-handball.com\/naiset\/wp-content\/uploads\/sites\/3\/2022\/01\/Anette-Rakkolainen.jpeg 1145w\" sizes=\"(max-width: 737px) 100vw, 737px\" \/><\/a><\/div><\/div><\/div><\/div><div class='flex_column_table av-jpi8fvn6-4573eb5ea75be01b7f28bda3c440eeee sc-av_one_full av-equal-height-column-flextable'>\n<style type=\"text\/css\" data-created_by=\"avia_inline_auto\" id=\"style-css-av-jpi8fvn6-4573eb5ea75be01b7f28bda3c440eeee\">\n.flex_column.av-jpi8fvn6-4573eb5ea75be01b7f28bda3c440eeee{\nborder-radius:0px 0px 0px 0px;\npadding:30px 30px 30px 30px;\nbackground:url(https:\/\/grifk-handball.com\/naiset\/wp-content\/uploads\/sites\/3\/2017\/08\/grifk_web-tausta_1-1030x644.jpg) 50% 50% no-repeat scroll ;\n}\n<\/style>\n<div  class='flex_column av-jpi8fvn6-4573eb5ea75be01b7f28bda3c440eeee av_one_full  avia-builder-el-11  el_after_av_one_half  el_before_av_one_half  first no_margin flex_column_table_cell av-equal-height-column av-align-bottom avia-full-stretch  column-top-margin'     ><section  class='av_textblock_section av-jpi8idqu-497112eb07f7771a60e0b35e37668a76 '   itemscope=\"itemscope\" itemtype=\"https:\/\/schema.org\/CreativeWork\" ><div class='avia_textblock'  itemprop=\"text\" ><div dir=\"auto\"><\/div>\n<\/div><\/section><\/div><\/div><!--close column table wrapper. Autoclose: 1 -->\n<style type=\"text\/css\" data-created_by=\"avia_inline_auto\" id=\"style-css-av-4kingd-3b68c1c3c3df6e1e3a5867b7e784ece8\">\n.flex_column.av-4kingd-3b68c1c3c3df6e1e3a5867b7e784ece8{\nborder-radius:0px 0px 0px 0px;\npadding:50px 30px 30px 30px;\n}\n<\/style>\n<div  class='flex_column av-4kingd-3b68c1c3c3df6e1e3a5867b7e784ece8 av_one_half  avia-builder-el-13  el_after_av_one_full  el_before_av_one_full  first flex_column_div  column-top-margin'     ><style type=\"text\/css\" data-created_by=\"avia_inline_auto\" id=\"style-css-av-k1umle3x-2a8c164856cf37592ff18e5e2c462e26\">\n#top .av-special-heading.av-k1umle3x-2a8c164856cf37592ff18e5e2c462e26{\npadding-bottom:10px;\n}\nbody .av-special-heading.av-k1umle3x-2a8c164856cf37592ff18e5e2c462e26 .av-special-heading-tag .heading-char{\nfont-size:25px;\n}\n.av-special-heading.av-k1umle3x-2a8c164856cf37592ff18e5e2c462e26 .av-subheading{\nfont-size:15px;\n}\n<\/style>\n<div  class='av-special-heading av-k1umle3x-2a8c164856cf37592ff18e5e2c462e26 av-special-heading-h3 blockquote modern-quote  avia-builder-el-14  avia-builder-el-no-sibling  av-linked-heading'><h3 class='av-special-heading-tag '  itemprop=\"headline\"  >Seurat:<\/h3><div class='av-subheading av-subheading_below'><p>GrIFK<br \/>\nPIF<\/p>\n<\/div><div class=\"special-heading-border\"><div class=\"special-heading-inner-border\"><\/div><\/div><\/div><\/div><div class='flex_column_table av-1ykg71-fdc8ebe3d09e65a65f34670da50c8ec1 sc-av_one_full av-equal-height-column-flextable'>\n<style type=\"text\/css\" data-created_by=\"avia_inline_auto\" id=\"style-css-av-1ykg71-fdc8ebe3d09e65a65f34670da50c8ec1\">\n.flex_column.av-1ykg71-fdc8ebe3d09e65a65f34670da50c8ec1{\nborder-radius:0px 0px 0px 0px;\npadding:30px 30px 30px 30px;\n}\n<\/style>\n<div  class='flex_column av-1ykg71-fdc8ebe3d09e65a65f34670da50c8ec1 av_one_full  avia-builder-el-15  el_after_av_one_half  avia-builder-el-last  first no_margin flex_column_table_cell av-equal-height-column av-align-top  column-top-margin'     ><p>\n<style type=\"text\/css\" data-created_by=\"avia_inline_auto\" id=\"style-css-av-28zrj2-44028342349ef155487ae899405e7b2f\">\n#top .av-special-heading.av-28zrj2-44028342349ef155487ae899405e7b2f{\npadding-bottom:10px;\n}\nbody .av-special-heading.av-28zrj2-44028342349ef155487ae899405e7b2f .av-special-heading-tag .heading-char{\nfont-size:25px;\n}\n.av-special-heading.av-28zrj2-44028342349ef155487ae899405e7b2f .av-subheading{\nfont-size:15px;\n}\n<\/style>\n<div  class='av-special-heading av-28zrj2-44028342349ef155487ae899405e7b2f av-special-heading-h3 blockquote modern-quote  avia-builder-el-16  el_before_av_textblock  avia-builder-el-first '><h3 class='av-special-heading-tag '  itemprop=\"headline\"  >Tilastot:<\/h3><div class=\"special-heading-border\"><div class=\"special-heading-inner-border\"><\/div><\/div><\/div><br \/>\n<section  class='av_textblock_section av-jpi8idqu-c2ad87d271ab80b4d038abdfcb9ca38c '   itemscope=\"itemscope\" itemtype=\"https:\/\/schema.org\/CreativeWork\" ><div class='avia_textblock pelaajakortti-data'  itemprop=\"text\" ><p><a href=\"https:\/\/finnhandball.torneopal.fi\/taso\/widget.php?widget=player&amp;playerid=49375&amp;stats=1\">https:\/\/finnhandball.torneopal.fi\/taso\/widget.php?widget=player&amp;playerid=49375&amp;stats=1<\/a><\/p>\n<\/div><\/section><br \/>\n<section  class='av_textblock_section av-jpi8idqu-497112eb07f7771a60e0b35e37668a76 '   itemscope=\"itemscope\" itemtype=\"https:\/\/schema.org\/CreativeWork\" ><div class='avia_textblock'  itemprop=\"text\" ><h5 style=\"text-align: right\"><a href=\"https:\/\/tulospalvelu.finnhandball.net\/taso\/pelaaja.php?pelaaja=61884\" target=\"blank\" rel=\"noopener\">Tarkemmat tilastot Tulospalvelussa &gt;<\/a><\/h5>\n<\/div><\/section><\/p><\/div><\/div><!--close column table wrapper. Autoclose: 1 --><\/p>\n","protected":false},"excerpt":{"rendered":"","protected":false},"author":6,"featured_media":9880,"parent":9121,"menu_order":18,"comment_status":"closed","ping_status":"closed","template":"","meta":{"_acf_changed":false,"jetpack_post_was_ever_published":false,"footnotes":""},"tags":[239],"class_list":["post-9879","page","type-page","status-publish","has-post-thumbnail","hentry","tag-pelaajat-2021-22"],"acf":[],"yoast_head":"<!-- This site is optimized with the Yoast SEO plugin v27.5 - https:\/\/yoast.com\/product\/yoast-seo-wordpress\/ -->\n<title>Anette Rakkolainen &#187; GrIFK K\u00e4sipallo Naiset<\/title>\n<meta name=\"robots\" content=\"index, follow, max-snippet:-1, max-image-preview:large, max-video-preview:-1\" \/>\n<link rel=\"canonical\" href=\"https:\/\/grifk-handball.com\/naiset\/joukkue-2021-22\/anette-rakkolainen\/\" \/>\n<meta property=\"og:locale\" content=\"fi_FI\" \/>\n<meta property=\"og:type\" content=\"article\" \/>\n<meta property=\"og:title\" content=\"Anette Rakkolainen &#187; GrIFK K\u00e4sipallo Naiset\" \/>\n<meta property=\"og:url\" content=\"https:\/\/grifk-handball.com\/naiset\/joukkue-2021-22\/anette-rakkolainen\/\" \/>\n<meta property=\"og:site_name\" content=\"GrIFK K\u00e4sipallo Naiset\" \/>\n<meta property=\"article:publisher\" content=\"https:\/\/www.facebook.com\/532444520237680\" \/>\n<meta property=\"article:modified_time\" content=\"2022-01-12T12:25:23+00:00\" \/>\n<meta property=\"og:image\" content=\"https:\/\/grifk-handball.com\/naiset\/wp-content\/uploads\/sites\/3\/2022\/01\/Anette-Rakkolainen-1.jpeg\" \/>\n\t<meta property=\"og:image:width\" content=\"1145\" \/>\n\t<meta property=\"og:image:height\" content=\"1600\" \/>\n\t<meta property=\"og:image:type\" content=\"image\/jpeg\" \/>\n<meta name=\"twitter:card\" content=\"summary_large_image\" \/>\n<meta name=\"twitter:label1\" content=\"Arvioitu lukuaika\" \/>\n\t<meta name=\"twitter:data1\" content=\"4 minuuttia\" \/>\n<script type=\"application\/ld+json\" class=\"yoast-schema-graph\">{\"@context\":\"https:\\\/\\\/schema.org\",\"@graph\":[{\"@type\":\"WebPage\",\"@id\":\"https:\\\/\\\/grifk-handball.com\\\/naiset\\\/joukkue-2021-22\\\/anette-rakkolainen\\\/\",\"url\":\"https:\\\/\\\/grifk-handball.com\\\/naiset\\\/joukkue-2021-22\\\/anette-rakkolainen\\\/\",\"name\":\"Anette Rakkolainen &#187; GrIFK K\u00e4sipallo Naiset\",\"isPartOf\":{\"@id\":\"https:\\\/\\\/grifk-handball.com\\\/naiset\\\/#website\"},\"primaryImageOfPage\":{\"@id\":\"https:\\\/\\\/grifk-handball.com\\\/naiset\\\/joukkue-2021-22\\\/anette-rakkolainen\\\/#primaryimage\"},\"image\":{\"@id\":\"https:\\\/\\\/grifk-handball.com\\\/naiset\\\/joukkue-2021-22\\\/anette-rakkolainen\\\/#primaryimage\"},\"thumbnailUrl\":\"https:\\\/\\\/grifk-handball.com\\\/naiset\\\/wp-content\\\/uploads\\\/sites\\\/3\\\/2022\\\/01\\\/Anette-Rakkolainen-1.jpeg\",\"datePublished\":\"2022-01-12T12:23:22+00:00\",\"dateModified\":\"2022-01-12T12:25:23+00:00\",\"breadcrumb\":{\"@id\":\"https:\\\/\\\/grifk-handball.com\\\/naiset\\\/joukkue-2021-22\\\/anette-rakkolainen\\\/#breadcrumb\"},\"inLanguage\":\"fi\",\"potentialAction\":[{\"@type\":\"ReadAction\",\"target\":[\"https:\\\/\\\/grifk-handball.com\\\/naiset\\\/joukkue-2021-22\\\/anette-rakkolainen\\\/\"]}]},{\"@type\":\"ImageObject\",\"inLanguage\":\"fi\",\"@id\":\"https:\\\/\\\/grifk-handball.com\\\/naiset\\\/joukkue-2021-22\\\/anette-rakkolainen\\\/#primaryimage\",\"url\":\"https:\\\/\\\/grifk-handball.com\\\/naiset\\\/wp-content\\\/uploads\\\/sites\\\/3\\\/2022\\\/01\\\/Anette-Rakkolainen-1.jpeg\",\"contentUrl\":\"https:\\\/\\\/grifk-handball.com\\\/naiset\\\/wp-content\\\/uploads\\\/sites\\\/3\\\/2022\\\/01\\\/Anette-Rakkolainen-1.jpeg\",\"width\":1145,\"height\":1600},{\"@type\":\"BreadcrumbList\",\"@id\":\"https:\\\/\\\/grifk-handball.com\\\/naiset\\\/joukkue-2021-22\\\/anette-rakkolainen\\\/#breadcrumb\",\"itemListElement\":[{\"@type\":\"ListItem\",\"position\":1,\"name\":\"Home\",\"item\":\"https:\\\/\\\/grifk-handball.com\\\/naiset\\\/etusivu-2\\\/\"},{\"@type\":\"ListItem\",\"position\":2,\"name\":\"Joukkue 2021-22\",\"item\":\"https:\\\/\\\/grifk-handball.com\\\/naiset\\\/joukkue-2021-22\\\/\"},{\"@type\":\"ListItem\",\"position\":3,\"name\":\"Anette Rakkolainen\"}]},{\"@type\":\"WebSite\",\"@id\":\"https:\\\/\\\/grifk-handball.com\\\/naiset\\\/#website\",\"url\":\"https:\\\/\\\/grifk-handball.com\\\/naiset\\\/\",\"name\":\"GrIFK K\u00e4sipallo Naiset\",\"description\":\"GrIFK K\u00e4sipallo Naiset\",\"potentialAction\":[{\"@type\":\"SearchAction\",\"target\":{\"@type\":\"EntryPoint\",\"urlTemplate\":\"https:\\\/\\\/grifk-handball.com\\\/naiset\\\/?s={search_term_string}\"},\"query-input\":{\"@type\":\"PropertyValueSpecification\",\"valueRequired\":true,\"valueName\":\"search_term_string\"}}],\"inLanguage\":\"fi\"}]}<\/script>\n<!-- \/ Yoast SEO plugin. -->","yoast_head_json":{"title":"Anette Rakkolainen &#187; GrIFK K\u00e4sipallo Naiset","robots":{"index":"index","follow":"follow","max-snippet":"max-snippet:-1","max-image-preview":"max-image-preview:large","max-video-preview":"max-video-preview:-1"},"canonical":"https:\/\/grifk-handball.com\/naiset\/joukkue-2021-22\/anette-rakkolainen\/","og_locale":"fi_FI","og_type":"article","og_title":"Anette Rakkolainen &#187; GrIFK K\u00e4sipallo Naiset","og_url":"https:\/\/grifk-handball.com\/naiset\/joukkue-2021-22\/anette-rakkolainen\/","og_site_name":"GrIFK K\u00e4sipallo Naiset","article_publisher":"https:\/\/www.facebook.com\/532444520237680","article_modified_time":"2022-01-12T12:25:23+00:00","og_image":[{"width":1145,"height":1600,"url":"https:\/\/grifk-handball.com\/naiset\/wp-content\/uploads\/sites\/3\/2022\/01\/Anette-Rakkolainen-1.jpeg","type":"image\/jpeg"}],"twitter_card":"summary_large_image","twitter_misc":{"Arvioitu lukuaika":"4 minuuttia"},"schema":{"@context":"https:\/\/schema.org","@graph":[{"@type":"WebPage","@id":"https:\/\/grifk-handball.com\/naiset\/joukkue-2021-22\/anette-rakkolainen\/","url":"https:\/\/grifk-handball.com\/naiset\/joukkue-2021-22\/anette-rakkolainen\/","name":"Anette Rakkolainen &#187; GrIFK K\u00e4sipallo Naiset","isPartOf":{"@id":"https:\/\/grifk-handball.com\/naiset\/#website"},"primaryImageOfPage":{"@id":"https:\/\/grifk-handball.com\/naiset\/joukkue-2021-22\/anette-rakkolainen\/#primaryimage"},"image":{"@id":"https:\/\/grifk-handball.com\/naiset\/joukkue-2021-22\/anette-rakkolainen\/#primaryimage"},"thumbnailUrl":"https:\/\/grifk-handball.com\/naiset\/wp-content\/uploads\/sites\/3\/2022\/01\/Anette-Rakkolainen-1.jpeg","datePublished":"2022-01-12T12:23:22+00:00","dateModified":"2022-01-12T12:25:23+00:00","breadcrumb":{"@id":"https:\/\/grifk-handball.com\/naiset\/joukkue-2021-22\/anette-rakkolainen\/#breadcrumb"},"inLanguage":"fi","potentialAction":[{"@type":"ReadAction","target":["https:\/\/grifk-handball.com\/naiset\/joukkue-2021-22\/anette-rakkolainen\/"]}]},{"@type":"ImageObject","inLanguage":"fi","@id":"https:\/\/grifk-handball.com\/naiset\/joukkue-2021-22\/anette-rakkolainen\/#primaryimage","url":"https:\/\/grifk-handball.com\/naiset\/wp-content\/uploads\/sites\/3\/2022\/01\/Anette-Rakkolainen-1.jpeg","contentUrl":"https:\/\/grifk-handball.com\/naiset\/wp-content\/uploads\/sites\/3\/2022\/01\/Anette-Rakkolainen-1.jpeg","width":1145,"height":1600},{"@type":"BreadcrumbList","@id":"https:\/\/grifk-handball.com\/naiset\/joukkue-2021-22\/anette-rakkolainen\/#breadcrumb","itemListElement":[{"@type":"ListItem","position":1,"name":"Home","item":"https:\/\/grifk-handball.com\/naiset\/etusivu-2\/"},{"@type":"ListItem","position":2,"name":"Joukkue 2021-22","item":"https:\/\/grifk-handball.com\/naiset\/joukkue-2021-22\/"},{"@type":"ListItem","position":3,"name":"Anette Rakkolainen"}]},{"@type":"WebSite","@id":"https:\/\/grifk-handball.com\/naiset\/#website","url":"https:\/\/grifk-handball.com\/naiset\/","name":"GrIFK K\u00e4sipallo Naiset","description":"GrIFK K\u00e4sipallo Naiset","potentialAction":[{"@type":"SearchAction","target":{"@type":"EntryPoint","urlTemplate":"https:\/\/grifk-handball.com\/naiset\/?s={search_term_string}"},"query-input":{"@type":"PropertyValueSpecification","valueRequired":true,"valueName":"search_term_string"}}],"inLanguage":"fi"}]}},"jetpack_sharing_enabled":true,"_links":{"self":[{"href":"https:\/\/grifk-handball.com\/naiset\/wp-json\/wp\/v2\/pages\/9879","targetHints":{"allow":["GET"]}}],"collection":[{"href":"https:\/\/grifk-handball.com\/naiset\/wp-json\/wp\/v2\/pages"}],"about":[{"href":"https:\/\/grifk-handball.com\/naiset\/wp-json\/wp\/v2\/types\/page"}],"author":[{"embeddable":true,"href":"https:\/\/grifk-handball.com\/naiset\/wp-json\/wp\/v2\/users\/6"}],"replies":[{"embeddable":true,"href":"https:\/\/grifk-handball.com\/naiset\/wp-json\/wp\/v2\/comments?post=9879"}],"version-history":[{"count":3,"href":"https:\/\/grifk-handball.com\/naiset\/wp-json\/wp\/v2\/pages\/9879\/revisions"}],"predecessor-version":[{"id":9882,"href":"https:\/\/grifk-handball.com\/naiset\/wp-json\/wp\/v2\/pages\/9879\/revisions\/9882"}],"up":[{"embeddable":true,"href":"https:\/\/grifk-handball.com\/naiset\/wp-json\/wp\/v2\/pages\/9121"}],"wp:featuredmedia":[{"embeddable":true,"href":"https:\/\/grifk-handball.com\/naiset\/wp-json\/wp\/v2\/media\/9880"}],"wp:attachment":[{"href":"https:\/\/grifk-handball.com\/naiset\/wp-json\/wp\/v2\/media?parent=9879"}],"wp:term":[{"taxonomy":"post_tag","embeddable":true,"href":"https:\/\/grifk-handball.com\/naiset\/wp-json\/wp\/v2\/tags?post=9879"}],"curies":[{"name":"wp","href":"https:\/\/api.w.org\/{rel}","templated":true}]}}